{"id":125789,"date":"2025-06-30T13:01:10","date_gmt":"2025-06-30T11:01:10","guid":{"rendered":"https:\/\/murena.com\/?page_id=125789"},"modified":"2025-06-30T13:01:11","modified_gmt":"2025-06-30T11:01:11","slug":"energie-label","status":"publish","type":"page","link":"https:\/\/murena.com\/de\/energie-label\/","title":{"rendered":"Energie-Label"},"content":{"rendered":"\n<h2 class=\"wp-block-heading\"><strong>Energielabel-Verordnung<\/strong><\/h2>\n\n<p>Gem\u00e4\u00df der europ\u00e4ischen Gesetzgebung, der <em>Richtlinie 2009\/125\/EG<\/em> und der <em>Verordnung (EU) 2017\/1369<\/em>, m\u00fcssen alle bevollm\u00e4chtigten Vertreter, Hersteller, Importeure, Vertreiber, Lieferanten oder H\u00e4ndler, die elektronische Waren auf dem europ\u00e4ischen Markt in Verkehr bringen, klare Energieetiketten und Produktinformationen f\u00fcr jedes Smartphone und Tablet bereitstellen.<\/p>\n\n<p>Diese Verordnung zielt darauf ab, die Umweltvertr\u00e4glichkeit von Produkten im Sinne einer gr\u00f6\u00dferen Energieeffizienz und Nachhaltigkeit zu verbessern. Sie erm\u00f6glicht es auch den Endkunden, sich ein klares Bild von den Energieauswirkungen eines Produkts zu machen, und gibt ihnen die M\u00f6glichkeit, auf einfache Weise energieeffizientere und langlebigere Ger\u00e4te zu vergleichen und auszuw\u00e4hlen. <\/p>\n\n<h2 class=\"wp-block-heading\"><strong>\u00d6kodesign und Energieetikettierung f\u00fcr \/e\/OS<\/strong><\/h2>\n\n<p>\/e\/OS bietet den Benutzern ein Betriebssystem, das ihnen hilft, ihre Privatsph\u00e4re zu sch\u00fctzen und ihnen die Kontrolle \u00fcber ihre Daten zu geben. \/e\/OS zielt auch darauf ab, eine umweltfreundliche L\u00f6sung anzubieten, die ihre \u00f6kologischen Auswirkungen begrenzt. \/e\/OS tut dies, indem es die Datenerfassung \u00fcber Personen einschr\u00e4nkt und so die mit der Datenspeicherung, -analyse und -\u00fcbertragung verbundene Energie reduziert, indem es mit nachhaltigen Hardwareherstellern wie Fairphone und Teracube zusammenarbeitet und indem es Smartphones und Tablets so lange wie m\u00f6glich unterst\u00fctzt. Mehr \u00fcber diese Ma\u00dfnahmen erfahren Sie auf <a href=\"https:\/\/murena.com\/de\/einfluss\/\">www.murena.com\/impact<\/a>.     <\/p>\n\n<p>Was den Energieverbrauch auf dem Ger\u00e4t angeht, so zeigen unsere Tests, dass \/e\/OS gr\u00f6\u00dftenteils mit Googles Android vergleichbar ist. Daher gelten die gleichen Energiekennzeichnungen, die von den Herstellern in Kombination mit Android bereitgestellt werden. Diese Energielabel und die Produktspezifikationen der Ger\u00e4te finden Sie unter den Links in der Tabelle unten.  <\/p>\n\n<div class=\"wp-block-columns is-layout-flex wp-container-core-columns-is-layout-28f84493 wp-block-columns-is-layout-flex\">\n<div class=\"wp-block-column is-layout-flow wp-block-column-is-layout-flow\" style=\"flex-basis:100%\">\n<figure class=\"wp-block-table\"><table class=\"has-fixed-layout\"><thead><tr><th><strong>Telefone<\/strong><\/th><th><strong>Produktspezifikation<\/strong><\/th><\/tr><\/thead><tbody><tr><td>Murena Teracube T2s<\/td><td>DEMN\u00c4CHST<\/td><\/tr><tr><td>Murena CMF Phone 1<\/td><td>DEMN\u00c4CHST<\/td><\/tr><tr><td>Murena Fairphone 4<\/td><td>DEMN\u00c4CHST<\/td><\/tr><tr><td>Murena Fairphone 5<\/td><td>DEMN\u00c4CHST<\/td><\/tr><tr><td>Murena Fairphone (Gen. 6)<\/td><td>DEMN\u00c4CHST<\/td><\/tr><tr><td>Murena Pixel 7<\/td><td>DEMN\u00c4CHST<\/td><\/tr><tr><td>Murena Pixel 8<\/td><td>DEMN\u00c4CHST<\/td><\/tr><tr><td>Murena Pixel Tablette<\/td><td>DEMN\u00c4CHST<\/td><\/tr><\/tbody><\/table><\/figure>\n<\/div>\n<\/div>\n\n<p><\/p>\n","protected":false},"excerpt":{"rendered":"<p>Energielabel-Verordnung Gem\u00e4\u00df der europ\u00e4ischen Gesetzgebung, der Richtlinie 2009\/125\/EG und der Verordnung (EU) 2017\/1369, m\u00fcssen alle&#8230;<\/p>\n","protected":false},"author":5167,"featured_media":0,"parent":0,"menu_order":0,"comment_status":"closed","ping_status":"closed","template":"","meta":{"_seopress_robots_primary_cat":"","_seopress_titles_title":"","_seopress_titles_desc":"","_seopress_robots_index":"","footnotes":""},"class_list":["post-125789","page","type-page","status-publish","hentry","wpbf-post"],"_links":{"self":[{"href":"https:\/\/murena.com\/de\/wp-json\/wp\/v2\/pages\/125789","targetHints":{"allow":["GET"]}}],"collection":[{"href":"https:\/\/murena.com\/de\/wp-json\/wp\/v2\/pages"}],"about":[{"href":"https:\/\/murena.com\/de\/wp-json\/wp\/v2\/types\/page"}],"author":[{"embeddable":true,"href":"https:\/\/murena.com\/de\/wp-json\/wp\/v2\/users\/5167"}],"replies":[{"embeddable":true,"href":"https:\/\/murena.com\/de\/wp-json\/wp\/v2\/comments?post=125789"}],"version-history":[{"count":0,"href":"https:\/\/murena.com\/de\/wp-json\/wp\/v2\/pages\/125789\/revisions"}],"wp:attachment":[{"href":"https:\/\/murena.com\/de\/wp-json\/wp\/v2\/media?parent=125789"}],"curies":[{"name":"wp","href":"https:\/\/api.w.org\/{rel}","templated":true}]}}