{"id":122313,"date":"2025-05-21T13:52:41","date_gmt":"2025-05-21T11:52:41","guid":{"rendered":"https:\/\/murena.com\/e-os-v3-live-starten\/"},"modified":"2025-05-23T04:41:28","modified_gmt":"2025-05-23T02:41:28","slug":"v3-event","status":"publish","type":"page","link":"https:\/\/murena.com\/de\/v3-event\/","title":{"rendered":"\/e\/OS V3 Live Produktlaunch"},"content":{"rendered":"\n<figure class=\"wp-block-image size-full is-style-default\"><img decoding=\"async\" src=\"https:\/\/murena.com\/wp-content\/uploads\/2025\/05\/BANNER_DE.png\" alt=\"\" class=\"wp-image-122108\"\/><\/figure>\n\n<h1 class=\"wp-block-heading\">\/e\/OS 3.0 Live Produktlaunch<\/h1>\n\n<p style=\"line-height:1.5\">Am Dienstag, 3. Juni 2025 von 16:00 bis 17:00 Uhr (MESZ)<br\/><br\/>Wo:<br\/><a href=\"http:\/\/www.youtube.com\/@murenacorp\" data-type=\"link\" data-id=\"www.youtube.com\/@murenacorp\">www.youtube.com\/@murenacorp<\/a><br\/><a href=\"https:\/\/peer.tube\/a\/efoundation\/video-channels\">https:\/\/peer.tube\/a\/efoundation\/video-channels <\/a><br\/><a href=\"https:\/\/t.me\/mydataismydata\">https:\/\/t.me\/mydataismydata<\/a> <\/p>\n\n<div class=\"wp-block-buttons is-layout-flex wp-block-buttons-is-layout-flex\">\n<div class=\"wp-block-button\" style=\"text-transform:uppercase\"><a class=\"wp-block-button__link wp-element-button\" href=\"https:\/\/murena.com\/wp-content\/uploads\/2025\/05\/e_OS-3.0-live-launch.ics\">Zum Kalender hinzuf\u00fcgen<\/a><\/div>\n<\/div>\n\n<div class=\"wp-block-group has-background is-layout-flow wp-block-group-is-layout-flow\" style=\"border-radius:15px;background-color:#f7f7f7;padding-top:var(--wp--preset--spacing--40);padding-right:var(--wp--preset--spacing--40);padding-bottom:var(--wp--preset--spacing--40);padding-left:var(--wp--preset--spacing--40)\">\n<h2 class=\"wp-block-heading has-text-align-left\" style=\"padding-top:0;padding-bottom:0\">\u00dcber Uns<\/h2>\n\n\n\n<p class=\"has-text-align-left\" style=\"line-height:1.5\">Wir freuen uns, Sie zum Live-Launch von \/e\/OS 3.0 einzuladen, dem n\u00e4chsten Schritt auf dem Weg zu einer ethischeren, offeneren und nutzerfreundlicheren digitalen Welt. Diese besondere Veranstaltung wird live gestreamt. Im Anschluss folgt eine Fragerunde &#8211; so haben Sie die M\u00f6glichkeit, direkt mit dem Team hinter \/e\/OS zu sprechen. <br\/><br\/>In der hypervernetzten Welt von heute wissen unsere Smartphones oft mehr \u00fcber uns als wir selbst. Jedes Tippen, Wischen, jeder Standort, jede Suche und jede Mikrofonaktivierung kann unbemerkt verfolgt und gespeichert &#8211; und dann von App-Herausgebern und Tech-Giganten verkauft werden. Mit der zunehmenden Digitalisierung unseres Lebens w\u00e4chst auch die Bedrohung f\u00fcr unsere Privatsph\u00e4re.  <br\/><br\/>Wir bei Murena glauben, dass es einen besseren Weg gibt. Deshalb haben wir \/e\/OS entwickelt: ein entgoogeltes mobiles Betriebssystem, das zudem unglaublich einfach zu bedienen ist &#8211; f\u00fcr alle. \/e\/OS hat keine auf den Nutzer ausgerichtete Werbung, keine Tracker und eine intuitive und benutzerfreundliche UI und UX. Entwickelt von einem internationalen Team und von Grund auf mit den Schwerpunkten Benutzerfreundlichkeit, Datenschutz und Open Source konzipiert, gibt Ihnen \/e\/OS die Kontrolle \u00fcber Ihr digitales Leben zur\u00fcck.   <br\/><br\/>Mit dem Murena Workspace gehen wir sogar noch weiter: Er bietet ein komplettes \u00d6kosystem mit Cloud, E-Mail, Kalender und mehr &#8211; alles unter Ber\u00fccksichtigung von Datenschutz und digitaler Freiheit sowie Nachhaltigkeit (er wird zu 100 % mit erneuerbarer Energie betrieben!).<br\/><br\/>Wir sind stolz darauf, am 3. Juni den neuesten Meilenstein auf dieser Reise zu pr\u00e4sentieren: \/e\/OS 3.0. Diese Version bietet neue Funktionen, ein reibungsloseres, leistungsf\u00e4higeres Erlebnis als je zuvor, mehr Kontrolle und eine noch bessere Privatsph\u00e4re und Sicherheit. <br\/><br\/><strong>Verpassen Sie nicht die Live-Pr\u00e4sentation am 3. Juni um 16:00 Uhr MESZ<br\/>Sehen Sie sich an, was es Neues in \/e\/OS 3.0 gibt, und h\u00f6ren Sie sich die Fragen und Antworten des Teams an.<br\/>Lassen Sie uns gemeinsam die Kontrolle \u00fcber unser digitales Leben zur\u00fcckgewinnen. <\/strong><\/p>\n\n\n\n<p style=\"line-height:1.5\">Die Veranstaltung wird auf unserem YouTube-Kanal <a href=\"http:\/\/www.youtube.com\/@murenacorp\" data-type=\"link\" data-id=\"www.youtube.com\/@murenacorp\">www.youtube.com\/@murenacorp<\/a> und PeerTube <a href=\"https:\/\/peer.tube\/a\/efoundation\/video-channels\">https:\/\/peer.tube\/a\/efoundation\/video-channels \u00fcbertragen ;<\/a> Sie k\u00f6nnen sie auch auf Telegram verfolgen.<br\/><br\/>Die Telegram-Gruppe f\u00fcr die Teilnahme am Live-Stream wird in diesem Kanal geteilt: <a href=\"https:\/\/t.me\/mydataismydata\">https:\/\/t.me\/mydataismydata<\/a><br\/>Die Aufzeichnung wird auf YouTube <a href=\"http:\/\/www.youtube.com\/@murenacorp\" data-type=\"link\" data-id=\"www.youtube.com\/@murenacorp\">www.youtube.com\/@murenacorp<\/a> und PeerTube <a href=\"https:\/\/peer.tube\/a\/efoundation\/video-channels\">https:\/\/peer.tube\/a\/efoundation\/video-channels<\/a> verf\u00fcgbar sein. <\/p>\n<\/div>\n","protected":false},"excerpt":{"rendered":"<p>\/e\/OS 3.0 Live Produktlaunch Am Dienstag, 3. Juni 2025 von 16:00 bis 17:00 Uhr (MESZ)&#8230;<\/p>\n","protected":false},"author":5167,"featured_media":122110,"parent":0,"menu_order":0,"comment_status":"closed","ping_status":"closed","template":"","meta":{"_seopress_robots_primary_cat":"","_seopress_titles_title":"","_seopress_titles_desc":"","_seopress_robots_index":"","footnotes":""},"class_list":["post-122313","page","type-page","status-publish","has-post-thumbnail","hentry","wpbf-post"],"_links":{"self":[{"href":"https:\/\/murena.com\/de\/wp-json\/wp\/v2\/pages\/122313","targetHints":{"allow":["GET"]}}],"collection":[{"href":"https:\/\/murena.com\/de\/wp-json\/wp\/v2\/pages"}],"about":[{"href":"https:\/\/murena.com\/de\/wp-json\/wp\/v2\/types\/page"}],"author":[{"embeddable":true,"href":"https:\/\/murena.com\/de\/wp-json\/wp\/v2\/users\/5167"}],"replies":[{"embeddable":true,"href":"https:\/\/murena.com\/de\/wp-json\/wp\/v2\/comments?post=122313"}],"version-history":[{"count":2,"href":"https:\/\/murena.com\/de\/wp-json\/wp\/v2\/pages\/122313\/revisions"}],"predecessor-version":[{"id":122356,"href":"https:\/\/murena.com\/de\/wp-json\/wp\/v2\/pages\/122313\/revisions\/122356"}],"wp:featuredmedia":[{"embeddable":true,"href":"https:\/\/murena.com\/de\/wp-json\/wp\/v2\/media\/122110"}],"wp:attachment":[{"href":"https:\/\/murena.com\/de\/wp-json\/wp\/v2\/media?parent=122313"}],"curies":[{"name":"wp","href":"https:\/\/api.w.org\/{rel}","templated":true}]}}