{"id":100748,"date":"2024-03-07T19:21:06","date_gmt":"2024-03-07T18:21:06","guid":{"rendered":"https:\/\/murena.com\/murena-partner\/"},"modified":"2025-05-13T15:00:56","modified_gmt":"2025-05-13T13:00:56","slug":"murena-partner","status":"publish","type":"page","link":"https:\/\/murena.com\/de\/murena-partner\/","title":{"rendered":"Murena Partner"},"content":{"rendered":"","protected":false},"excerpt":{"rendered":"","protected":false},"author":5167,"featured_media":0,"parent":0,"menu_order":0,"comment_status":"closed","ping_status":"closed","template":"affiliate-landing-page.php","meta":{"_seopress_robots_primary_cat":"","_seopress_titles_title":"Werden Sie Murena-Partner!","_seopress_titles_desc":"Unser Ziel ist es, den Menschen die Freiheit der Wahl zu erm\u00f6glichen. Werden Sie Partner und verdienen Sie Provisionen, indem Sie f\u00fcr Murena werben und Menschen helfen, die Kontrolle \u00fcber ihre Daten zur\u00fcckzugewinnen.","_seopress_robots_index":"","footnotes":""},"class_list":["post-100748","page","type-page","status-publish","hentry","wpbf-post"],"_links":{"self":[{"href":"https:\/\/murena.com\/de\/wp-json\/wp\/v2\/pages\/100748","targetHints":{"allow":["GET"]}}],"collection":[{"href":"https:\/\/murena.com\/de\/wp-json\/wp\/v2\/pages"}],"about":[{"href":"https:\/\/murena.com\/de\/wp-json\/wp\/v2\/types\/page"}],"author":[{"embeddable":true,"href":"https:\/\/murena.com\/de\/wp-json\/wp\/v2\/users\/5167"}],"replies":[{"embeddable":true,"href":"https:\/\/murena.com\/de\/wp-json\/wp\/v2\/comments?post=100748"}],"version-history":[{"count":1,"href":"https:\/\/murena.com\/de\/wp-json\/wp\/v2\/pages\/100748\/revisions"}],"predecessor-version":[{"id":121811,"href":"https:\/\/murena.com\/de\/wp-json\/wp\/v2\/pages\/100748\/revisions\/121811"}],"wp:attachment":[{"href":"https:\/\/murena.com\/de\/wp-json\/wp\/v2\/media?parent=100748"}],"curies":[{"name":"wp","href":"https:\/\/api.w.org\/{rel}","templated":true}]}}