{"id":76220,"date":"2023-05-19T10:15:36","date_gmt":"2023-05-19T10:15:36","guid":{"rendered":"https:\/\/murena.com\/america\/shop\/non%20class\u00e9\/adaptateur-usb-c-vers-mini-jack\/"},"modified":"2026-03-30T05:38:17","modified_gmt":"2026-03-30T09:38:17","slug":"adaptateur-usb-c-vers-mini-jack","status":"publish","type":"product","link":"https:\/\/murena.com\/america\/fr\/shop\/accessoires\/adaptateur-usb-c-vers-mini-jack\/","title":{"rendered":"Adaptateur USB-C vers Mini-jack"},"content":{"rendered":"","protected":false},"excerpt":{"rendered":"<p>Ce petit adaptateur est destin\u00e9 \u00e0 tous ceux qui veulent continuer \u00e0 utiliser leurs fid\u00e8les \u00e9couteurs filaires pour leur Murena Fairphone 4. C&rsquo;est aussi simple que \u00e7a en a l&rsquo;air, il suffit de connecter l&rsquo;adaptateur USB-C \u00e0 votre t\u00e9l\u00e9phone, de brancher votre prise casque de 3,5 mm et vous \u00eates pr\u00eat \u00e0 faire du rock.<\/p>\n<p>Bien que le Murena Fairphone 4 ne dispose pas d&rsquo;une prise casque classique de 3,5 mm, nous n&rsquo;avons pas oubli\u00e9 tous ceux d&rsquo;entre vous qui s&rsquo;accrochent \u00e0 leurs fid\u00e8les \u00e9couteurs filaires. Alors si vous n&rsquo;avez pas encore envie de vous procurer une paire d&rsquo;\u00e9couteurs sans fil, ce petit adaptateur vous couvre. Il suffit de le connecter au port USB-C, de brancher vos \u00e9couteurs et d&rsquo;appuyer sur play.<\/p>\n<p>Cet adaptateur comprend une puce DAC (Digital to Analog Converter chip) qui permet d&rsquo;\u00e9couter de l&rsquo;audio avec des \u00e9couteurs munis d&rsquo;un connecteur mini jack.<\/p>\n<p>Juste pour \u00eatre s\u00fbr : le Murena Fairphone 3(+) a une prise casque normale de 3,5 mm, donc pas besoin de cet adaptateur.<\/p>\n<p>\u00c9galement compatible avec le Murena One.<\/p>\n","protected":false},"featured_media":76177,"comment_status":"open","ping_status":"closed","template":"","meta":{"_seopress_robots_primary_cat":"none","_seopress_titles_title":"","_seopress_titles_desc":"","_seopress_robots_index":""},"product_brand":[],"product_cat":[40],"product_tag":[464],"class_list":{"0":"post-76220","1":"product","2":"type-product","3":"status-publish","4":"has-post-thumbnail","6":"product_cat-accessoires","7":"product_tag-accessoires-fr","8":"wpbf-post","11":"instock","12":"taxable","13":"shipping-taxable","14":"purchasable","15":"product-type-simple"},"bundled_by":[],"bundle_stock_status":"instock","bundle_stock_quantity":3,"bundle_virtual":false,"bundle_layout":"","bundle_add_to_cart_form_location":"","bundle_editable_in_cart":false,"bundle_sold_individually_context":"","bundle_item_grouping":"","bundle_min_size":"","bundle_max_size":"","bundle_price":[],"bundled_items":[],"bundle_sell_ids":[],"supplier_id":500111,"supplier_sku":"","barcode":null,"atum_controlled":true,"out_stock_date":null,"out_stock_threshold":null,"inheritable":false,"inbound_stock":20,"stock_on_hold":1,"sold_today":0,"sales_last_days":0,"reserved_stock":0,"customer_returns":0,"warehouse_damage":0,"lost_in_post":0,"other_logs":0,"out_stock_days":0,"lost_sales":0,"has_location":false,"update_date":"2026-04-22T00:35:46","atum_locations":[],"atum_stock_status":"instock","restock_status":false,"low_stock_amount":0,"sales_update_date":"2026-04-22T00:35:46","calc_backorders":null,"linked_bom":[],"sync_purchase_price":false,"bom_sellable":null,"minimum_threshold":null,"available_to_purchase":null,"selling_priority":null,"calculated_stock":null,"is_bom":false,"mi_inventories":[],"multi_inventory":"no","inventory_sorting_mode":"global","inventory_iteration":"global","expirable_inventories":"global","price_per_inventory":"global","show_write_off_inventories":"global","selectable_inventories":"global","selectable_inventories_mode":"global","_links":{"self":[{"href":"https:\/\/murena.com\/america\/fr\/wp-json\/wp\/v2\/product\/76220","targetHints":{"allow":["GET"]}}],"collection":[{"href":"https:\/\/murena.com\/america\/fr\/wp-json\/wp\/v2\/product"}],"about":[{"href":"https:\/\/murena.com\/america\/fr\/wp-json\/wp\/v2\/types\/product"}],"replies":[{"embeddable":true,"href":"https:\/\/murena.com\/america\/fr\/wp-json\/wp\/v2\/comments?post=76220"}],"wp:featuredmedia":[{"embeddable":true,"href":"https:\/\/murena.com\/america\/fr\/wp-json\/wp\/v2\/media\/76177"}],"wp:attachment":[{"href":"https:\/\/murena.com\/america\/fr\/wp-json\/wp\/v2\/media?parent=76220"}],"wp:term":[{"taxonomy":"product_brand","embeddable":true,"href":"https:\/\/murena.com\/america\/fr\/wp-json\/wp\/v2\/product_brand?post=76220"},{"taxonomy":"product_cat","embeddable":true,"href":"https:\/\/murena.com\/america\/fr\/wp-json\/wp\/v2\/product_cat?post=76220"},{"taxonomy":"product_tag","embeddable":true,"href":"https:\/\/murena.com\/america\/fr\/wp-json\/wp\/v2\/product_tag?post=76220"}],"curies":[{"name":"wp","href":"https:\/\/api.w.org\/{rel}","templated":true}]}}