{"id":76214,"date":"2023-05-19T10:25:28","date_gmt":"2023-05-19T14:25:28","guid":{"rendered":"https:\/\/murena.com\/america\/shop\/non%20class\u00e9\/fairphone-4-protecteur-decran-avec-filtre-de-confidentialite\/"},"modified":"2026-03-04T03:10:57","modified_gmt":"2026-03-04T08:10:57","slug":"fairphone-4-protecteur-decran-avec-filtre-de-confidentialite","status":"publish","type":"product","link":"https:\/\/murena.com\/america\/fr\/shop\/accessoires\/fairphone-4-protecteur-decran-avec-filtre-de-confidentialite\/","title":{"rendered":"Protection d&rsquo;\u00e9cran Fairphone 4 avec filtre de confidentialit\u00e9"},"content":{"rendered":"","protected":false},"excerpt":{"rendered":"<p>Cette protection d&rsquo;\u00e9cran est con\u00e7ue pour aider votre Murena Fairphone 4 \u00e0 durer le plus longtemps possible. Le verre tremp\u00e9 9H est tr\u00e8s durable, offrant une excellente r\u00e9sistance aux rayures et prot\u00e9geant m\u00eame contre les chutes de faible hauteur. Un rev\u00eatement de surface sp\u00e9cial r\u00e9duit les traces de doigts, et les bords incurv\u00e9s compl\u00e8tent le design discret.<\/p>\n<p>Notre protecteur d&rsquo;\u00e9cran confidentiel a une double fonction : maintenir votre \u00e9cran en parfait \u00e9tat et s&rsquo;assurer que personne ne puisse y jeter un coup d&rsquo;\u0153il. Un truc de super-espion.<\/p>\n<p>Fabriqu\u00e9 \u00e0 partir du mat\u00e9riau Accessory Glass by Corning\u00ae.<\/p>\n<p>Compatible avec Murena Fairphone 4 | <strong>Incompatible<\/strong> avec Murena Fairphone 3+, Fairphone 3<\/p>\n","protected":false},"featured_media":76191,"comment_status":"open","ping_status":"closed","template":"","meta":{"_seopress_robots_primary_cat":"none","_seopress_titles_title":"Protection d'\u00e9cran Fairphone 4 avec filtre de confidentialit\u00e9","_seopress_titles_desc":"Cette protection d'\u00e9cran est con\u00e7ue pour aider votre Murena Fairphone 4 \u00e0 durer le plus longtemps possible. Le verre tremp\u00e9 9H est tr\u00e8s durable, offrant une excellente r\u00e9sistance aux rayures et prot\u00e9geant m\u00eame contre les chutes de faible hauteur. Un rev\u00eatement de surface sp\u00e9cial r\u00e9duit les traces de doigts, et les bords incurv\u00e9s compl\u00e8tent le design discret.","_seopress_robots_index":""},"product_brand":[],"product_cat":[40],"product_tag":[464],"class_list":{"0":"post-76214","1":"product","2":"type-product","3":"status-publish","4":"has-post-thumbnail","6":"product_cat-accessoires","7":"product_tag-accessoires-fr","8":"wpbf-post","11":"outofstock","12":"taxable","13":"shipping-taxable","14":"purchasable","15":"product-type-simple"},"bundled_by":[],"bundle_stock_status":"outofstock","bundle_stock_quantity":0,"bundle_virtual":false,"bundle_layout":"","bundle_add_to_cart_form_location":"","bundle_editable_in_cart":false,"bundle_sold_individually_context":"","bundle_item_grouping":"","bundle_min_size":"","bundle_max_size":"","bundle_price":[],"bundled_items":[],"bundle_sell_ids":[],"supplier_id":500111,"supplier_sku":"","barcode":null,"atum_controlled":true,"out_stock_date":"2025-10-27 06:47:10","out_stock_threshold":null,"inheritable":false,"inbound_stock":0,"stock_on_hold":0,"sold_today":0,"sales_last_days":0,"reserved_stock":0,"customer_returns":0,"warehouse_damage":0,"lost_in_post":0,"other_logs":0,"out_stock_days":176,"lost_sales":0,"has_location":false,"update_date":"2026-04-22T00:35:26","atum_locations":[],"atum_stock_status":"outofstock","restock_status":false,"low_stock_amount":0,"sales_update_date":"2026-04-22T00:35:26","calc_backorders":null,"linked_bom":[],"sync_purchase_price":false,"bom_sellable":null,"minimum_threshold":null,"available_to_purchase":null,"selling_priority":null,"calculated_stock":null,"is_bom":false,"mi_inventories":[],"multi_inventory":"global","inventory_sorting_mode":"global","inventory_iteration":"global","expirable_inventories":"global","price_per_inventory":"global","show_write_off_inventories":"global","selectable_inventories":"global","selectable_inventories_mode":"global","_links":{"self":[{"href":"https:\/\/murena.com\/america\/fr\/wp-json\/wp\/v2\/product\/76214","targetHints":{"allow":["GET"]}}],"collection":[{"href":"https:\/\/murena.com\/america\/fr\/wp-json\/wp\/v2\/product"}],"about":[{"href":"https:\/\/murena.com\/america\/fr\/wp-json\/wp\/v2\/types\/product"}],"replies":[{"embeddable":true,"href":"https:\/\/murena.com\/america\/fr\/wp-json\/wp\/v2\/comments?post=76214"}],"wp:featuredmedia":[{"embeddable":true,"href":"https:\/\/murena.com\/america\/fr\/wp-json\/wp\/v2\/media\/76191"}],"wp:attachment":[{"href":"https:\/\/murena.com\/america\/fr\/wp-json\/wp\/v2\/media?parent=76214"}],"wp:term":[{"taxonomy":"product_brand","embeddable":true,"href":"https:\/\/murena.com\/america\/fr\/wp-json\/wp\/v2\/product_brand?post=76214"},{"taxonomy":"product_cat","embeddable":true,"href":"https:\/\/murena.com\/america\/fr\/wp-json\/wp\/v2\/product_cat?post=76214"},{"taxonomy":"product_tag","embeddable":true,"href":"https:\/\/murena.com\/america\/fr\/wp-json\/wp\/v2\/product_tag?post=76214"}],"curies":[{"name":"wp","href":"https:\/\/api.w.org\/{rel}","templated":true}]}}