{"id":511755,"date":"2025-10-01T06:29:05","date_gmt":"2025-10-01T10:29:05","guid":{"rendered":"https:\/\/murena.com\/america\/shop\/non class\u00e9\/cable-de-recharge-usb-a-longue-duree-de-vie\/"},"modified":"2025-10-01T06:29:05","modified_gmt":"2025-10-01T10:29:05","slug":"cable-de-recharge-usb-a-longue-duree-de-vie","status":"publish","type":"product","link":"https:\/\/murena.com\/america\/fr\/shop\/autres\/cable-de-recharge-usb-a-longue-duree-de-vie\/","title":{"rendered":"C\u00e2ble de charge USB-C \u00e0 longue dur\u00e9e de vie"},"content":{"rendered":"","protected":false},"excerpt":{"rendered":"<p>Des performances auxquelles vous faites confiance, des valeurs que vous respectez.<\/p>\n","protected":false},"featured_media":509716,"comment_status":"open","ping_status":"closed","template":"","meta":{"_seopress_robots_primary_cat":"none","_seopress_titles_title":"C\u00e2ble de charge USB-C \u00e0 longue dur\u00e9e de vie - Murena - deGoogled Phones","_seopress_titles_desc":"Solides \u00e0 l'ext\u00e9rieur, \u00e9thiques \u00e0 l'int\u00e9rieur. Des produits durables, fabriqu\u00e9s de mani\u00e8re responsable, qui prot\u00e8gent la plan\u00e8te et sont performants sans compromis. ","_seopress_robots_index":""},"product_brand":[],"product_cat":[34],"product_tag":[],"class_list":{"0":"post-511755","1":"product","2":"type-product","3":"status-publish","4":"has-post-thumbnail","6":"product_cat-autres","7":"pa_code-hs-8544429090-fr","8":"pa_origin-country-chine","9":"wpbf-post","12":"instock","13":"taxable","14":"shipping-taxable","15":"purchasable","16":"product-type-variable"},"bundled_by":[],"bundle_stock_status":"instock","bundle_stock_quantity":null,"bundle_virtual":false,"bundle_layout":"","bundle_add_to_cart_form_location":"","bundle_editable_in_cart":false,"bundle_sold_individually_context":"","bundle_item_grouping":"","bundle_min_size":"","bundle_max_size":"","bundle_price":[],"bundled_items":[],"bundle_sell_ids":[],"supplier_id":null,"supplier_sku":"","barcode":null,"atum_controlled":true,"out_stock_date":null,"out_stock_threshold":null,"inheritable":true,"inbound_stock":0,"stock_on_hold":0,"sold_today":0,"sales_last_days":0,"reserved_stock":0,"customer_returns":0,"warehouse_damage":0,"lost_in_post":0,"other_logs":0,"out_stock_days":0,"lost_sales":0,"has_location":false,"update_date":"2026-04-22T00:35:35","atum_locations":[],"atum_stock_status":"instock","restock_status":false,"low_stock_amount":"","sales_update_date":"2026-04-22T00:35:34","calc_backorders":null,"linked_bom":[],"sync_purchase_price":false,"bom_sellable":null,"minimum_threshold":null,"available_to_purchase":null,"selling_priority":null,"calculated_stock":null,"is_bom":false,"mi_inventories":[],"multi_inventory":"no","inventory_sorting_mode":"global","inventory_iteration":"global","expirable_inventories":"global","price_per_inventory":"global","show_write_off_inventories":"global","selectable_inventories":"global","selectable_inventories_mode":"global","_links":{"self":[{"href":"https:\/\/murena.com\/america\/fr\/wp-json\/wp\/v2\/product\/511755","targetHints":{"allow":["GET"]}}],"collection":[{"href":"https:\/\/murena.com\/america\/fr\/wp-json\/wp\/v2\/product"}],"about":[{"href":"https:\/\/murena.com\/america\/fr\/wp-json\/wp\/v2\/types\/product"}],"replies":[{"embeddable":true,"href":"https:\/\/murena.com\/america\/fr\/wp-json\/wp\/v2\/comments?post=511755"}],"wp:featuredmedia":[{"embeddable":true,"href":"https:\/\/murena.com\/america\/fr\/wp-json\/wp\/v2\/media\/509716"}],"wp:attachment":[{"href":"https:\/\/murena.com\/america\/fr\/wp-json\/wp\/v2\/media?parent=511755"}],"wp:term":[{"taxonomy":"product_brand","embeddable":true,"href":"https:\/\/murena.com\/america\/fr\/wp-json\/wp\/v2\/product_brand?post=511755"},{"taxonomy":"product_cat","embeddable":true,"href":"https:\/\/murena.com\/america\/fr\/wp-json\/wp\/v2\/product_cat?post=511755"},{"taxonomy":"product_tag","embeddable":true,"href":"https:\/\/murena.com\/america\/fr\/wp-json\/wp\/v2\/product_tag?post=511755"}],"curies":[{"name":"wp","href":"https:\/\/api.w.org\/{rel}","templated":true}]}}