{"id":509580,"date":"2025-08-15T03:41:28","date_gmt":"2025-08-15T07:41:28","guid":{"rendered":"https:\/\/murena.com\/america\/?post_type=product&#038;p=509580"},"modified":"2026-04-08T03:43:26","modified_gmt":"2026-04-08T07:43:26","slug":"murena-volla-tablet","status":"publish","type":"product","link":"https:\/\/murena.com\/america\/fr\/shop\/smartphones\/neuf\/murena-volla-tablet\/","title":{"rendered":"Murena Volla Tablette"},"content":{"rendered":"","protected":false},"excerpt":{"rendered":"<p><strong>Nouvelle Tablette Murena Volla<\/strong> !<\/p>\n<p>La <strong>tablette Murena Volla<\/strong> fonctionnant avec le syst\u00e8me d&rsquo;exploitation \/e\/OS offre une <strong>exp\u00e9rience Android ax\u00e9e sur la protection de la vie priv\u00e9e<\/strong>. Profitez d&rsquo;une exp\u00e9rience plus s\u00fbre, sans collecte de vos informations personnelles. <a href=\"https:\/\/murena.com\/america\/fr\/shop\/smartphones\/neuf\/murena-volla-tablet\/#android-without-google\">En savoir plus<\/a><\/p>\n<p>Dot\u00e9e d&rsquo;un processeur Mediatek Helio 99 et d&rsquo;un stockage interne de 512 Go, cette tablette allie performance, stockage et <strong>s\u00e9curit\u00e9<\/strong>. Profitez-en avec <strong>Murena Workspace<\/strong> pour stocker vos photos et documents en toute s\u00e9curit\u00e9.<\/p>\n<p>La <strong>tablette Murena Volla<\/strong> est fabriqu\u00e9e en Europe, ce qui en fait un choix \u00e9thique et \u00e9quitable. Profitez de son \u00e9cran de 12,6 pouces et de sa batterie de 10000 mAh. <a href=\"https:\/\/murena.com\/america\/fr\/shop\/smartphones\/neuf\/murena-volla-tablet\/#tech-spec\">En savoir plus <\/a><\/p>\n<p>La <strong>tablette Murena Volla<\/strong> est l&rsquo;option id\u00e9ale pour tous ceux qui recherchent des performances \u00e9lev\u00e9es sans sacrifier les valeurs \u00e9thiques. Aliment\u00e9e par \/e\/OS, elle offre une exp\u00e9rience fluide avec de solides protections en mati\u00e8re de s\u00e9curit\u00e9 et de confidentialit\u00e9. Vous pouvez ainsi profiter d&rsquo;une technologie de pointe tout en gardant un contr\u00f4le total sur vos donn\u00e9es personnelles.<\/p>\n<p>Note : le montant ci-dessous inclut toutes les taxes et les droits de douane pour votre pays.<br \/>\n<strong>!<\/strong> Pour les <strong>pays en dehors de l&rsquo;Europe<\/strong>, cette tablette ne fonctionnera que comme <strong>tablette WIFI !<\/strong><\/p>\n","protected":false},"featured_media":508198,"comment_status":"open","ping_status":"closed","template":"","meta":{"_seopress_robots_primary_cat":"none","_seopress_titles_title":"Tablette Murena Volla avec syst\u00e8me \/e\/OS ax\u00e9 sur la protection de la vie priv\u00e9e","_seopress_titles_desc":"La tablette Murena Volla fonctionnant avec le syst\u00e8me d'exploitation \/e\/OS offre une exp\u00e9rience ax\u00e9e sur la protection de la vie priv\u00e9e. Profitez d'une exp\u00e9rience s\u00e9curis\u00e9e sans collecte de donn\u00e9es.","_seopress_robots_index":""},"product_brand":[],"product_cat":[37],"product_tag":[424,762,431,71,760,761],"class_list":{"0":"post-509580","1":"product","2":"type-product","3":"status-publish","4":"has-post-thumbnail","6":"product_cat-neuf","7":"product_tag-128-go","8":"product_tag-512-go","9":"product_tag-garantie-2-ans","10":"product_tag-neuf","11":"product_tag-tablette","12":"product_tag-tablette-126-pouces","13":"pa_code-hs-84713090-fr","14":"pa_colour-noir","15":"pa_origin-country-chine","16":"wpbf-post","19":"instock","20":"taxable","21":"shipping-taxable","22":"purchasable","23":"product-type-simple"},"bundled_by":[],"bundle_stock_status":"instock","bundle_stock_quantity":16,"bundle_virtual":false,"bundle_layout":"","bundle_add_to_cart_form_location":"","bundle_editable_in_cart":false,"bundle_sold_individually_context":"","bundle_item_grouping":"","bundle_min_size":"","bundle_max_size":"","bundle_price":[],"bundled_items":[],"bundle_sell_ids":[],"supplier_id":500111,"supplier_sku":"813456786509","barcode":null,"atum_controlled":true,"out_stock_date":null,"out_stock_threshold":null,"inheritable":false,"inbound_stock":0,"stock_on_hold":0,"sold_today":0,"sales_last_days":2,"reserved_stock":0,"customer_returns":0,"warehouse_damage":0,"lost_in_post":0,"other_logs":0,"out_stock_days":0,"lost_sales":0,"has_location":false,"update_date":"2026-04-22T00:35:38","atum_locations":[],"atum_stock_status":"instock","restock_status":false,"low_stock_amount":"","sales_update_date":"2026-04-22T00:35:37","calc_backorders":null,"linked_bom":[],"sync_purchase_price":false,"bom_sellable":null,"minimum_threshold":null,"available_to_purchase":null,"selling_priority":null,"calculated_stock":null,"is_bom":false,"mi_inventories":[],"multi_inventory":"no","inventory_sorting_mode":"global","inventory_iteration":"global","expirable_inventories":"global","price_per_inventory":"global","show_write_off_inventories":"global","selectable_inventories":"global","selectable_inventories_mode":"global","_links":{"self":[{"href":"https:\/\/murena.com\/america\/fr\/wp-json\/wp\/v2\/product\/509580","targetHints":{"allow":["GET"]}}],"collection":[{"href":"https:\/\/murena.com\/america\/fr\/wp-json\/wp\/v2\/product"}],"about":[{"href":"https:\/\/murena.com\/america\/fr\/wp-json\/wp\/v2\/types\/product"}],"replies":[{"embeddable":true,"href":"https:\/\/murena.com\/america\/fr\/wp-json\/wp\/v2\/comments?post=509580"}],"wp:featuredmedia":[{"embeddable":true,"href":"https:\/\/murena.com\/america\/fr\/wp-json\/wp\/v2\/media\/508198"}],"wp:attachment":[{"href":"https:\/\/murena.com\/america\/fr\/wp-json\/wp\/v2\/media?parent=509580"}],"wp:term":[{"taxonomy":"product_brand","embeddable":true,"href":"https:\/\/murena.com\/america\/fr\/wp-json\/wp\/v2\/product_brand?post=509580"},{"taxonomy":"product_cat","embeddable":true,"href":"https:\/\/murena.com\/america\/fr\/wp-json\/wp\/v2\/product_cat?post=509580"},{"taxonomy":"product_tag","embeddable":true,"href":"https:\/\/murena.com\/america\/fr\/wp-json\/wp\/v2\/product_tag?post=509580"}],"curies":[{"name":"wp","href":"https:\/\/api.w.org\/{rel}","templated":true}]}}