{"id":508923,"date":"2025-08-22T05:49:59","date_gmt":"2025-08-22T09:49:59","guid":{"rendered":"https:\/\/murena.com\/america\/shop\/non%20class\u00e9\/appareil-photo-principal-du-fairphone-gen-6\/"},"modified":"2026-02-23T01:36:11","modified_gmt":"2026-02-23T06:36:11","slug":"fairphone-gen-6-main-camera","status":"publish","type":"product","link":"https:\/\/murena.com\/america\/fr\/shop\/pieces-detachees\/fairphone-gen-6-main-camera\/","title":{"rendered":"Appareil photo principal du Fairphone (Gen. 6)"},"content":{"rendered":"","protected":false},"excerpt":{"rendered":"<p>Capturez des d\u00e9tails pr\u00e9cis et des s\u00e9quences fluides et stables gr\u00e2ce \u00e0 l&rsquo;appareil photo principal de 50 Mpixels, con\u00e7u pour enregistrer en 4K et g\u00e9rer les mouvements avec facilit\u00e9.<\/p>\n","protected":false},"featured_media":508617,"comment_status":"open","ping_status":"closed","template":"","meta":{"_seopress_robots_primary_cat":"none","_seopress_titles_title":"Fairphone (Gen. 6) Cam\u00e9ra principale - Murena - deGoogled Phone","_seopress_titles_desc":"L'appareil photo principal de 50 m\u00e9gapixels est dot\u00e9 d'une optique avanc\u00e9e qui permet d'obtenir des d\u00e9tails d'une grande pr\u00e9cision. Enregistrez des vid\u00e9os 4K impeccables avec un suivi des mouvements fluide et une stabilit\u00e9 cristalline.","_seopress_robots_index":""},"product_brand":[],"product_cat":[654],"product_tag":[723],"class_list":{"0":"post-508923","1":"product","2":"type-product","3":"status-publish","4":"has-post-thumbnail","6":"product_cat-pieces-detachees","7":"product_tag-pieces-detachees","8":"wpbf-post","11":"instock","12":"taxable","13":"shipping-taxable","14":"purchasable","15":"product-type-simple"},"bundled_by":[],"bundle_stock_status":"instock","bundle_stock_quantity":4,"bundle_virtual":false,"bundle_layout":"","bundle_add_to_cart_form_location":"","bundle_editable_in_cart":false,"bundle_sold_individually_context":"","bundle_item_grouping":"","bundle_min_size":"","bundle_max_size":"","bundle_price":[],"bundled_items":[],"bundle_sell_ids":[],"supplier_id":500111,"supplier_sku":"FP6 Main Camera v1","barcode":null,"atum_controlled":true,"out_stock_date":null,"out_stock_threshold":null,"inheritable":false,"inbound_stock":0,"stock_on_hold":0,"sold_today":0,"sales_last_days":0,"reserved_stock":0,"customer_returns":0,"warehouse_damage":0,"lost_in_post":0,"other_logs":0,"out_stock_days":0,"lost_sales":0,"has_location":false,"update_date":"2026-04-22T00:35:28","atum_locations":[],"atum_stock_status":"instock","restock_status":false,"low_stock_amount":"","sales_update_date":"2026-04-22T00:35:27","calc_backorders":null,"linked_bom":[],"sync_purchase_price":false,"bom_sellable":null,"minimum_threshold":null,"available_to_purchase":null,"selling_priority":null,"calculated_stock":null,"is_bom":false,"mi_inventories":[],"multi_inventory":"global","inventory_sorting_mode":"global","inventory_iteration":"global","expirable_inventories":"global","price_per_inventory":"global","show_write_off_inventories":"global","selectable_inventories":"global","selectable_inventories_mode":"global","_links":{"self":[{"href":"https:\/\/murena.com\/america\/fr\/wp-json\/wp\/v2\/product\/508923","targetHints":{"allow":["GET"]}}],"collection":[{"href":"https:\/\/murena.com\/america\/fr\/wp-json\/wp\/v2\/product"}],"about":[{"href":"https:\/\/murena.com\/america\/fr\/wp-json\/wp\/v2\/types\/product"}],"replies":[{"embeddable":true,"href":"https:\/\/murena.com\/america\/fr\/wp-json\/wp\/v2\/comments?post=508923"}],"wp:featuredmedia":[{"embeddable":true,"href":"https:\/\/murena.com\/america\/fr\/wp-json\/wp\/v2\/media\/508617"}],"wp:attachment":[{"href":"https:\/\/murena.com\/america\/fr\/wp-json\/wp\/v2\/media?parent=508923"}],"wp:term":[{"taxonomy":"product_brand","embeddable":true,"href":"https:\/\/murena.com\/america\/fr\/wp-json\/wp\/v2\/product_brand?post=508923"},{"taxonomy":"product_cat","embeddable":true,"href":"https:\/\/murena.com\/america\/fr\/wp-json\/wp\/v2\/product_cat?post=508923"},{"taxonomy":"product_tag","embeddable":true,"href":"https:\/\/murena.com\/america\/fr\/wp-json\/wp\/v2\/product_tag?post=508923"}],"curies":[{"name":"wp","href":"https:\/\/api.w.org\/{rel}","templated":true}]}}