{"id":508921,"date":"2025-08-22T05:36:07","date_gmt":"2025-08-22T09:36:07","guid":{"rendered":"https:\/\/murena.com\/america\/?post_type=product&#038;p=508921"},"modified":"2026-02-23T01:37:44","modified_gmt":"2026-02-23T06:37:44","slug":"fairphone-gen-6-top-unit","status":"publish","type":"product","link":"https:\/\/murena.com\/america\/fr\/shop\/pieces-detachees\/fairphone-gen-6-top-unit\/","title":{"rendered":"Fairphone (Gen. 6) Unit\u00e9 sup\u00e9rieure"},"content":{"rendered":"","protected":false},"excerpt":{"rendered":"<p>Vous y trouverez le flash int\u00e9gr\u00e9 de votre appareil photo ainsi que le capteur qui aide \u00e0 mesurer la profondeur et la distance pour des photos plus nettes et plus pr\u00e9cises.<\/p>\n","protected":false},"featured_media":508608,"comment_status":"open","ping_status":"closed","template":"","meta":{"_seopress_robots_primary_cat":"none","_seopress_titles_title":"Fairphone (Gen. 6) Top Unit - Murena - deGoogled Phones","_seopress_titles_desc":"Un flash int\u00e9gr\u00e9 s'associe \u00e0 un capteur de profondeur avanc\u00e9 pour prendre des photos plus lumineuses en basse lumi\u00e8re, affiner la mise au point et ajouter de la pr\u00e9cision \u00e0 chaque image que vous prenez.","_seopress_robots_index":""},"product_brand":[],"product_cat":[654],"product_tag":[723],"class_list":{"0":"post-508921","1":"product","2":"type-product","3":"status-publish","4":"has-post-thumbnail","6":"product_cat-pieces-detachees","7":"product_tag-pieces-detachees","8":"pa_origin-country-chine","9":"wpbf-post","12":"instock","13":"taxable","14":"shipping-taxable","15":"purchasable","16":"product-type-simple"},"bundled_by":[],"bundle_stock_status":"instock","bundle_stock_quantity":5,"bundle_virtual":false,"bundle_layout":"","bundle_add_to_cart_form_location":"","bundle_editable_in_cart":false,"bundle_sold_individually_context":"","bundle_item_grouping":"","bundle_min_size":"","bundle_max_size":"","bundle_price":[],"bundled_items":[],"bundle_sell_ids":[],"supplier_id":500111,"supplier_sku":"FP6 Top Unit v1","barcode":null,"atum_controlled":true,"out_stock_date":null,"out_stock_threshold":null,"inheritable":false,"inbound_stock":0,"stock_on_hold":0,"sold_today":0,"sales_last_days":0,"reserved_stock":0,"customer_returns":0,"warehouse_damage":0,"lost_in_post":0,"other_logs":0,"out_stock_days":0,"lost_sales":0,"has_location":false,"update_date":"2026-04-22T00:35:29","atum_locations":[],"atum_stock_status":"instock","restock_status":false,"low_stock_amount":"","sales_update_date":"2026-04-22T00:35:29","calc_backorders":null,"linked_bom":[],"sync_purchase_price":false,"bom_sellable":null,"minimum_threshold":null,"available_to_purchase":null,"selling_priority":null,"calculated_stock":null,"is_bom":false,"mi_inventories":[],"multi_inventory":"global","inventory_sorting_mode":"global","inventory_iteration":"global","expirable_inventories":"global","price_per_inventory":"global","show_write_off_inventories":"global","selectable_inventories":"global","selectable_inventories_mode":"global","_links":{"self":[{"href":"https:\/\/murena.com\/america\/fr\/wp-json\/wp\/v2\/product\/508921","targetHints":{"allow":["GET"]}}],"collection":[{"href":"https:\/\/murena.com\/america\/fr\/wp-json\/wp\/v2\/product"}],"about":[{"href":"https:\/\/murena.com\/america\/fr\/wp-json\/wp\/v2\/types\/product"}],"replies":[{"embeddable":true,"href":"https:\/\/murena.com\/america\/fr\/wp-json\/wp\/v2\/comments?post=508921"}],"wp:featuredmedia":[{"embeddable":true,"href":"https:\/\/murena.com\/america\/fr\/wp-json\/wp\/v2\/media\/508608"}],"wp:attachment":[{"href":"https:\/\/murena.com\/america\/fr\/wp-json\/wp\/v2\/media?parent=508921"}],"wp:term":[{"taxonomy":"product_brand","embeddable":true,"href":"https:\/\/murena.com\/america\/fr\/wp-json\/wp\/v2\/product_brand?post=508921"},{"taxonomy":"product_cat","embeddable":true,"href":"https:\/\/murena.com\/america\/fr\/wp-json\/wp\/v2\/product_cat?post=508921"},{"taxonomy":"product_tag","embeddable":true,"href":"https:\/\/murena.com\/america\/fr\/wp-json\/wp\/v2\/product_tag?post=508921"}],"curies":[{"name":"wp","href":"https:\/\/api.w.org\/{rel}","templated":true}]}}