{"id":508869,"date":"2025-08-21T05:52:24","date_gmt":"2025-08-21T09:52:24","guid":{"rendered":"https:\/\/murena.com\/america\/?post_type=product&#038;p=508869"},"modified":"2026-01-02T08:50:24","modified_gmt":"2026-01-02T13:50:24","slug":"fairbuds-xl-ear-cushion","status":"publish","type":"product","link":"https:\/\/murena.com\/america\/fr\/shop\/pieces-detachees\/fairbuds-xl-ear-cushion\/","title":{"rendered":"Coussinets Fairbuds XL"},"content":{"rendered":"","protected":false},"excerpt":{"rendered":"<p>Remplacez le coussin d&rsquo;oreille par un nouveau coussin pour que votre casque reste frais et agr\u00e9able \u00e0 l&rsquo;oreille, quelle que soit la dur\u00e9e d&rsquo;\u00e9coute.<\/p>\n","protected":false},"featured_media":508455,"comment_status":"open","ping_status":"closed","template":"","meta":{"_seopress_robots_primary_cat":"none","_seopress_titles_title":"Coussinets Fairbuds XL - Murena - deGoogled Phones","_seopress_titles_desc":"Rafra\u00eechissez vos \u00e9couteurs en changeant simplement de coussin. Profitez d'un confort durable, d'un son clair et d'un ajustement naturel pour chaque liste de lecture et chaque appel. ","_seopress_robots_index":""},"product_brand":[],"product_cat":[654],"product_tag":[723],"class_list":{"0":"post-508869","1":"product","2":"type-product","3":"status-publish","4":"has-post-thumbnail","6":"product_cat-pieces-detachees","7":"product_tag-pieces-detachees","8":"pa_code-hs-39269099-fr","9":"pa_colour-noir","10":"pa_colour-vert","11":"pa_origin-country-chine","12":"wpbf-post","15":"instock","16":"taxable","17":"shipping-taxable","18":"purchasable","19":"product-type-variable"},"bundled_by":[],"bundle_stock_status":"instock","bundle_stock_quantity":null,"bundle_virtual":false,"bundle_layout":"","bundle_add_to_cart_form_location":"","bundle_editable_in_cart":false,"bundle_sold_individually_context":"","bundle_item_grouping":"","bundle_min_size":"","bundle_max_size":"","bundle_price":[],"bundled_items":[],"bundle_sell_ids":[],"supplier_id":null,"supplier_sku":"","barcode":null,"atum_controlled":true,"out_stock_date":null,"out_stock_threshold":null,"inheritable":true,"inbound_stock":0,"stock_on_hold":0,"sold_today":0,"sales_last_days":0,"reserved_stock":0,"customer_returns":0,"warehouse_damage":0,"lost_in_post":0,"other_logs":0,"out_stock_days":0,"lost_sales":0,"has_location":false,"update_date":"2026-04-22T00:35:33","atum_locations":[],"atum_stock_status":"instock","restock_status":false,"low_stock_amount":"","sales_update_date":"2026-04-22T00:35:33","calc_backorders":null,"linked_bom":[],"sync_purchase_price":false,"bom_sellable":null,"minimum_threshold":null,"available_to_purchase":null,"selling_priority":null,"calculated_stock":null,"is_bom":false,"mi_inventories":[],"multi_inventory":"no","inventory_sorting_mode":"global","inventory_iteration":"global","expirable_inventories":"global","price_per_inventory":"global","show_write_off_inventories":"global","selectable_inventories":"global","selectable_inventories_mode":"global","_links":{"self":[{"href":"https:\/\/murena.com\/america\/fr\/wp-json\/wp\/v2\/product\/508869","targetHints":{"allow":["GET"]}}],"collection":[{"href":"https:\/\/murena.com\/america\/fr\/wp-json\/wp\/v2\/product"}],"about":[{"href":"https:\/\/murena.com\/america\/fr\/wp-json\/wp\/v2\/types\/product"}],"replies":[{"embeddable":true,"href":"https:\/\/murena.com\/america\/fr\/wp-json\/wp\/v2\/comments?post=508869"}],"wp:featuredmedia":[{"embeddable":true,"href":"https:\/\/murena.com\/america\/fr\/wp-json\/wp\/v2\/media\/508455"}],"wp:attachment":[{"href":"https:\/\/murena.com\/america\/fr\/wp-json\/wp\/v2\/media?parent=508869"}],"wp:term":[{"taxonomy":"product_brand","embeddable":true,"href":"https:\/\/murena.com\/america\/fr\/wp-json\/wp\/v2\/product_brand?post=508869"},{"taxonomy":"product_cat","embeddable":true,"href":"https:\/\/murena.com\/america\/fr\/wp-json\/wp\/v2\/product_cat?post=508869"},{"taxonomy":"product_tag","embeddable":true,"href":"https:\/\/murena.com\/america\/fr\/wp-json\/wp\/v2\/product_tag?post=508869"}],"curies":[{"name":"wp","href":"https:\/\/api.w.org\/{rel}","templated":true}]}}