{"id":508840,"date":"2025-08-20T11:07:29","date_gmt":"2025-08-20T15:07:29","guid":{"rendered":"https:\/\/murena.com\/america\/?post_type=product&#038;p=508840"},"modified":"2026-01-02T08:50:24","modified_gmt":"2026-01-02T13:50:24","slug":"fairbuds-ecouteurs-droits-remplacement","status":"publish","type":"product","link":"https:\/\/murena.com\/america\/fr\/shop\/pieces-detachees\/fairbuds-ecouteurs-droits-remplacement\/","title":{"rendered":"Fairbuds Earbuds Right Replacement"},"content":{"rendered":"","protected":false},"excerpt":{"rendered":"<p>Vous avez \u00e9gar\u00e9 un \u00e9couteur ? Restaurez votre st\u00e9r\u00e9o avec une oreillette Fairbud authentique, facile \u00e0 associer \u00e0 votre \u00e9tui actuel, fabriqu\u00e9e pour correspondre \u00e0 l&rsquo;ajustement et au son d&rsquo;origine. Il n&rsquo;est pas n\u00e9cessaire de remplacer l&rsquo;ensemble.  <\/p>\n","protected":false},"featured_media":508384,"comment_status":"open","ping_status":"closed","template":"","meta":{"_seopress_robots_primary_cat":"none","_seopress_titles_title":"Remplacement des \u00e9couteurs droits Fairbuds - Murena - deGoogled","_seopress_titles_desc":"Vous avez perdu un \u00e9couteur ? Procurez-vous une oreillette Fairbud originale. Il s'associe sans effort \u00e0 votre \u00e9tui et conserve la m\u00eame forme et le m\u00eame son, sans qu'il soit n\u00e9cessaire d'acheter une nouvelle paire.  ","_seopress_robots_index":""},"product_brand":[],"product_cat":[654],"product_tag":[723],"class_list":{"0":"post-508840","1":"product","2":"type-product","3":"status-publish","4":"has-post-thumbnail","6":"product_cat-pieces-detachees","7":"product_tag-pieces-detachees","8":"pa_code-hs-8518300090-fr","9":"pa_colour-blanc","10":"pa_colour-noir","11":"pa_origin-country-chine","12":"wpbf-post","15":"instock","16":"taxable","17":"shipping-taxable","18":"purchasable","19":"product-type-variable"},"bundled_by":[],"bundle_stock_status":"instock","bundle_stock_quantity":null,"bundle_virtual":false,"bundle_layout":"","bundle_add_to_cart_form_location":"","bundle_editable_in_cart":false,"bundle_sold_individually_context":"","bundle_item_grouping":"","bundle_min_size":"","bundle_max_size":"","bundle_price":[],"bundled_items":[],"bundle_sell_ids":[],"supplier_id":null,"supplier_sku":"","barcode":null,"atum_controlled":true,"out_stock_date":null,"out_stock_threshold":null,"inheritable":true,"inbound_stock":0,"stock_on_hold":0,"sold_today":0,"sales_last_days":0,"reserved_stock":0,"customer_returns":0,"warehouse_damage":0,"lost_in_post":0,"other_logs":0,"out_stock_days":0,"lost_sales":0,"has_location":false,"update_date":"2026-04-22T00:35:19","atum_locations":[],"atum_stock_status":"instock","restock_status":false,"low_stock_amount":"","sales_update_date":"2026-04-22T00:35:19","calc_backorders":null,"linked_bom":[],"sync_purchase_price":false,"bom_sellable":null,"minimum_threshold":null,"available_to_purchase":null,"selling_priority":null,"calculated_stock":null,"is_bom":false,"mi_inventories":[],"multi_inventory":"no","inventory_sorting_mode":"global","inventory_iteration":"global","expirable_inventories":"global","price_per_inventory":"global","show_write_off_inventories":"global","selectable_inventories":"global","selectable_inventories_mode":"global","_links":{"self":[{"href":"https:\/\/murena.com\/america\/fr\/wp-json\/wp\/v2\/product\/508840","targetHints":{"allow":["GET"]}}],"collection":[{"href":"https:\/\/murena.com\/america\/fr\/wp-json\/wp\/v2\/product"}],"about":[{"href":"https:\/\/murena.com\/america\/fr\/wp-json\/wp\/v2\/types\/product"}],"replies":[{"embeddable":true,"href":"https:\/\/murena.com\/america\/fr\/wp-json\/wp\/v2\/comments?post=508840"}],"wp:featuredmedia":[{"embeddable":true,"href":"https:\/\/murena.com\/america\/fr\/wp-json\/wp\/v2\/media\/508384"}],"wp:attachment":[{"href":"https:\/\/murena.com\/america\/fr\/wp-json\/wp\/v2\/media?parent=508840"}],"wp:term":[{"taxonomy":"product_brand","embeddable":true,"href":"https:\/\/murena.com\/america\/fr\/wp-json\/wp\/v2\/product_brand?post=508840"},{"taxonomy":"product_cat","embeddable":true,"href":"https:\/\/murena.com\/america\/fr\/wp-json\/wp\/v2\/product_cat?post=508840"},{"taxonomy":"product_tag","embeddable":true,"href":"https:\/\/murena.com\/america\/fr\/wp-json\/wp\/v2\/product_tag?post=508840"}],"curies":[{"name":"wp","href":"https:\/\/api.w.org\/{rel}","templated":true}]}}