{"id":507323,"date":"2025-06-24T10:50:03","date_gmt":"2025-06-24T14:50:03","guid":{"rendered":"https:\/\/murena.com\/america\/?post_type=product&#038;p=507323"},"modified":"2026-03-02T07:06:21","modified_gmt":"2026-03-02T12:06:21","slug":"fairphone-6-protective-case","status":"publish","type":"product","link":"https:\/\/murena.com\/america\/fr\/shop\/accessoires\/fairphone-6-protective-case\/","title":{"rendered":"Etui de protection pour Fairphone (Gen. 6)"},"content":{"rendered":"","protected":false},"excerpt":{"rendered":"<p>Prot\u00e9gez votre Murena Fairphone (Gen. 6) l\u00e0 o\u00f9 il en a le plus besoin !<\/p>\n<p>Cet \u00e9tui de protection prot\u00e8ge votre t\u00e9l\u00e9phone contre les chutes tout en vous donnant la possibilit\u00e9 d&rsquo;ajouter d&rsquo;autres accessoires \u00e0 votre t\u00e9l\u00e9phone, tels qu&rsquo;un porte-carte, une boucle pour le doigt ou une lani\u00e8re.<\/p>\n<p>Cet \u00e9tui design est con\u00e7u pour aider votre Murena Fairphone (Gen. 6) \u00e0 durer encore plus longtemps. Son design efficace prot\u00e8ge les parties les plus sensibles de votre t\u00e9l\u00e9phone comme les c\u00f4t\u00e9s, les coins, l&rsquo;avant ou l&rsquo;appareil photo.<\/p>\n<p><strong>Compatible<\/strong> avec Murena Fairphone (Gen. 6) | <strong>Incompatible<\/strong> avec Murena Fairphone 5 et Murena Fairphone 4.<\/p>\n","protected":false},"featured_media":76184,"comment_status":"open","ping_status":"closed","template":"","meta":{"_seopress_robots_primary_cat":"none","_seopress_titles_title":"Etui de protection pour Fairphone (Gen. 6)","_seopress_titles_desc":"Prot\u00e9gez votre Murena Fairphone (Gen. 6) l\u00e0 o\u00f9 il en a le plus besoin !\r\nCet \u00e9tui de protection prot\u00e8ge votre t\u00e9l\u00e9phone contre les chutes tout en vous donnant la possibilit\u00e9 d'ajouter d'autres accessoires \u00e0 votre t\u00e9l\u00e9phone, tels qu'un porte-carte, une boucle pour le doigt ou une lani\u00e8re.","_seopress_robots_index":""},"product_brand":[],"product_cat":[40],"product_tag":[464],"class_list":{"0":"post-507323","1":"product","2":"type-product","3":"status-publish","4":"has-post-thumbnail","6":"product_cat-accessoires","7":"product_tag-accessoires-fr","8":"pa_colour-blanc","9":"pa_colour-noir","10":"pa_colour-vert-foret","11":"wpbf-post","14":"instock","15":"taxable","16":"shipping-taxable","17":"purchasable","18":"product-type-variable"},"bundled_by":[],"bundle_stock_status":"instock","bundle_stock_quantity":null,"bundle_virtual":false,"bundle_layout":"","bundle_add_to_cart_form_location":"","bundle_editable_in_cart":false,"bundle_sold_individually_context":"","bundle_item_grouping":"","bundle_min_size":"","bundle_max_size":"","bundle_price":[],"bundled_items":[],"bundle_sell_ids":[],"supplier_id":null,"supplier_sku":"","barcode":null,"atum_controlled":true,"out_stock_date":null,"out_stock_threshold":null,"inheritable":true,"inbound_stock":0,"stock_on_hold":4,"sold_today":0,"sales_last_days":23,"reserved_stock":0,"customer_returns":0,"warehouse_damage":0,"lost_in_post":0,"other_logs":0,"out_stock_days":0,"lost_sales":0,"has_location":false,"update_date":"2026-04-22T02:08:43","atum_locations":[],"atum_stock_status":"instock","restock_status":false,"low_stock_amount":"","sales_update_date":"2026-04-22T00:35:51","calc_backorders":null,"linked_bom":[],"sync_purchase_price":false,"bom_sellable":null,"minimum_threshold":null,"available_to_purchase":null,"selling_priority":null,"calculated_stock":null,"is_bom":false,"mi_inventories":[],"multi_inventory":"no","inventory_sorting_mode":"global","inventory_iteration":"global","expirable_inventories":"global","price_per_inventory":"global","show_write_off_inventories":"global","selectable_inventories":"global","selectable_inventories_mode":"global","_links":{"self":[{"href":"https:\/\/murena.com\/america\/fr\/wp-json\/wp\/v2\/product\/507323","targetHints":{"allow":["GET"]}}],"collection":[{"href":"https:\/\/murena.com\/america\/fr\/wp-json\/wp\/v2\/product"}],"about":[{"href":"https:\/\/murena.com\/america\/fr\/wp-json\/wp\/v2\/types\/product"}],"replies":[{"embeddable":true,"href":"https:\/\/murena.com\/america\/fr\/wp-json\/wp\/v2\/comments?post=507323"}],"wp:featuredmedia":[{"embeddable":true,"href":"https:\/\/murena.com\/america\/fr\/wp-json\/wp\/v2\/media\/76184"}],"wp:attachment":[{"href":"https:\/\/murena.com\/america\/fr\/wp-json\/wp\/v2\/media?parent=507323"}],"wp:term":[{"taxonomy":"product_brand","embeddable":true,"href":"https:\/\/murena.com\/america\/fr\/wp-json\/wp\/v2\/product_brand?post=507323"},{"taxonomy":"product_cat","embeddable":true,"href":"https:\/\/murena.com\/america\/fr\/wp-json\/wp\/v2\/product_cat?post=507323"},{"taxonomy":"product_tag","embeddable":true,"href":"https:\/\/murena.com\/america\/fr\/wp-json\/wp\/v2\/product_tag?post=507323"}],"curies":[{"name":"wp","href":"https:\/\/api.w.org\/{rel}","templated":true}]}}