{"id":507311,"date":"2025-06-24T05:43:42","date_gmt":"2025-06-24T09:43:42","guid":{"rendered":"https:\/\/murena.com\/america\/?post_type=product&#038;p=507311"},"modified":"2026-03-16T05:29:36","modified_gmt":"2026-03-16T09:29:36","slug":"fairphone-6-screen-protector-standard","status":"publish","type":"product","link":"https:\/\/murena.com\/america\/fr\/shop\/accessoires\/fairphone-6-screen-protector-standard\/","title":{"rendered":"Protecteur d&rsquo;\u00e9cran standard pour Fairphone (Gen. 6)"},"content":{"rendered":"","protected":false},"excerpt":{"rendered":"<p>Prot\u00e9gez votre Murena Fairphone (Gen. 6) des accidents de la vie courante !<\/p>\n<p>Cette protection d \u00ab \u00e9cran standard est con\u00e7ue pour prot\u00e9ger l \u00bb \u00e9cran de votre t\u00e9l\u00e9phone contre les rayures, les \u00e9raflures et les chutes mineures. Fabriqu\u00e9e en verre tremp\u00e9 durable, elle constitue une barri\u00e8re solide contre les cl\u00e9s, les pi\u00e8ces de monnaie et autres objets pointus, ce qui permet \u00e0 votre \u00e9cran de rester impeccable plus longtemps.<\/p>\n<p>Facile \u00e0 installer et con\u00e7u pour s&rsquo;adapter parfaitement \u00e0 votre Fairphone Murena (Gen. 6). Son profil fin garantit qu&rsquo;il n&rsquo;interf\u00e8re pas avec la sensibilit\u00e9 tactile ou l&rsquo;utilisation quotidienne, tandis que les bords lisses offrent une sensation confortable dans votre main.<\/p>\n<p><strong>Compatible<\/strong> uniquement avec Murena Fairphone (Gen. 6) | <strong>Incompatible<\/strong> avec Murena Fairphone 5 et Fairphone 4.<\/p>\n","protected":false},"featured_media":76191,"comment_status":"open","ping_status":"closed","template":"","meta":{"_seopress_robots_primary_cat":"none","_seopress_titles_title":"Protecteur d'\u00e9cran standard pour Fairphone (Gen. 6)","_seopress_titles_desc":"Prot\u00e9gez votre Murena Fairphone (Gen. 6) des accidents de la vie courante !\r\nCette protection d \u00ab \u00e9cran standard est con\u00e7ue pour prot\u00e9ger l \u00bb \u00e9cran de votre t\u00e9l\u00e9phone contre les rayures, les \u00e9raflures et les chutes mineures.","_seopress_robots_index":""},"product_brand":[],"product_cat":[40],"product_tag":[464],"class_list":{"0":"post-507311","1":"product","2":"type-product","3":"status-publish","4":"has-post-thumbnail","6":"product_cat-accessoires","7":"product_tag-accessoires-fr","8":"wpbf-post","11":"instock","12":"taxable","13":"shipping-taxable","14":"purchasable","15":"product-type-simple"},"bundled_by":[],"bundle_stock_status":"instock","bundle_stock_quantity":9,"bundle_virtual":false,"bundle_layout":"","bundle_add_to_cart_form_location":"","bundle_editable_in_cart":false,"bundle_sold_individually_context":"","bundle_item_grouping":"","bundle_min_size":"","bundle_max_size":"","bundle_price":[],"bundled_items":[],"bundle_sell_ids":[],"supplier_id":500111,"supplier_sku":"","barcode":null,"atum_controlled":true,"out_stock_date":null,"out_stock_threshold":null,"inheritable":false,"inbound_stock":0,"stock_on_hold":2,"sold_today":2,"sales_last_days":30,"reserved_stock":0,"customer_returns":0,"warehouse_damage":0,"lost_in_post":0,"other_logs":0,"out_stock_days":0,"lost_sales":0,"has_location":false,"update_date":"2026-04-22T08:04:06","atum_locations":[],"atum_stock_status":"instock","restock_status":true,"low_stock_amount":0,"sales_update_date":"2026-04-22T08:04:06","calc_backorders":null,"linked_bom":[],"sync_purchase_price":false,"bom_sellable":null,"minimum_threshold":null,"available_to_purchase":null,"selling_priority":null,"calculated_stock":null,"is_bom":false,"mi_inventories":[],"multi_inventory":"no","inventory_sorting_mode":"global","inventory_iteration":"global","expirable_inventories":"global","price_per_inventory":"global","show_write_off_inventories":"global","selectable_inventories":"global","selectable_inventories_mode":"global","_links":{"self":[{"href":"https:\/\/murena.com\/america\/fr\/wp-json\/wp\/v2\/product\/507311","targetHints":{"allow":["GET"]}}],"collection":[{"href":"https:\/\/murena.com\/america\/fr\/wp-json\/wp\/v2\/product"}],"about":[{"href":"https:\/\/murena.com\/america\/fr\/wp-json\/wp\/v2\/types\/product"}],"replies":[{"embeddable":true,"href":"https:\/\/murena.com\/america\/fr\/wp-json\/wp\/v2\/comments?post=507311"}],"wp:featuredmedia":[{"embeddable":true,"href":"https:\/\/murena.com\/america\/fr\/wp-json\/wp\/v2\/media\/76191"}],"wp:attachment":[{"href":"https:\/\/murena.com\/america\/fr\/wp-json\/wp\/v2\/media?parent=507311"}],"wp:term":[{"taxonomy":"product_brand","embeddable":true,"href":"https:\/\/murena.com\/america\/fr\/wp-json\/wp\/v2\/product_brand?post=507311"},{"taxonomy":"product_cat","embeddable":true,"href":"https:\/\/murena.com\/america\/fr\/wp-json\/wp\/v2\/product_cat?post=507311"},{"taxonomy":"product_tag","embeddable":true,"href":"https:\/\/murena.com\/america\/fr\/wp-json\/wp\/v2\/product_tag?post=507311"}],"curies":[{"name":"wp","href":"https:\/\/api.w.org\/{rel}","templated":true}]}}