{"id":507259,"date":"2025-06-20T06:19:48","date_gmt":"2025-06-20T10:19:48","guid":{"rendered":"https:\/\/murena.com\/america\/?post_type=product&#038;p=507259"},"modified":"2026-04-20T01:32:26","modified_gmt":"2026-04-20T05:32:26","slug":"murena-fairphone-6","status":"publish","type":"product","link":"https:\/\/murena.com\/america\/fr\/shop\/smartphones\/neuf\/murena-fairphone-6\/","title":{"rendered":"Murena Fairphone (Gen. 6)"},"content":{"rendered":"","protected":false},"excerpt":{"rendered":"<p>Fairphone Murena (Gen. 6) neuf deGoogled<strong> avec syst\u00e8me d&rsquo;exploitation \/e\/OS<\/strong>!<\/p>\n<p>Le Murena Fairphone (Gen. 6) est l&rsquo;option parfaite pour allier vie priv\u00e9e et d\u00e9veloppement durable ! Aliment\u00e9 par le syst\u00e8me d&rsquo;exploitation \/e\/OS, votre Murena Fairphone (Gen. 6) vous prot\u00e8ge, vous et vos donn\u00e9es, \u00e0 tout moment, tout en prot\u00e9geant la plan\u00e8te. <\/p>\n<p>Prenez le contr\u00f4le et prot\u00e9gez vos donn\u00e9es personnelles tout en utilisant un t\u00e9l\u00e9phone \u00e9l\u00e9gant et rapide qui est \u00e9galement durable. <a href=\"https:\/\/murena.com\/america\/fr\/shop\/smartphones\/neuf\/murena-fairphone-6\/#android-without-google\">Pour en savoir plus.<\/a><\/p>\n<p>Fabriqu\u00e9 \u00e0 partir de 50% de mat\u00e9riaux \u00e9quitables et recycl\u00e9s, dans des conditions \u00e9quitables et avec l&rsquo;une des plus faibles empreintes carbone du march\u00e9 !<\/p>\n<p>Conservez votre Fairphone Murena (Gen. 6) le plus longtemps possible, gr\u00e2ce \u00e0 sa conception modulaire et r\u00e9parable, vous pouvez facilement le r\u00e9parer vous-m\u00eame !<\/p>\n<p>\u00c9quip\u00e9 d&rsquo;une batterie amovible de 4415 mAh, votre t\u00e9l\u00e9phone peut vous accompagner toute la journ\u00e9e, o\u00f9 que vous alliez. Prenez de superbes photos gr\u00e2ce \u00e0 l&rsquo;appareil photo Sony Lytia 700C de 50 m\u00e9gapixels. Le Fairphone (gen.6) est \u00e9quip\u00e9 d&rsquo;un <strong>interrupteur<\/strong> qui vous permet d&rsquo;ex\u00e9cuter rapidement une fonction. Vous pouvez choisir parmi une s\u00e9rie de fonctions pratiques, telles que l&rsquo;<strong>activation\/d\u00e9sactivation de votre appareil photo<\/strong> et de votre <strong>microphone pour plus de confidentialit\u00e9<\/strong>, le passage \u00e0 la fonction <strong>Ne pas d\u00e9ranger<\/strong> et l&rsquo;<strong>activation de la lampe de poche<\/strong>. <a href=\"https:\/\/murena.com\/america\/fr\/shop\/smartphones\/neuf\/murena-fairphone-6\/#tech-spec\">Pour en savoir plus.<\/a><\/p>\n<p>Si vous voulez un t\u00e9l\u00e9phone qui prot\u00e8ge votre vie priv\u00e9e et qui peut durer longtemps, le Murena Fairphone (Gen. 6) est le choix id\u00e9al pour vous !<\/p>\n<p dir=\"auto\" data-sourcepos=\"9:1-9:29\"><strong>Con\u00e7u pour vous de mani\u00e8re \u00e9quitable. . <\/strong><\/p>\n<p>\/!\\NCe t\u00e9l\u00e9phone <span style=\"text-decoration: underline\">n&rsquo;est pas livr\u00e9 avec le syst\u00e8me Google Android,<\/span> il <span style=\"text-decoration: underline\">n&rsquo;a pas d&rsquo;applications ou de services Google pr\u00e9install\u00e9s<\/span>. <a href=\"https:\/\/murena.com\/smartphones\/\"><span style=\"text-decoration: underline\">En savoir plus sur le syst\u00e8me \/e\/OS.<\/span><\/a><\/p>\n<p><strong>**Nous recommandons d&rsquo;utiliser ce t\u00e9l\u00e9phone uniquement sur T-Mobile et ses MNVO. Ce t\u00e9l\u00e9phone n&rsquo;est pas compatible avec le r\u00e9seau Verizon. <\/strong><\/p>\n","protected":false},"featured_media":513670,"comment_status":"open","ping_status":"closed","template":"","meta":{"_seopress_robots_primary_cat":"none","_seopress_titles_title":"Murena Fairphone (Gen. 6)","_seopress_titles_desc":"Le \u00ab Murena Fairphone 4 \u00bb est le premier t\u00e9l\u00e9phone 5G durable et respectueux de la vie priv\u00e9e.","_seopress_robots_index":""},"product_brand":[],"product_cat":[38,37],"product_tag":[494,74,658,72,73,496,71],"class_list":{"0":"post-507259","1":"product","2":"type-product","3":"status-publish","4":"has-post-thumbnail","6":"product_cat-smartphones","7":"product_cat-neuf","8":"product_tag-5g-fr","9":"product_tag-batterie-amovible","10":"product_tag-compatible-avec-t-mobile-et-ses-mvno","11":"product_tag-deverrouille-par-loperateur","12":"product_tag-double-sim","13":"product_tag-extended-warranty-fr","14":"product_tag-neuf","15":"pa_colour-blanc","16":"pa_colour-noir","17":"pa_colour-vert-foret","18":"wpbf-post","21":"instock","22":"sale","23":"taxable","24":"shipping-taxable","25":"purchasable","26":"product-type-variable","27":"has-default-attributes"},"bundled_by":[],"bundle_stock_status":"instock","bundle_stock_quantity":null,"bundle_virtual":false,"bundle_layout":"","bundle_add_to_cart_form_location":"","bundle_editable_in_cart":false,"bundle_sold_individually_context":"","bundle_item_grouping":"","bundle_min_size":"","bundle_max_size":"","bundle_price":[],"bundled_items":[],"bundle_sell_ids":[],"supplier_id":null,"supplier_sku":"","barcode":null,"atum_controlled":true,"out_stock_date":null,"out_stock_threshold":null,"inheritable":true,"inbound_stock":240,"stock_on_hold":13,"sold_today":4,"sales_last_days":121,"reserved_stock":0,"customer_returns":0,"warehouse_damage":0,"lost_in_post":0,"other_logs":0,"out_stock_days":0,"lost_sales":0,"has_location":false,"update_date":"2026-04-22T10:43:58","atum_locations":[],"atum_stock_status":"instock","restock_status":false,"low_stock_amount":"","sales_update_date":"2026-04-22T00:35:51","calc_backorders":null,"linked_bom":[],"sync_purchase_price":false,"bom_sellable":null,"minimum_threshold":null,"available_to_purchase":null,"selling_priority":null,"calculated_stock":null,"is_bom":false,"mi_inventories":[],"multi_inventory":"no","inventory_sorting_mode":"global","inventory_iteration":"global","expirable_inventories":"global","price_per_inventory":"global","show_write_off_inventories":"global","selectable_inventories":"global","selectable_inventories_mode":"global","_links":{"self":[{"href":"https:\/\/murena.com\/america\/fr\/wp-json\/wp\/v2\/product\/507259","targetHints":{"allow":["GET"]}}],"collection":[{"href":"https:\/\/murena.com\/america\/fr\/wp-json\/wp\/v2\/product"}],"about":[{"href":"https:\/\/murena.com\/america\/fr\/wp-json\/wp\/v2\/types\/product"}],"replies":[{"embeddable":true,"href":"https:\/\/murena.com\/america\/fr\/wp-json\/wp\/v2\/comments?post=507259"}],"wp:featuredmedia":[{"embeddable":true,"href":"https:\/\/murena.com\/america\/fr\/wp-json\/wp\/v2\/media\/513670"}],"wp:attachment":[{"href":"https:\/\/murena.com\/america\/fr\/wp-json\/wp\/v2\/media?parent=507259"}],"wp:term":[{"taxonomy":"product_brand","embeddable":true,"href":"https:\/\/murena.com\/america\/fr\/wp-json\/wp\/v2\/product_brand?post=507259"},{"taxonomy":"product_cat","embeddable":true,"href":"https:\/\/murena.com\/america\/fr\/wp-json\/wp\/v2\/product_cat?post=507259"},{"taxonomy":"product_tag","embeddable":true,"href":"https:\/\/murena.com\/america\/fr\/wp-json\/wp\/v2\/product_tag?post=507259"}],"curies":[{"name":"wp","href":"https:\/\/api.w.org\/{rel}","templated":true}]}}