{"id":506724,"date":"2025-05-02T14:00:23","date_gmt":"2025-05-02T18:00:23","guid":{"rendered":"https:\/\/murena.com\/america\/?post_type=product&#038;p=506724"},"modified":"2026-03-25T09:41:34","modified_gmt":"2026-03-25T13:41:34","slug":"murena-teracube-2s","status":"publish","type":"product","link":"https:\/\/murena.com\/america\/fr\/shop\/smartphones\/neuf\/murena-teracube-2s\/","title":{"rendered":"Murena Teracube 2s"},"content":{"rendered":"","protected":false},"excerpt":{"rendered":"<div class=\"elementor-element elementor-element-7e14f113 elementor-widget elementor-widget-jet-single-excerpt\" data-id=\"7e14f113\" data-element_type=\"widget\" data-widget_type=\"jet-single-excerpt.default\">\n<div class=\"elementor-widget-container\">\n<div class=\"elementor-jet-single-excerpt jet-woo-builder\">\n<div class=\"woocommerce-product-details__short-description\">\n<p>Le Murena Teracube 2s est une excellente combinaison pour une meilleure durabilit\u00e9, gr\u00e2ce \u00e0 sa conception modulaire, sa batterie rempla\u00e7able et son \/e\/OS d\u00e9googl\u00e9. <a href=\"https:\/\/murena.com\/america\/fr\/shop\/smartphones\/neuf\/murena-teracube-2s\/#android-without-google\">En savoir plus<\/a><\/p>\n<p>Il est dot\u00e9 d&rsquo;une batterie rempla\u00e7able de 4000mAh, peut \u00eatre r\u00e9par\u00e9 par les bricoleurs, est fabriqu\u00e9 \u00e0 partir de mat\u00e9riaux recycl\u00e9s et est livr\u00e9 avec un \u00e9tui solide et biod\u00e9gradable. <a href=\"https:\/\/murena.com\/america\/fr\/shop\/smartphones\/neuf\/murena-teracube-2s\/#tech-spec\">En savoir plus<\/a><\/p>\n<p>Il est assorti d&rsquo;une garantie de quatre ans et d&rsquo;un forfait pour les r\u00e9parations accidentelles, car nous savons que des choses arrivent.<\/p>\n<p>Toujours aussi l\u00e9ger et d\u00e9sormais \u00e9quip\u00e9 d&rsquo;un processeur plus puissant, le nouveau Murena Teracube 2s est un excellent choix pour d\u00e9googliser votre vie !<\/p>\n<p><strong>**Bien que ces t\u00e9l\u00e9phones soient techniquement compatibles avec AT&amp;T, nous ne recommandons plus AT&amp;T et les op\u00e9rateurs qui en d\u00e9pendent. Veuillez passer \u00e0 un op\u00e9rateur compatible bas\u00e9 sur TMobile <\/strong><\/p>\n<\/div>\n<\/div>\n<\/div>\n<\/div>\n","protected":false},"featured_media":511327,"comment_status":"open","ping_status":"closed","template":"","meta":{"_seopress_robots_primary_cat":"none","_seopress_titles_title":"Murena Teracube 2s","_seopress_titles_desc":"Le Murena Teracube 2s est une combinaison fantastique vers une meilleure durabilit\u00e9 entre son design modulaire, sa batterie rempla\u00e7able et le l\u00e9ger \/e\/OS d\u00e9googl\u00e9.","_seopress_robots_index":""},"product_brand":[],"product_cat":[37],"product_tag":[70,74,72,73,69,71],"class_list":{"0":"post-506724","1":"product","2":"type-product","3":"status-publish","4":"has-post-thumbnail","6":"product_cat-neuf","7":"product_tag-64-go","8":"product_tag-batterie-amovible","9":"product_tag-deverrouille-par-loperateur","10":"product_tag-double-sim","11":"product_tag-garantie-de-4-ans","12":"product_tag-neuf","13":"product_shipping_class-usa-flat-rate-class-fr-5","14":"wpbf-post","17":"instock","18":"taxable","19":"shipping-taxable","20":"purchasable","21":"product-type-simple"},"bundled_by":[],"bundle_stock_status":"instock","bundle_stock_quantity":6,"bundle_virtual":false,"bundle_layout":"","bundle_add_to_cart_form_location":"","bundle_editable_in_cart":false,"bundle_sold_individually_context":"","bundle_item_grouping":"","bundle_min_size":"","bundle_max_size":"","bundle_price":[],"bundled_items":[],"bundle_sell_ids":[],"supplier_id":500265,"supplier_sku":"","barcode":null,"atum_controlled":false,"out_stock_date":"2025-05-02 14:00:24","out_stock_threshold":null,"inheritable":false,"inbound_stock":40,"stock_on_hold":2,"sold_today":0,"sales_last_days":0,"reserved_stock":null,"customer_returns":null,"warehouse_damage":null,"lost_in_post":null,"other_logs":null,"out_stock_days":354,"lost_sales":0,"has_location":true,"update_date":"2026-04-22T00:35:49","atum_locations":[{"id":523,"name":"Fulfillrite","slug":"fulfillrite"}],"atum_stock_status":"instock","restock_status":false,"low_stock_amount":"","sales_update_date":"2026-04-22T00:35:49","calc_backorders":0,"linked_bom":[],"sync_purchase_price":false,"bom_sellable":null,"minimum_threshold":null,"available_to_purchase":null,"selling_priority":null,"calculated_stock":null,"is_bom":false,"mi_inventories":[],"multi_inventory":"global","inventory_sorting_mode":"global","inventory_iteration":"global","expirable_inventories":"global","price_per_inventory":"global","show_write_off_inventories":"global","selectable_inventories":"global","selectable_inventories_mode":"global","_links":{"self":[{"href":"https:\/\/murena.com\/america\/fr\/wp-json\/wp\/v2\/product\/506724","targetHints":{"allow":["GET"]}}],"collection":[{"href":"https:\/\/murena.com\/america\/fr\/wp-json\/wp\/v2\/product"}],"about":[{"href":"https:\/\/murena.com\/america\/fr\/wp-json\/wp\/v2\/types\/product"}],"replies":[{"embeddable":true,"href":"https:\/\/murena.com\/america\/fr\/wp-json\/wp\/v2\/comments?post=506724"}],"wp:featuredmedia":[{"embeddable":true,"href":"https:\/\/murena.com\/america\/fr\/wp-json\/wp\/v2\/media\/511327"}],"wp:attachment":[{"href":"https:\/\/murena.com\/america\/fr\/wp-json\/wp\/v2\/media?parent=506724"}],"wp:term":[{"taxonomy":"product_brand","embeddable":true,"href":"https:\/\/murena.com\/america\/fr\/wp-json\/wp\/v2\/product_brand?post=506724"},{"taxonomy":"product_cat","embeddable":true,"href":"https:\/\/murena.com\/america\/fr\/wp-json\/wp\/v2\/product_cat?post=506724"},{"taxonomy":"product_tag","embeddable":true,"href":"https:\/\/murena.com\/america\/fr\/wp-json\/wp\/v2\/product_tag?post=506724"}],"curies":[{"name":"wp","href":"https:\/\/api.w.org\/{rel}","templated":true}]}}