{"id":505678,"date":"2025-01-28T10:23:03","date_gmt":"2025-01-28T15:23:03","guid":{"rendered":"https:\/\/murena.com\/america\/?post_type=product&#038;p=505678"},"modified":"2025-08-14T06:04:23","modified_gmt":"2025-08-14T10:04:23","slug":"murena-pixel-8","status":"publish","type":"product","link":"https:\/\/murena.com\/america\/fr\/shop\/smartphones\/neuf\/murena-pixel-8\/","title":{"rendered":"Murena Pixel 8"},"content":{"rendered":"","protected":false},"excerpt":{"rendered":"<p>Profitez du Murena Pixel 8, tout en pr\u00e9servant la confidentialit\u00e9 de vos donn\u00e9es.<\/p>\n<p>Fonctionnant avec le syst\u00e8me d&rsquo;exploitation \/e\/OS, ce t\u00e9l\u00e9phone vous prot\u00e8ge de l&rsquo;implacable collecte de donn\u00e9es de Google. Profitez de tous les avantages du tout nouveau Google Pixel 8, mais avec un contr\u00f4le total sur vos donn\u00e9es personnelles. <a href=\"https:\/\/murena.com\/america\/fr\/shop\/smartphones\/neuf\/murena-pixel-8\/#android-without-google\">Lire la suite<\/a><\/p>\n<p>Le syst\u00e8me d&rsquo;appareil photo est dot\u00e9 d&rsquo;un capteur principal de 50 MP et d&rsquo;un objectif ultra-large de 12 MP, offrant une qualit\u00e9 photo et vid\u00e9o exceptionnelle. R\u00e9sistant \u00e0 l&rsquo;eau et \u00e0 la poussi\u00e8re selon la norme IP68, le Murena Pixel 8 est dot\u00e9 d&rsquo;une batterie de 4 575 mAh con\u00e7ue pour une utilisation tout au long de la journ\u00e9e, vous assurant de rester connect\u00e9 du matin au soir. Il prend en charge la charge filaire rapide et jusqu&rsquo;\u00e0 18 W. <a href=\"https:\/\/murena.com\/america\/fr\/shop\/smartphones\/neuf\/murena-pixel-8\/#tech-spec\">En savoir plus<\/a><\/p>\n<p>Optez pour le Murena Pixel 8 : un t\u00e9l\u00e9phone performant avec des fonctionnalit\u00e9s haut de gamme, et un contr\u00f4le total de votre vie priv\u00e9e sans aucun compromis.<\/p>\n","protected":false},"featured_media":505687,"comment_status":"open","ping_status":"closed","template":"","meta":{"_seopress_robots_primary_cat":"none","_seopress_titles_title":"Murena Pixel 8","_seopress_titles_desc":"Aliment\u00e9 par \/e\/OS, le Murena Pixel 8 est un t\u00e9l\u00e9phone tr\u00e8s performant qui vous permet de contr\u00f4ler totalement la confidentialit\u00e9 de vos donn\u00e9es sans aucun compromis !","_seopress_robots_index":""},"product_brand":[],"product_cat":[37],"product_tag":[424,425,494,72,73,431,71],"class_list":{"0":"post-505678","1":"product","2":"type-product","3":"status-publish","4":"has-post-thumbnail","6":"product_cat-neuf","7":"product_tag-128-go","8":"product_tag-4g-lte-fr","9":"product_tag-5g-fr","10":"product_tag-deverrouille-par-loperateur","11":"product_tag-double-sim","12":"product_tag-garantie-2-ans","13":"product_tag-neuf","14":"pa_colour-noir","15":"wpbf-post","18":"outofstock","19":"purchasable","20":"product-type-variable"},"bundled_by":[],"bundle_stock_status":"outofstock","bundle_stock_quantity":null,"bundle_virtual":false,"bundle_layout":"","bundle_add_to_cart_form_location":"","bundle_editable_in_cart":false,"bundle_sold_individually_context":"","bundle_item_grouping":"","bundle_min_size":"","bundle_max_size":"","bundle_price":[],"bundled_items":[],"bundle_sell_ids":[],"supplier_id":null,"supplier_sku":"","barcode":null,"atum_controlled":true,"out_stock_date":null,"out_stock_threshold":null,"inheritable":true,"inbound_stock":0,"stock_on_hold":0,"sold_today":0,"sales_last_days":0,"reserved_stock":0,"customer_returns":0,"warehouse_damage":0,"lost_in_post":0,"other_logs":0,"out_stock_days":0,"lost_sales":0,"has_location":false,"update_date":"2026-04-22T00:35:21","atum_locations":[],"atum_stock_status":"outofstock","restock_status":false,"low_stock_amount":"","sales_update_date":"2026-04-22T00:35:21","calc_backorders":null,"linked_bom":[],"sync_purchase_price":false,"bom_sellable":null,"minimum_threshold":null,"available_to_purchase":null,"selling_priority":null,"calculated_stock":null,"is_bom":false,"mi_inventories":[],"multi_inventory":"no","inventory_sorting_mode":"global","inventory_iteration":"global","expirable_inventories":"global","price_per_inventory":"global","show_write_off_inventories":"global","selectable_inventories":"global","selectable_inventories_mode":"global","_links":{"self":[{"href":"https:\/\/murena.com\/america\/fr\/wp-json\/wp\/v2\/product\/505678","targetHints":{"allow":["GET"]}}],"collection":[{"href":"https:\/\/murena.com\/america\/fr\/wp-json\/wp\/v2\/product"}],"about":[{"href":"https:\/\/murena.com\/america\/fr\/wp-json\/wp\/v2\/types\/product"}],"replies":[{"embeddable":true,"href":"https:\/\/murena.com\/america\/fr\/wp-json\/wp\/v2\/comments?post=505678"}],"wp:featuredmedia":[{"embeddable":true,"href":"https:\/\/murena.com\/america\/fr\/wp-json\/wp\/v2\/media\/505687"}],"wp:attachment":[{"href":"https:\/\/murena.com\/america\/fr\/wp-json\/wp\/v2\/media?parent=505678"}],"wp:term":[{"taxonomy":"product_brand","embeddable":true,"href":"https:\/\/murena.com\/america\/fr\/wp-json\/wp\/v2\/product_brand?post=505678"},{"taxonomy":"product_cat","embeddable":true,"href":"https:\/\/murena.com\/america\/fr\/wp-json\/wp\/v2\/product_cat?post=505678"},{"taxonomy":"product_tag","embeddable":true,"href":"https:\/\/murena.com\/america\/fr\/wp-json\/wp\/v2\/product_tag?post=505678"}],"curies":[{"name":"wp","href":"https:\/\/api.w.org\/{rel}","templated":true}]}}