{"id":504371,"date":"2024-09-17T09:54:18","date_gmt":"2024-09-17T13:54:18","guid":{"rendered":"https:\/\/murena.com\/america\/?post_type=product&#038;p=504371"},"modified":"2025-03-09T16:54:47","modified_gmt":"2025-03-09T20:54:47","slug":"murena-pixel-7-reconditionne","status":"publish","type":"product","link":"https:\/\/murena.com\/america\/fr\/shop\/smartphones\/reconditionne-a-neuf\/murena-pixel-7-reconditionne\/","title":{"rendered":"Murena Pixel 7  &#8211; Reconditionn\u00e9"},"content":{"rendered":"","protected":false},"excerpt":{"rendered":"<p>Go\u00fbtez \u00e0 l&rsquo;exp\u00e9rience d\u2019une vie priv\u00e9e prot\u00e9g\u00e9e avec le Murena Pixel 7 reconditionn\u00e9. \u00c9quip\u00e9 du syst\u00e8me d&rsquo;exploitation r\u00e9volutionnaire \/e\/OS, cet appareil est votre bouclier contre la collecte constante de donn\u00e9es par Google. Profitez des avantages d&rsquo;un appareil intelligent sans la surveillance, en vous redonnant le contr\u00f4le de vos donn\u00e9es personnelles. <a href=\"https:\/\/murena.com\/america\/fr\/shop\/smartphones\/reconditionne-a-neuf\/murena-pixel-7-reconditionne\/#android-without-google\">En savoir plus<\/a><\/p>\n<p>Compact, mais puissant, le Murena Pixel 7 est dot\u00e9 d&rsquo;un \u00e9cran OLED de 6 pouces et de 8 Go de RAM. Cela garantit des performances rapides et des images \u00e9poustouflantes, pour que chaque t\u00e2che devienne un jeu d&rsquo;enfant. Capturez les moments forts de votre vie gr\u00e2ce \u00e0 une cam\u00e9ra arri\u00e8re de 12 m\u00e9gapixels et une cam\u00e9ra frontale de 10,8 m\u00e9gapixels, et stockez-les tous gr\u00e2ce \u00e0 un espace de stockage de 128 Go.<br \/>\nAvec un indice de protection IP68, il r\u00e9siste \u00e0 la poussi\u00e8re et \u00e0 l&rsquo;eau, et sa batterie de 4355 mAh vous permet de tenir toute la journ\u00e9e. <a href=\"https:\/\/murena.com\/america\/fr\/shop\/smartphones\/reconditionne-a-neuf\/murena-pixel-7-reconditionne\/#tech-spec\">En savoir plus<\/a><\/p>\n<p>Choisissez le Murena Pixel 7 : plus qu&rsquo;un simple t\u00e9l\u00e9phone 5G haute performance, c&rsquo;est l&rsquo;affirmation de votre choix de prot\u00e9ger vos donn\u00e9es personnelles, tout en profitant de la commodit\u00e9 et de la puissance d&rsquo;un smartphone haut de gamme.<\/p>\n<p>Tous nos t\u00e9l\u00e9phones reconditionn\u00e9s sont de qualit\u00e9 A+ Premium Reconditionn\u00e9.<\/p>\n","protected":false},"featured_media":504374,"comment_status":"open","ping_status":"closed","template":"","meta":{"_seopress_robots_primary_cat":"none","_seopress_titles_title":"Murena Pixel 7","_seopress_titles_desc":"Faites l&#039;exp\u00e9rience de la protection de la vie priv\u00e9e avec le Murena Pixel 7. Aliment\u00e9 par le syst\u00e8me d&#039;exploitation r\u00e9volutionnaire \/e\/OS, cet appareil est votre bouclier contre la collecte constante de donn\u00e9es par Google. Profitez des avantages d&#039;un appareil intelligent sans la surveillance, en vous redonnant le contr\u00f4le de vos donn\u00e9es personnelles.","_seopress_robots_index":""},"product_brand":[],"product_cat":[426,38],"product_tag":[424,425,494,572,72,73,550,574],"class_list":{"0":"post-504371","1":"product","2":"type-product","3":"status-publish","4":"has-post-thumbnail","6":"product_cat-reconditionne-a-neuf","7":"product_cat-smartphones","8":"product_tag-128-go","9":"product_tag-4g-lte-fr","10":"product_tag-5g-fr","11":"product_tag-batterie-non-amovible","12":"product_tag-deverrouille-par-loperateur","13":"product_tag-double-sim","14":"product_tag-garantie-1-ans","15":"product_tag-reconditionne-a-neuf","16":"wpbf-post","19":"outofstock","20":"purchasable","21":"product-type-simple"},"bundled_by":[],"bundle_stock_status":"outofstock","bundle_stock_quantity":0,"bundle_virtual":false,"bundle_layout":"","bundle_add_to_cart_form_location":"","bundle_editable_in_cart":false,"bundle_sold_individually_context":"","bundle_item_grouping":"","bundle_min_size":"","bundle_max_size":"","bundle_price":[],"bundled_items":[],"bundle_sell_ids":[],"supplier_id":null,"supplier_sku":"","barcode":null,"atum_controlled":false,"out_stock_date":"2024-09-17 13:54:18","out_stock_threshold":null,"inheritable":false,"inbound_stock":0,"stock_on_hold":0,"sold_today":0,"sales_last_days":0,"reserved_stock":null,"customer_returns":null,"warehouse_damage":null,"lost_in_post":null,"other_logs":null,"out_stock_days":581,"lost_sales":0,"has_location":false,"update_date":"2026-04-22T00:35:23","atum_locations":[],"atum_stock_status":"outofstock","restock_status":false,"low_stock_amount":"","sales_update_date":"2026-04-22T00:35:23","calc_backorders":null,"linked_bom":[],"sync_purchase_price":false,"bom_sellable":null,"minimum_threshold":null,"available_to_purchase":null,"selling_priority":null,"calculated_stock":null,"is_bom":false,"mi_inventories":[],"multi_inventory":"no","inventory_sorting_mode":"global","inventory_iteration":"global","expirable_inventories":"global","price_per_inventory":"global","show_write_off_inventories":"global","selectable_inventories":"global","selectable_inventories_mode":"global","_links":{"self":[{"href":"https:\/\/murena.com\/america\/fr\/wp-json\/wp\/v2\/product\/504371","targetHints":{"allow":["GET"]}}],"collection":[{"href":"https:\/\/murena.com\/america\/fr\/wp-json\/wp\/v2\/product"}],"about":[{"href":"https:\/\/murena.com\/america\/fr\/wp-json\/wp\/v2\/types\/product"}],"replies":[{"embeddable":true,"href":"https:\/\/murena.com\/america\/fr\/wp-json\/wp\/v2\/comments?post=504371"}],"wp:featuredmedia":[{"embeddable":true,"href":"https:\/\/murena.com\/america\/fr\/wp-json\/wp\/v2\/media\/504374"}],"wp:attachment":[{"href":"https:\/\/murena.com\/america\/fr\/wp-json\/wp\/v2\/media?parent=504371"}],"wp:term":[{"taxonomy":"product_brand","embeddable":true,"href":"https:\/\/murena.com\/america\/fr\/wp-json\/wp\/v2\/product_brand?post=504371"},{"taxonomy":"product_cat","embeddable":true,"href":"https:\/\/murena.com\/america\/fr\/wp-json\/wp\/v2\/product_cat?post=504371"},{"taxonomy":"product_tag","embeddable":true,"href":"https:\/\/murena.com\/america\/fr\/wp-json\/wp\/v2\/product_tag?post=504371"}],"curies":[{"name":"wp","href":"https:\/\/api.w.org\/{rel}","templated":true}]}}