{"id":56,"date":"2023-03-15T09:36:42","date_gmt":"2023-03-15T13:36:42","guid":{"rendered":"https:\/\/murena.com\/america\/mon-compte"},"modified":"2024-03-14T11:48:25","modified_gmt":"2024-03-14T15:48:25","slug":"my-account","status":"publish","type":"page","link":"https:\/\/murena.com\/america\/fr\/my-account\/","title":{"rendered":"Mon compte"},"content":{"rendered":"<div class=\"woocommerce\"><\/div>\n","protected":false},"excerpt":{"rendered":"","protected":false},"author":1,"featured_media":0,"parent":0,"menu_order":0,"comment_status":"closed","ping_status":"closed","template":"login.php","meta":{"_seopress_robots_primary_cat":"","_seopress_titles_title":"Bienvenue sur votre compte !","_seopress_titles_desc":"\u00c0 partir du tableau de bord de votre compte, vous pouvez visualiser vos commandes r\u00e9centes, g\u00e9rer vos adresses de livraison et de facturation ainsi que changer votre mot de passe et les d\u00e9tails de votre compte.","_seopress_robots_index":"","footnotes":""},"class_list":["post-56","page","type-page","status-publish","hentry","wpbf-post"],"_links":{"self":[{"href":"https:\/\/murena.com\/america\/fr\/wp-json\/wp\/v2\/pages\/56","targetHints":{"allow":["GET"]}}],"collection":[{"href":"https:\/\/murena.com\/america\/fr\/wp-json\/wp\/v2\/pages"}],"about":[{"href":"https:\/\/murena.com\/america\/fr\/wp-json\/wp\/v2\/types\/page"}],"author":[{"embeddable":true,"href":"https:\/\/murena.com\/america\/fr\/wp-json\/wp\/v2\/users\/1"}],"replies":[{"embeddable":true,"href":"https:\/\/murena.com\/america\/fr\/wp-json\/wp\/v2\/comments?post=56"}],"version-history":[{"count":4,"href":"https:\/\/murena.com\/america\/fr\/wp-json\/wp\/v2\/pages\/56\/revisions"}],"predecessor-version":[{"id":500099,"href":"https:\/\/murena.com\/america\/fr\/wp-json\/wp\/v2\/pages\/56\/revisions\/500099"}],"wp:attachment":[{"href":"https:\/\/murena.com\/america\/fr\/wp-json\/wp\/v2\/media?parent=56"}],"curies":[{"name":"wp","href":"https:\/\/api.w.org\/{rel}","templated":true}]}}