{"id":502658,"date":"2023-08-28T07:38:28","date_gmt":"2023-08-28T11:38:28","guid":{"rendered":"https:\/\/murena.com\/america\/partenaires-murena\/"},"modified":"2023-08-28T07:38:28","modified_gmt":"2023-08-28T11:38:28","slug":"partenaires-murena","status":"publish","type":"page","link":"https:\/\/murena.com\/america\/fr\/partenaires-murena\/","title":{"rendered":"Partenaires Murena"},"content":{"rendered":"","protected":false},"excerpt":{"rendered":"","protected":false},"author":7,"featured_media":0,"parent":0,"menu_order":0,"comment_status":"closed","ping_status":"closed","template":"affiliate-landing-page.php","meta":{"_seopress_robots_primary_cat":"","_seopress_titles_title":"Devenez un partenaire de Murena !","_seopress_titles_desc":"Notre mission est de donner aux gens la libert\u00e9 de choix. Devenez partenaire et gagnez des commissions en promouvant Murena et en aidant les gens \u00e0 reprendre le contr\u00f4le de leurs donn\u00e9es.","_seopress_robots_index":"","footnotes":""},"class_list":["post-502658","page","type-page","status-publish","hentry","wpbf-post"],"_links":{"self":[{"href":"https:\/\/murena.com\/america\/fr\/wp-json\/wp\/v2\/pages\/502658","targetHints":{"allow":["GET"]}}],"collection":[{"href":"https:\/\/murena.com\/america\/fr\/wp-json\/wp\/v2\/pages"}],"about":[{"href":"https:\/\/murena.com\/america\/fr\/wp-json\/wp\/v2\/types\/page"}],"author":[{"embeddable":true,"href":"https:\/\/murena.com\/america\/fr\/wp-json\/wp\/v2\/users\/7"}],"replies":[{"embeddable":true,"href":"https:\/\/murena.com\/america\/fr\/wp-json\/wp\/v2\/comments?post=502658"}],"version-history":[{"count":0,"href":"https:\/\/murena.com\/america\/fr\/wp-json\/wp\/v2\/pages\/502658\/revisions"}],"wp:attachment":[{"href":"https:\/\/murena.com\/america\/fr\/wp-json\/wp\/v2\/media?parent=502658"}],"curies":[{"name":"wp","href":"https:\/\/api.w.org\/{rel}","templated":true}]}}