{"id":502656,"date":"2024-02-07T01:57:42","date_gmt":"2024-02-07T06:57:42","guid":{"rendered":"https:\/\/murena.com\/america\/murena-mobile-illimite\/"},"modified":"2024-02-07T01:57:42","modified_gmt":"2024-02-07T06:57:42","slug":"murena-mobile-illimite","status":"publish","type":"page","link":"https:\/\/murena.com\/america\/fr\/murena-mobile-illimite\/","title":{"rendered":"Murena Mobile Illimit\u00e9"},"content":{"rendered":"","protected":false},"excerpt":{"rendered":"","protected":false},"author":7,"featured_media":0,"parent":0,"menu_order":0,"comment_status":"closed","ping_status":"closed","template":"murena-mobile-unlimited.php","meta":{"_seopress_robots_primary_cat":"","_seopress_titles_title":"Plan Mobile Murena illimit\u00e9","_seopress_titles_desc":"Souscrivez d\u00e8s maintenant \u00e0 notre plan Murena Mobile illimit\u00e9 en termes d'appels et de SMS.","_seopress_robots_index":"","footnotes":""},"class_list":["post-502656","page","type-page","status-publish","hentry","wpbf-post"],"_links":{"self":[{"href":"https:\/\/murena.com\/america\/fr\/wp-json\/wp\/v2\/pages\/502656","targetHints":{"allow":["GET"]}}],"collection":[{"href":"https:\/\/murena.com\/america\/fr\/wp-json\/wp\/v2\/pages"}],"about":[{"href":"https:\/\/murena.com\/america\/fr\/wp-json\/wp\/v2\/types\/page"}],"author":[{"embeddable":true,"href":"https:\/\/murena.com\/america\/fr\/wp-json\/wp\/v2\/users\/7"}],"replies":[{"embeddable":true,"href":"https:\/\/murena.com\/america\/fr\/wp-json\/wp\/v2\/comments?post=502656"}],"version-history":[{"count":0,"href":"https:\/\/murena.com\/america\/fr\/wp-json\/wp\/v2\/pages\/502656\/revisions"}],"wp:attachment":[{"href":"https:\/\/murena.com\/america\/fr\/wp-json\/wp\/v2\/media?parent=502656"}],"curies":[{"name":"wp","href":"https:\/\/api.w.org\/{rel}","templated":true}]}}