{"id":502624,"date":"2020-04-16T08:42:25","date_gmt":"2020-04-16T12:42:25","guid":{"rendered":"https:\/\/murena.com\/america\/mentions-legales\/"},"modified":"2024-03-12T08:27:00","modified_gmt":"2024-03-12T12:27:00","slug":"mentions-legales","status":"publish","type":"page","link":"https:\/\/murena.com\/america\/fr\/mentions-legales\/","title":{"rendered":"Mentions l\u00e9gales"},"content":{"rendered":"\n<h1 class=\"wp-block-heading\"><\/h1>\n\n<hr \/>\r\n\n<p><strong>Editeur:<\/strong><\/p>\r\n<ul>\r\n<li>Murena Inc.<\/li>\r\n<li>850 New Burton Road,<\/li>\r\n<li>Suite 201<\/li>\r\n<li>Dover, DE 19904<\/li>\r\n<\/ul>\r\n\n<blockquote class=\"wp-block-quote is-layout-flow wp-block-quote-is-layout-flow\">\n<p>\u26a0 Merci de ne pas renvoyer les t\u00e9l\u00e9phones ou les accessoires que vous avez achet\u00e9s chez nous \u00e0 cette adresse. Contactez notre helpdesk sur <a href=\"mailto:helpdesk@murena.com\">helpdesk@murena.com<\/a> pour obtenir la bonne adresse.<\/p>\n<\/blockquote>\n\n<ul class=\"wp-block-list\">\n<li>Contact: <a href=\"mailto:contact@murena.com\">contact@murena.com<\/a><\/li>\n\n\n\n<li>R\u00e9presentant l\u00e9gal: Ga\u00ebl Duval<\/li>\n\n\n\n<li>Responsable de publication: Ga\u00ebl Duval<\/li>\n\n\n\n<li>H\u00e9bergement: Hetzner Online GmbH \u2013 <a href=\"https:\/\/www.hetzner.com\/\">https:\/\/www.hetzner.com\/<\/a><\/li>\n<\/ul>\n\n<h2 class=\"wp-block-heading\">Confidentialit\u00e9<\/h2>\n\n<p>Conform\u00e9ment aux dispositions de <strong>la loi am\u00e9ricaine<\/strong> (&#8230;), l&rsquo;utilisateur dispose d&rsquo;un droit d&rsquo;acc\u00e8s, de rectification ou de suppression des donn\u00e9es personnelles. Vous disposez \u00e9galement d&rsquo;un droit de d\u00e9finir des directives permettant l&rsquo;acc\u00e8s \u00e0 vos donn\u00e9es en cas de d\u00e9c\u00e8s (les modalit\u00e9s d&rsquo;application officielles de ce droit sont actuellement en cours d&rsquo;\u00e9laboration).<\/p>\n\n<p>Les demandes concernant ces droits et le droit de radiation de la liste peuvent \u00eatre exerc\u00e9es : en envoyant un courrier \u00e9lectronique \u00e0 l&rsquo;adresse suivante : <a href=\"mailto:contact@murena.com\">contact@murena.com<\/a><\/p>\n\n<p><em><strong>Un courrier postal \u00e0 l&rsquo;adresse du si\u00e8ge social de Murena Retail SAS en indiquant son nom ou sa raison sociale, ses coordonn\u00e9es physiques et\/ou \u00e9lectroniques. La modification interviendra dans un d\u00e9lai raisonnable \u00e0 compter de la r\u00e9ception de la demande de l&rsquo;utilisateur, conform\u00e9ment aux dispositions pr\u00e9vues par la loi n\u00b0 2004 &#8211; 575 du 21 juin 2004 pour la Confiance dans l&rsquo;\u00c9conomie Num\u00e9rique, notamment son article 6.<\/strong><\/em><\/p>\n\n<h2 class=\"wp-block-heading\">Limitation de responsabilit\u00e9<\/h2>\n\n<p>Ce site contient des informations fournies par des soci\u00e9t\u00e9s externes ou des liens hypertextes vers d&rsquo;autres sites qui n&rsquo;ont pas \u00e9t\u00e9 d\u00e9velopp\u00e9s par Murena Retail SAS. Le contenu mis \u00e0 disposition sur le site est fourni \u00e0 titre d&rsquo;information uniquement. L&rsquo;existence d&rsquo;un lien de ce site vers un autre site ne constitue pas une approbation de ce site ou de son contenu. Il est de la responsabilit\u00e9 du visiteur d&rsquo;utiliser ces informations avec un esprit critique. e.foundation ne peut \u00eatre tenu responsable des informations, opinions et recommandations fournies par des tiers.<\/p>\n\n<p>Murena Retail SAS ne saurait \u00eatre tenue responsable de toute perte ou dommage direct, indirect, accessoire, cons\u00e9cutif ou cumulatif, quelle qu&rsquo;en soit la cause, \u00e0 moins qu&rsquo;il ne soit prouv\u00e9 que la soci\u00e9t\u00e9 a \u00e9t\u00e9 n\u00e9gligente dans ses actions et le travail ex\u00e9cut\u00e9. Nous ne serons pas tenus responsables des probl\u00e8mes ou des questions futures comme l&rsquo;effet de l&rsquo;utilisation ou de l&rsquo;incapacit\u00e9 d&rsquo;utiliser ce site web, les pages, les erreurs, les fausses d\u00e9clarations ou les omissions dans le mat\u00e9riel contenu sur ce site.<\/p>\n\n<p>Murena Retail SAS ne peut pas non plus \u00eatre tenue responsable des dommages indirects (tels que la perte de march\u00e9 ou d&rsquo;opportunit\u00e9) r\u00e9sultant de l&rsquo;utilisation du site.<\/p>\n","protected":false},"excerpt":{"rendered":"<p>Editeur: Murena Inc. 850 New Burton Road, Suite 201 Dover, DE 19904 \u26a0 Merci de&#8230;<\/p>\n","protected":false},"author":2,"featured_media":0,"parent":0,"menu_order":0,"comment_status":"closed","ping_status":"closed","template":"","meta":{"_seopress_robots_primary_cat":"","_seopress_titles_title":"Mentions l\u00e9gales de Murena.com","_seopress_titles_desc":"Mentions l\u00e9gales concernant Murena et Murena.com.","_seopress_robots_index":"","footnotes":""},"class_list":["post-502624","page","type-page","status-publish","hentry","wpbf-post"],"_links":{"self":[{"href":"https:\/\/murena.com\/america\/fr\/wp-json\/wp\/v2\/pages\/502624","targetHints":{"allow":["GET"]}}],"collection":[{"href":"https:\/\/murena.com\/america\/fr\/wp-json\/wp\/v2\/pages"}],"about":[{"href":"https:\/\/murena.com\/america\/fr\/wp-json\/wp\/v2\/types\/page"}],"author":[{"embeddable":true,"href":"https:\/\/murena.com\/america\/fr\/wp-json\/wp\/v2\/users\/2"}],"replies":[{"embeddable":true,"href":"https:\/\/murena.com\/america\/fr\/wp-json\/wp\/v2\/comments?post=502624"}],"version-history":[{"count":1,"href":"https:\/\/murena.com\/america\/fr\/wp-json\/wp\/v2\/pages\/502624\/revisions"}],"predecessor-version":[{"id":502625,"href":"https:\/\/murena.com\/america\/fr\/wp-json\/wp\/v2\/pages\/502624\/revisions\/502625"}],"wp:attachment":[{"href":"https:\/\/murena.com\/america\/fr\/wp-json\/wp\/v2\/media?parent=502624"}],"curies":[{"name":"wp","href":"https:\/\/api.w.org\/{rel}","templated":true}]}}