{"id":502005,"date":"2023-07-18T06:35:43","date_gmt":"2023-07-18T10:35:43","guid":{"rendered":"https:\/\/murena.com\/america\/murena-mobile\/"},"modified":"2024-03-12T09:05:14","modified_gmt":"2024-03-12T13:05:14","slug":"murena-mobile","status":"publish","type":"page","link":"https:\/\/murena.com\/america\/fr\/murena-mobile\/","title":{"rendered":"Murena Mobile"},"content":{"rendered":"","protected":false},"excerpt":{"rendered":"","protected":false},"author":7,"featured_media":0,"parent":0,"menu_order":0,"comment_status":"closed","ping_status":"closed","template":"murena-mobile.php","meta":{"_seopress_robots_primary_cat":"","_seopress_titles_title":"Murena Mobile","_seopress_titles_desc":"Choisissez la libert\u00e9. Un plan t\u00e9l\u00e9phonique ax\u00e9 sur la protection de la vie priv\u00e9e qui r\u00e9pond \u00e0 vos besoins ! Choisissez votre plan id\u00e9al et d\u00e9marrez-le quelques minutes. ","_seopress_robots_index":"","footnotes":""},"class_list":["post-502005","page","type-page","status-publish","hentry","wpbf-post"],"_links":{"self":[{"href":"https:\/\/murena.com\/america\/fr\/wp-json\/wp\/v2\/pages\/502005","targetHints":{"allow":["GET"]}}],"collection":[{"href":"https:\/\/murena.com\/america\/fr\/wp-json\/wp\/v2\/pages"}],"about":[{"href":"https:\/\/murena.com\/america\/fr\/wp-json\/wp\/v2\/types\/page"}],"author":[{"embeddable":true,"href":"https:\/\/murena.com\/america\/fr\/wp-json\/wp\/v2\/users\/7"}],"replies":[{"embeddable":true,"href":"https:\/\/murena.com\/america\/fr\/wp-json\/wp\/v2\/comments?post=502005"}],"version-history":[{"count":1,"href":"https:\/\/murena.com\/america\/fr\/wp-json\/wp\/v2\/pages\/502005\/revisions"}],"predecessor-version":[{"id":502007,"href":"https:\/\/murena.com\/america\/fr\/wp-json\/wp\/v2\/pages\/502005\/revisions\/502007"}],"wp:attachment":[{"href":"https:\/\/murena.com\/america\/fr\/wp-json\/wp\/v2\/media?parent=502005"}],"curies":[{"name":"wp","href":"https:\/\/api.w.org\/{rel}","templated":true}]}}