{"id":76221,"date":"2023-05-19T10:15:36","date_gmt":"2023-05-19T10:15:36","guid":{"rendered":"https:\/\/murena.com\/america\/shop\/sin%20categor\u00eda\/usb-c-a-mini-audio-jack-adaptador\/"},"modified":"2026-03-30T05:38:17","modified_gmt":"2026-03-30T09:38:17","slug":"usb-c-a-mini-audio-jack-adaptador","status":"publish","type":"product","link":"https:\/\/murena.com\/america\/es\/shop\/accesorios\/usb-c-a-mini-audio-jack-adaptador\/","title":{"rendered":"Adaptador USB-C a minijack"},"content":{"rendered":"","protected":false},"excerpt":{"rendered":"<p>Este peque\u00f1o adaptador es para todo aquel que quiera seguir utilizando sus fieles auriculares con cable para su Murena Fairphone 4. Es tan sencillo como parece, solo tienes que conectar el adaptador USB-C a tu tel\u00e9fono, enchufar el conector de auriculares de 3,5 mm y listo.<\/p>\n<p>Y aunque el Murena Fairphone 4 no tiene una toma de auriculares normal de 3,5 mm, no nos olvidamos de todos los que segu\u00eds con vuestros fieles auriculares con cable. As\u00ed que si a\u00fan no tienes ganas de comprarte un par de auriculares inal\u00e1mbricos, este peque\u00f1o adaptador te ayudar\u00e1. Solo tienes que conectarlo al puerto USB-C, enchufar los auriculares y darle al play.<\/p>\n<p>Este adaptador incluye un chip DAC (chip conversor de digital a anal\u00f3gico) que permite escuchar audio con auriculares con conector minijack.<\/p>\n<p>S\u00f3lo para estar seguros: El Fairphone 3(+) de Murena tiene una toma de auriculares normal de 3,5 mm, por lo que no necesita este adaptador.<\/p>\n<p>Tambi\u00e9n compatible con el Murena One.<\/p>\n","protected":false},"featured_media":76178,"comment_status":"open","ping_status":"closed","template":"","meta":{"_seopress_robots_primary_cat":"none","_seopress_titles_title":"","_seopress_titles_desc":"","_seopress_robots_index":""},"product_brand":[],"product_cat":[535],"product_tag":[558],"class_list":{"0":"post-76221","1":"product","2":"type-product","3":"status-publish","4":"has-post-thumbnail","6":"product_cat-accesorios","7":"product_tag-accessories-es","8":"wpbf-post","11":"instock","12":"taxable","13":"shipping-taxable","14":"purchasable","15":"product-type-simple"},"bundled_by":[],"bundle_stock_status":"instock","bundle_stock_quantity":3,"bundle_virtual":false,"bundle_layout":"","bundle_add_to_cart_form_location":"","bundle_editable_in_cart":false,"bundle_sold_individually_context":"","bundle_item_grouping":"","bundle_min_size":"","bundle_max_size":"","bundle_price":[],"bundled_items":[],"bundle_sell_ids":[],"supplier_id":500111,"supplier_sku":"","barcode":null,"atum_controlled":true,"out_stock_date":null,"out_stock_threshold":null,"inheritable":false,"inbound_stock":20,"stock_on_hold":1,"sold_today":0,"sales_last_days":0,"reserved_stock":0,"customer_returns":0,"warehouse_damage":0,"lost_in_post":0,"other_logs":0,"out_stock_days":0,"lost_sales":0,"has_location":false,"update_date":"2026-04-22T00:35:46","atum_locations":[],"atum_stock_status":"instock","restock_status":false,"low_stock_amount":0,"sales_update_date":"2026-04-22T00:35:46","calc_backorders":null,"linked_bom":[],"sync_purchase_price":false,"bom_sellable":null,"minimum_threshold":null,"available_to_purchase":null,"selling_priority":null,"calculated_stock":null,"is_bom":false,"mi_inventories":[],"multi_inventory":"no","inventory_sorting_mode":"global","inventory_iteration":"global","expirable_inventories":"global","price_per_inventory":"global","show_write_off_inventories":"global","selectable_inventories":"global","selectable_inventories_mode":"global","_links":{"self":[{"href":"https:\/\/murena.com\/america\/es\/wp-json\/wp\/v2\/product\/76221","targetHints":{"allow":["GET"]}}],"collection":[{"href":"https:\/\/murena.com\/america\/es\/wp-json\/wp\/v2\/product"}],"about":[{"href":"https:\/\/murena.com\/america\/es\/wp-json\/wp\/v2\/types\/product"}],"replies":[{"embeddable":true,"href":"https:\/\/murena.com\/america\/es\/wp-json\/wp\/v2\/comments?post=76221"}],"wp:featuredmedia":[{"embeddable":true,"href":"https:\/\/murena.com\/america\/es\/wp-json\/wp\/v2\/media\/76178"}],"wp:attachment":[{"href":"https:\/\/murena.com\/america\/es\/wp-json\/wp\/v2\/media?parent=76221"}],"wp:term":[{"taxonomy":"product_brand","embeddable":true,"href":"https:\/\/murena.com\/america\/es\/wp-json\/wp\/v2\/product_brand?post=76221"},{"taxonomy":"product_cat","embeddable":true,"href":"https:\/\/murena.com\/america\/es\/wp-json\/wp\/v2\/product_cat?post=76221"},{"taxonomy":"product_tag","embeddable":true,"href":"https:\/\/murena.com\/america\/es\/wp-json\/wp\/v2\/product_tag?post=76221"}],"curies":[{"name":"wp","href":"https:\/\/api.w.org\/{rel}","templated":true}]}}