{"id":76219,"date":"2023-05-19T10:17:00","date_gmt":"2023-05-19T14:17:00","guid":{"rendered":"https:\/\/murena.com\/america\/shop\/sin%20categor\u00eda\/fairphone-4-funda-protectora\/"},"modified":"2026-03-30T05:39:09","modified_gmt":"2026-03-30T09:39:09","slug":"fairphone-4-funda-protectora","status":"publish","type":"product","link":"https:\/\/murena.com\/america\/es\/shop\/accesorios\/fairphone-4-funda-protectora\/","title":{"rendered":"Fairphone 4 Funda protectora"},"content":{"rendered":"","protected":false},"excerpt":{"rendered":"<p>Esta funda protectora con forma est\u00e1 fabricada con material 100% reciclado y proporciona una mayor comodidad, durabilidad y estilo a su Murena Fairphone 4.<\/p>\n<p>Es delgada, ligera y suave, pero lo suficientemente resistente como para sobrevivir a ca\u00eddas inesperadas. Fabricado con material reciclado 100% y no t\u00f3xico, envuelve cuidadosamente los bordes de la pantalla, absorbiendo los impactos para una m\u00e1xima protecci\u00f3n.<\/p>\n<p>Con recortes precisos y cubiertas de botones que responden, esta funda de dise\u00f1o sutil est\u00e1 dise\u00f1ada para ayudar a que su Murena Fairphone 4 dure a\u00fan m\u00e1s.<\/p>\n<p>Compatible con Murena Fairphone 4 | Incompatible con Murena Fairphone 3+, Murena Fairphone 3<\/p>\n","protected":false},"featured_media":76185,"comment_status":"open","ping_status":"closed","template":"","meta":{"_seopress_robots_primary_cat":"none","_seopress_titles_title":"Fairphone 4 Funda protectora","_seopress_titles_desc":"Esta funda protectora con forma est\u00e1 fabricada con material 100% reciclado y proporciona una mayor comodidad, durabilidad y estilo a su Murena Fairphone 4.","_seopress_robots_index":""},"product_brand":[],"product_cat":[535],"product_tag":[558],"class_list":{"0":"post-76219","1":"product","2":"type-product","3":"status-publish","4":"has-post-thumbnail","6":"product_cat-accesorios","7":"product_tag-accessories-es","8":"pa_select-a-colour-fp4-case-verde","9":"pa_select-a-colour-fp4-case-gris","10":"pa_select-a-colour-fp4-case-rojo","11":"wpbf-post","14":"instock","15":"taxable","16":"shipping-taxable","17":"purchasable","18":"product-type-variable"},"bundled_by":[],"bundle_stock_status":"instock","bundle_stock_quantity":null,"bundle_virtual":false,"bundle_layout":"","bundle_add_to_cart_form_location":"","bundle_editable_in_cart":false,"bundle_sold_individually_context":"","bundle_item_grouping":"","bundle_min_size":"","bundle_max_size":"","bundle_price":[],"bundled_items":[],"bundle_sell_ids":[],"supplier_id":null,"supplier_sku":"","barcode":null,"atum_controlled":true,"out_stock_date":null,"out_stock_threshold":null,"inheritable":true,"inbound_stock":0,"stock_on_hold":1,"sold_today":0,"sales_last_days":0,"reserved_stock":0,"customer_returns":0,"warehouse_damage":0,"lost_in_post":0,"other_logs":0,"out_stock_days":0,"lost_sales":0,"has_location":false,"update_date":"2026-04-22T00:35:30","atum_locations":[],"atum_stock_status":"instock","restock_status":false,"low_stock_amount":"","sales_update_date":"2026-04-22T00:35:30","calc_backorders":null,"linked_bom":[],"sync_purchase_price":false,"bom_sellable":null,"minimum_threshold":null,"available_to_purchase":null,"selling_priority":null,"calculated_stock":null,"is_bom":false,"mi_inventories":[],"multi_inventory":"no","inventory_sorting_mode":"global","inventory_iteration":"global","expirable_inventories":"global","price_per_inventory":"global","show_write_off_inventories":"global","selectable_inventories":"global","selectable_inventories_mode":"global","_links":{"self":[{"href":"https:\/\/murena.com\/america\/es\/wp-json\/wp\/v2\/product\/76219","targetHints":{"allow":["GET"]}}],"collection":[{"href":"https:\/\/murena.com\/america\/es\/wp-json\/wp\/v2\/product"}],"about":[{"href":"https:\/\/murena.com\/america\/es\/wp-json\/wp\/v2\/types\/product"}],"replies":[{"embeddable":true,"href":"https:\/\/murena.com\/america\/es\/wp-json\/wp\/v2\/comments?post=76219"}],"wp:featuredmedia":[{"embeddable":true,"href":"https:\/\/murena.com\/america\/es\/wp-json\/wp\/v2\/media\/76185"}],"wp:attachment":[{"href":"https:\/\/murena.com\/america\/es\/wp-json\/wp\/v2\/media?parent=76219"}],"wp:term":[{"taxonomy":"product_brand","embeddable":true,"href":"https:\/\/murena.com\/america\/es\/wp-json\/wp\/v2\/product_brand?post=76219"},{"taxonomy":"product_cat","embeddable":true,"href":"https:\/\/murena.com\/america\/es\/wp-json\/wp\/v2\/product_cat?post=76219"},{"taxonomy":"product_tag","embeddable":true,"href":"https:\/\/murena.com\/america\/es\/wp-json\/wp\/v2\/product_tag?post=76219"}],"curies":[{"name":"wp","href":"https:\/\/api.w.org\/{rel}","templated":true}]}}