{"id":513729,"date":"2026-01-08T03:55:39","date_gmt":"2026-01-08T08:55:39","guid":{"rendered":"https:\/\/murena.com\/america\/shop\/sin%20categor\u00eda\/new-fairbuds-xl-headphones\/"},"modified":"2026-04-24T02:18:38","modified_gmt":"2026-04-24T06:18:38","slug":"new-fairbuds-xl-headphones","status":"publish","type":"product","link":"https:\/\/murena.com\/america\/es\/shop\/audio-es\/new-fairbuds-xl-headphones\/","title":{"rendered":"Nuevos auriculares Fairbuds XL"},"content":{"rendered":"<table width=\"95%\">\n<tbody>\n<tr>\n<td rowspan=\"5\" width=\"31%\"><strong> Rendimiento de audio<\/strong><\/td>\n<td width=\"68%\">Transductores din\u00e1micos de 40 mm<\/td>\n<\/tr>\n<tr>\n<td width=\"68%\">Respuesta en frecuencia: 20 Hz &#8211; 20 kHz (cubre toda la gama de audici\u00f3n humana)<\/td>\n<\/tr>\n<tr>\n<td width=\"68%\">Impedancia del controlador: 32 ohmios (compatible con la mayor\u00eda de los dispositivos)<\/td>\n<\/tr>\n<tr>\n<td width=\"68%\">Sensibilidad: 99\u00b12dB a 1KHZ (Nivel de m\u00e1xima sonoridad con m\u00ednima potencia)<\/td>\n<\/tr>\n<tr>\n<td width=\"68%\">Compatible con c\u00f3decs: SBC, AAC, aptX HD<\/td>\n<\/tr>\n<\/tbody>\n<\/table>\n<p>&nbsp;<\/p>\n<table width=\"95%\">\n<tbody>\n<tr>\n<td rowspan=\"3\" width=\"31%\"><strong> Anulaci\u00f3n del ruido<\/strong><\/td>\n<td width=\"68%\">Cancelaci\u00f3n activa del ruido<\/td>\n<\/tr>\n<tr>\n<td width=\"68%\">Modo de sonido ambiente disponible<\/td>\n<\/tr>\n<tr>\n<td width=\"68%\">Micr\u00f3fono: Seis micr\u00f3fonos (2 izquierdos y 4 derechos)<\/td>\n<\/tr>\n<\/tbody>\n<\/table>\n<p>&nbsp;<\/p>\n<table width=\"95%\">\n<tbody>\n<tr>\n<td rowspan=\"6\" width=\"31%\"><strong> Bater\u00eda y carga<\/strong><\/td>\n<td width=\"68%\">Hasta 30 horas de reproducci\u00f3n (ANC desactivado)<\/td>\n<\/tr>\n<tr>\n<td width=\"68%\">Hasta 26 horas de reproducci\u00f3n (ANC activado)<\/td>\n<\/tr>\n<tr>\n<td width=\"68%\">50% de carga en 15 minutos (carga r\u00e1pida para 15 horas de reproducci\u00f3n)<\/td>\n<\/tr>\n<tr>\n<td width=\"68%\">Puerto de carga USB-C<\/td>\n<\/tr>\n<tr>\n<td width=\"68%\">Duraci\u00f3n de la bater\u00eda: m\u00e1s de 500 ciclos de carga (mantiene el 80% de su capacidad tras 500 cargas completas)<\/td>\n<\/tr>\n<tr>\n<td width=\"68%\">Bater\u00eda reemplazable<\/td>\n<\/tr>\n<\/tbody>\n<\/table>\n<p>&nbsp;<\/p>\n<table width=\"95%\">\n<tbody>\n<tr>\n<td rowspan=\"4\" width=\"31%\"><strong> Conectividad<\/strong><\/td>\n<td width=\"68%\">Bluetooth 5.1 con conectividad multipunto dual (con\u00e9ctate a dos dispositivos simult\u00e1neamente)<\/td>\n<\/tr>\n<tr>\n<td width=\"68%\">Puerto USB-C para escuchar por cable<\/td>\n<\/tr>\n<tr>\n<td width=\"68%\">Alcance inal\u00e1mbrico: Hasta 10 metros<\/td>\n<\/tr>\n<tr>\n<td width=\"68%\">Asistentes inteligentes compatibles: Asistente de Google, Amazon Alexa y Siri de Apple.<\/td>\n<\/tr>\n<\/tbody>\n<\/table>\n<p>&nbsp;<\/p>\n<table width=\"95%\">\n<tbody>\n<tr>\n<td rowspan=\"3\" width=\"31%\"><strong> Controles y funciones<\/strong><\/td>\n<td width=\"68%\">Joystick y bot\u00f3n ANC<\/td>\n<\/tr>\n<tr>\n<td width=\"68%\">Apagado autom\u00e1tico (30 minutos)<\/td>\n<\/tr>\n<tr>\n<td width=\"68%\">Ecualizador personalizable mediante la aplicaci\u00f3n Fairbuds<\/td>\n<\/tr>\n<\/tbody>\n<\/table>\n<p>&nbsp;<\/p>\n<table style=\"height: 184px\" width=\"1033\">\n<tbody>\n<tr>\n<td rowspan=\"6\" width=\"31%\"><strong> Materiales y durabilidad<\/strong><\/td>\n<td width=\"68%\">100% de elementos de tierras raras reciclados en los imanes<\/td>\n<\/tr>\n<tr>\n<td width=\"68%\">100% de esta\u00f1o reciclado en la pasta de soldadura<\/td>\n<\/tr>\n<tr>\n<td width=\"68%\">Tejido de red en la diadema<\/td>\n<\/tr>\n<tr>\n<td width=\"68%\">Tejido de malla de p\u00e1jaro en las almohadillas de las orejas<\/td>\n<\/tr>\n<tr>\n<td width=\"68%\">Cuero PU en diadema y almohadillas<\/td>\n<\/tr>\n<tr>\n<td width=\"68%\">Bolsa de viaje fabricada con tejidos reciclados<\/td>\n<\/tr>\n<\/tbody>\n<\/table>\n<p>&nbsp;<\/p>\n<table width=\"1033\">\n<tbody>\n<tr>\n<td width=\"31%\"><strong> Garant\u00eda<\/strong><\/td>\n<td width=\"68%\">3 a\u00f1os de garant\u00eda &#8211; Garant\u00eda est\u00e1ndar de dos a\u00f1os con un a\u00f1o de garant\u00eda ampliada gratuita<\/td>\n<\/tr>\n<\/tbody>\n<\/table>\n","protected":false},"excerpt":{"rendered":"<p data-start=\"130\" data-end=\"184\"><strong>Nuevos y mejorados auriculares Fairbud XL  <\/strong><\/p>\n<p data-start=\"130\" data-end=\"184\"><strong data-start=\"130\" data-end=\"184\">Sonido de primera. Fabricado para durar. Dise\u00f1ado para el cambio.  <\/strong><\/p>\n<p data-start=\"186\" data-end=\"437\">Disfrute de un sonido rico y envolvente con potentes transductores de 40 mm, cancelaci\u00f3n activa del ruido y una calidad de llamada n\u00edtida. Los nuevos Fairbuds XL combinan comodidad durante todo el d\u00eda con hasta <strong data-start=\"345\" data-end=\"373\">30 horas de autonom\u00eda<\/strong>, carga r\u00e1pida y conectividad Bluetooth multipunto sin interrupciones. <\/p>\n<p data-start=\"439\" data-end=\"769\">Dise\u00f1ados pensando en la sostenibilidad, cuentan con un <strong data-start=\"493\" data-end=\"523\">dise\u00f1o modular y reparable<\/strong> fabricado con materiales reciclados y de origen justo para que pueda sustituir las piezas clave y conservarlos durante m\u00e1s tiempo. Acabados con un elegante ajuste sobre la oreja y controles intuitivos, estos auriculares son perfectos para llevarlos todos los d\u00edas.   <a href=\"https:\/\/longtimelabel.com\/en\/lab_product\/fairbuds-xl\/\">Certificado por la etiqueta LONGTIME<\/a><\/p>\n<p data-start=\"771\" data-end=\"814\"><strong data-start=\"771\" data-end=\"814\">Gran sonido. Dise\u00f1o inteligente. Impacto justo.  <\/strong><\/p>\n","protected":false},"featured_media":513712,"comment_status":"open","ping_status":"closed","template":"","meta":{"_seopress_robots_primary_cat":"none","_seopress_titles_title":"Nuevos auriculares Fairbuds XL - Murena - DeGoogled Phones","_seopress_titles_desc":"NUEVOS auriculares sobre la oreja Fairbuds XL con sonido intenso, ANC, 30 h de bater\u00eda, carga r\u00e1pida, Bluetooth multipunto y un dise\u00f1o reparable y sostenible.","_seopress_robots_index":""},"product_brand":[],"product_cat":[669],"product_tag":[],"class_list":{"0":"post-513729","1":"product","2":"type-product","3":"status-publish","4":"has-post-thumbnail","6":"product_cat-audio-es","7":"pa_code-hs-8544429090-es","8":"pa_colour-horizonte-negro","9":"pa_colour-verde-bosque","10":"pa_origin-country-china-es","11":"wpbf-post","14":"instock","15":"taxable","16":"shipping-taxable","17":"purchasable","18":"product-type-variable"},"bundled_by":[],"bundle_stock_status":"instock","bundle_stock_quantity":null,"bundle_virtual":false,"bundle_layout":"","bundle_add_to_cart_form_location":"","bundle_editable_in_cart":false,"bundle_sold_individually_context":"","bundle_item_grouping":"","bundle_min_size":"","bundle_max_size":"","bundle_price":[],"bundled_items":[],"bundle_sell_ids":[],"supplier_id":null,"supplier_sku":"","barcode":null,"atum_controlled":true,"out_stock_date":null,"out_stock_threshold":null,"inheritable":true,"inbound_stock":0,"stock_on_hold":0,"sold_today":0,"sales_last_days":2,"reserved_stock":0,"customer_returns":0,"warehouse_damage":0,"lost_in_post":0,"other_logs":0,"out_stock_days":0,"lost_sales":0,"has_location":false,"update_date":"2026-04-28T00:36:48","atum_locations":[],"atum_stock_status":"instock","restock_status":false,"low_stock_amount":"","sales_update_date":"2026-04-28T00:36:48","calc_backorders":null,"linked_bom":[],"sync_purchase_price":false,"bom_sellable":null,"minimum_threshold":null,"available_to_purchase":null,"selling_priority":null,"calculated_stock":null,"is_bom":false,"mi_inventories":[],"multi_inventory":"no","inventory_sorting_mode":"global","inventory_iteration":"global","expirable_inventories":"global","price_per_inventory":"global","show_write_off_inventories":"global","selectable_inventories":"global","selectable_inventories_mode":"global","_links":{"self":[{"href":"https:\/\/murena.com\/america\/es\/wp-json\/wp\/v2\/product\/513729","targetHints":{"allow":["GET"]}}],"collection":[{"href":"https:\/\/murena.com\/america\/es\/wp-json\/wp\/v2\/product"}],"about":[{"href":"https:\/\/murena.com\/america\/es\/wp-json\/wp\/v2\/types\/product"}],"replies":[{"embeddable":true,"href":"https:\/\/murena.com\/america\/es\/wp-json\/wp\/v2\/comments?post=513729"}],"wp:featuredmedia":[{"embeddable":true,"href":"https:\/\/murena.com\/america\/es\/wp-json\/wp\/v2\/media\/513712"}],"wp:attachment":[{"href":"https:\/\/murena.com\/america\/es\/wp-json\/wp\/v2\/media?parent=513729"}],"wp:term":[{"taxonomy":"product_brand","embeddable":true,"href":"https:\/\/murena.com\/america\/es\/wp-json\/wp\/v2\/product_brand?post=513729"},{"taxonomy":"product_cat","embeddable":true,"href":"https:\/\/murena.com\/america\/es\/wp-json\/wp\/v2\/product_cat?post=513729"},{"taxonomy":"product_tag","embeddable":true,"href":"https:\/\/murena.com\/america\/es\/wp-json\/wp\/v2\/product_tag?post=513729"}],"curies":[{"name":"wp","href":"https:\/\/api.w.org\/{rel}","templated":true}]}}