{"id":509447,"date":"2025-09-18T06:36:23","date_gmt":"2025-09-18T10:36:23","guid":{"rendered":"https:\/\/murena.com\/america\/?post_type=product&#038;p=509447"},"modified":"2026-03-19T13:20:29","modified_gmt":"2026-03-19T17:20:29","slug":"hiroh-phone-powered-by-murena-pre-sale","status":"publish","type":"product","link":"https:\/\/murena.com\/america\/es\/shop\/moviles\/nuevo\/hiroh-phone-powered-by-murena-pre-sale\/","title":{"rendered":"HIROH phone powered by Murena &#8211; Dep\u00f3sito de preventa"},"content":{"rendered":"","protected":false},"excerpt":{"rendered":"<p>HIROH phone powered by Murena con privacidad matar botones del interruptor.<br \/>\n<span style=\"color: #000000;font-size: 12pt\">Privacidad por dise\u00f1o. Seguridad por defecto. <\/span><\/p>\n<p><span style=\"color: #000000;font-size: 12pt\"><strong>PREP\u00c1RALO AHORA y ahorra 3<\/strong><strong>00 <\/strong><strong>\u00a1!<\/strong><\/span><\/p>\n<p><span style=\"color: #000000;font-size: 12pt\">Oferta limitada: \u00a1 <strong>Pague<\/strong><strong>99<\/strong> <strong>$<\/strong><strong> ahora y reciba <\/strong><strong>un vale <\/strong><strong>para comprar su tel\u00e9fono HIROH powered by Murena por un total de s\u00f3lo<\/strong><strong>899<\/strong><strong><strong> $ !<\/strong><\/strong><\/span><\/p>\n<p><span style=\"color: #000000;font-size: 12pt\"><strong>C\u00f3mo funciona la PRE VENTA para ti:<br \/>\n<\/strong>&#8211; Paga 99 $ hoy para reservar tu dispositivo.<br \/>\n&#8211; Recibir\u00e1s un cup\u00f3n de 300 $ (99 $ de prepago + 201 $ de descuento) por correo electr\u00f3nico.<br \/>\n&#8211; Utiliza el cup\u00f3n para comprar el dispositivo por 899 $ en lugar de los 1199 $ de precio de venta al p\u00fablico del dispositivo cuando se lance en 2026.<\/span><\/p>\n<p><span style=\"color: #000000;font-size: 12pt\">El tel\u00e9fono HIROH de Murena est\u00e1 dise\u00f1ado para protegerte. Este smartphone, que funciona con \/e\/OS, est\u00e1 dise\u00f1ado para mantener tu huella digital invisible por defecto. <\/span> <a href=\"https:\/\/murena.com\/america\/es\/shop\/moviles\/nuevo\/hiroh-phone-powered-by-murena-pre-sale\/#android-without-google\">M\u00e1s informaci\u00f3n  <\/a><\/p>\n<p><span style=\"color: #000000;font-size: 12pt\">Calidad y rendimiento sin concesiones.<strong><br \/>\n<\/strong>El tel\u00e9fono HIROH phone powered by Murena est\u00e1 dise\u00f1ado sin concesiones.<\/span><\/p>\n<p><span style=\"color: #000000;font-size: 12pt\">&#8211; <strong> 16 GB de RAM<\/strong> y <strong>512 GB de almacenamiento<\/strong> <strong>ampliable hasta 2 TB,<\/strong> para que tengas espacio para todo lo que importa.<br \/>\n<\/span><span style=\"color: #000000;font-size: 12pt\">&#8211; Una pantalla <strong>AMOLED de 6,67 pulgadas<\/strong> y un sistema de c\u00e1mara que combina un <strong>sensor Samsung de 108 MP<\/strong> con una lente frontal <strong>Sony de 32 MP<\/strong> para obtener detalles n\u00edtidos y sorprendentes en cada toma.<br \/>\n&#8211;  <\/span><span style=\"color: #000000;font-size: 12pt\">Un <strong>interruptor de corte de hardware <\/strong>que desconecta el micr\u00f3fono y las c\u00e1maras a nivel de circuito, sin dejar nada abierto a la intrusi\u00f3n.<br \/>\n<\/span><span style=\"color: #000000;font-size: 12pt\">&#8211; Un <strong>interruptor basado en software<\/strong>, para apagar f\u00e1cilmente todas tus se\u00f1ales de radio, Wi-Fi, Bluetooth y NFC.<br \/>\n<\/span><a href=\"https:\/\/murena.com\/america\/es\/shop\/moviles\/nuevo\/hiroh-phone-powered-by-murena-pre-sale\/#tech-spec\">M\u00e1s informaci\u00f3n<\/a><\/p>\n<p data-start=\"1286\" data-end=\"1478\"><span style=\"color: #000000;font-size: 12pt\">El <strong>tel\u00e9fono HIROH phone powered by Murena<\/strong> no es un terminal m\u00e1s en un mercado saturado. Es un rechazo, una negativa a aceptar que la vigilancia es el precio de la tecnolog\u00eda moderna. La privacidad no es un parche. Est\u00e1 integrada.   <\/span><\/p>\n","protected":false},"featured_media":513047,"comment_status":"open","ping_status":"closed","template":"","meta":{"_seopress_robots_primary_cat":"none","_seopress_titles_title":"Tel\u00e9fono HIROH con tecnolog\u00eda Murena","_seopress_titles_desc":"\u00a1HIROH tel\u00e9fono impulsado por Murena con privacidad matar botones del interruptor.\nPRE-ORDENAR AHORA y ahorrar $ 200! \u00a1Paga $99 ahora y compra tu tel\u00e9fono por s\u00f3lo $999!","_seopress_robots_index":""},"product_brand":[],"product_cat":[533],"product_tag":[757,758,756],"class_list":{"0":"post-509447","1":"product","2":"type-product","3":"status-publish","4":"has-post-thumbnail","6":"product_cat-nuevo","7":"product_tag-hiroh-impulsado-por-murena","8":"product_tag-oferta-por-reserva-anticipada","9":"product_tag-preventa","10":"pa_code-hs-85171200-es","11":"pa_colour-platinium-es","12":"pa_colour-negro","13":"pa_origin-country-china-es","14":"wpbf-post","17":"outofstock","18":"taxable","19":"shipping-taxable","20":"purchasable","21":"product-type-variable"},"bundled_by":[],"bundle_stock_status":"outofstock","bundle_stock_quantity":0,"bundle_virtual":false,"bundle_layout":"","bundle_add_to_cart_form_location":"","bundle_editable_in_cart":false,"bundle_sold_individually_context":"","bundle_item_grouping":"","bundle_min_size":"","bundle_max_size":"","bundle_price":[],"bundled_items":[],"bundle_sell_ids":[],"supplier_id":null,"supplier_sku":"","barcode":null,"atum_controlled":true,"out_stock_date":"2025-09-18 06:36:24","out_stock_threshold":null,"inheritable":true,"inbound_stock":0,"stock_on_hold":1,"sold_today":0,"sales_last_days":6,"reserved_stock":0,"customer_returns":0,"warehouse_damage":0,"lost_in_post":0,"other_logs":0,"out_stock_days":233,"lost_sales":0,"has_location":false,"update_date":"2026-05-10T00:37:49","atum_locations":[],"atum_stock_status":"outofstock","restock_status":false,"low_stock_amount":"","sales_update_date":"2026-05-10T00:37:48","calc_backorders":null,"linked_bom":[],"sync_purchase_price":false,"bom_sellable":null,"minimum_threshold":null,"available_to_purchase":null,"selling_priority":null,"calculated_stock":null,"is_bom":false,"mi_inventories":[],"multi_inventory":"no","inventory_sorting_mode":"global","inventory_iteration":"global","expirable_inventories":"global","price_per_inventory":"global","show_write_off_inventories":"global","selectable_inventories":"global","selectable_inventories_mode":"global","_links":{"self":[{"href":"https:\/\/murena.com\/america\/es\/wp-json\/wp\/v2\/product\/509447","targetHints":{"allow":["GET"]}}],"collection":[{"href":"https:\/\/murena.com\/america\/es\/wp-json\/wp\/v2\/product"}],"about":[{"href":"https:\/\/murena.com\/america\/es\/wp-json\/wp\/v2\/types\/product"}],"replies":[{"embeddable":true,"href":"https:\/\/murena.com\/america\/es\/wp-json\/wp\/v2\/comments?post=509447"}],"wp:featuredmedia":[{"embeddable":true,"href":"https:\/\/murena.com\/america\/es\/wp-json\/wp\/v2\/media\/513047"}],"wp:attachment":[{"href":"https:\/\/murena.com\/america\/es\/wp-json\/wp\/v2\/media?parent=509447"}],"wp:term":[{"taxonomy":"product_brand","embeddable":true,"href":"https:\/\/murena.com\/america\/es\/wp-json\/wp\/v2\/product_brand?post=509447"},{"taxonomy":"product_cat","embeddable":true,"href":"https:\/\/murena.com\/america\/es\/wp-json\/wp\/v2\/product_cat?post=509447"},{"taxonomy":"product_tag","embeddable":true,"href":"https:\/\/murena.com\/america\/es\/wp-json\/wp\/v2\/product_tag?post=509447"}],"curies":[{"name":"wp","href":"https:\/\/api.w.org\/{rel}","templated":true}]}}