{"id":508946,"date":"2025-08-22T07:44:58","date_gmt":"2025-08-22T11:44:58","guid":{"rendered":"https:\/\/murena.com\/america\/?post_type=product&#038;p=508946"},"modified":"2026-02-23T01:38:24","modified_gmt":"2026-02-23T06:38:24","slug":"fairphone-gen-6-usb-c-puerto","status":"publish","type":"product","link":"https:\/\/murena.com\/america\/es\/shop\/recambios\/fairphone-gen-6-usb-c-puerto\/","title":{"rendered":"Puerto USB-C de Fairphone (Gen. 6)"},"content":{"rendered":"","protected":false},"excerpt":{"rendered":"<p>Detr\u00e1s de cada carga r\u00e1pida y transferencia fluida de archivos est\u00e1 esta peque\u00f1a pieza de hardware haciendo el trabajo pesado. De tama\u00f1o compacto, pero esencial para el rendimiento.<\/p>\n","protected":false},"featured_media":508696,"comment_status":"open","ping_status":"closed","template":"","meta":{"_seopress_robots_primary_cat":"none","_seopress_titles_title":"Fairphone (Gen. 6) Puerto USB-C - Murena - deGoogled Phones","_seopress_titles_desc":"Este puerto USB-C mantiene tu Fairphone funcionando a pleno rendimiento. Una pieza peque\u00f1a pero vital, que impulsa la carga, la transferencia de datos y un rendimiento fluido todos los d\u00edas.","_seopress_robots_index":""},"product_brand":[],"product_cat":[653],"product_tag":[725],"class_list":{"0":"post-508946","1":"product","2":"type-product","3":"status-publish","4":"has-post-thumbnail","6":"product_cat-recambios","7":"product_tag-recambios","8":"wpbf-post","11":"instock","12":"taxable","13":"shipping-taxable","14":"purchasable","15":"product-type-simple"},"bundled_by":[],"bundle_stock_status":"instock","bundle_stock_quantity":1,"bundle_virtual":false,"bundle_layout":"","bundle_add_to_cart_form_location":"","bundle_editable_in_cart":false,"bundle_sold_individually_context":"","bundle_item_grouping":"","bundle_min_size":"","bundle_max_size":"","bundle_price":[],"bundled_items":[],"bundle_sell_ids":[],"supplier_id":500111,"supplier_sku":"FP6 USB-C Port v1","barcode":null,"atum_controlled":true,"out_stock_date":null,"out_stock_threshold":null,"inheritable":false,"inbound_stock":10,"stock_on_hold":0,"sold_today":0,"sales_last_days":0,"reserved_stock":0,"customer_returns":0,"warehouse_damage":0,"lost_in_post":0,"other_logs":0,"out_stock_days":0,"lost_sales":0,"has_location":false,"update_date":"2026-04-22T00:35:41","atum_locations":[],"atum_stock_status":"instock","restock_status":false,"low_stock_amount":"","sales_update_date":"2026-04-22T00:35:41","calc_backorders":null,"linked_bom":[],"sync_purchase_price":false,"bom_sellable":null,"minimum_threshold":null,"available_to_purchase":null,"selling_priority":null,"calculated_stock":null,"is_bom":false,"mi_inventories":[],"multi_inventory":"global","inventory_sorting_mode":"global","inventory_iteration":"global","expirable_inventories":"global","price_per_inventory":"global","show_write_off_inventories":"global","selectable_inventories":"global","selectable_inventories_mode":"global","_links":{"self":[{"href":"https:\/\/murena.com\/america\/es\/wp-json\/wp\/v2\/product\/508946","targetHints":{"allow":["GET"]}}],"collection":[{"href":"https:\/\/murena.com\/america\/es\/wp-json\/wp\/v2\/product"}],"about":[{"href":"https:\/\/murena.com\/america\/es\/wp-json\/wp\/v2\/types\/product"}],"replies":[{"embeddable":true,"href":"https:\/\/murena.com\/america\/es\/wp-json\/wp\/v2\/comments?post=508946"}],"wp:featuredmedia":[{"embeddable":true,"href":"https:\/\/murena.com\/america\/es\/wp-json\/wp\/v2\/media\/508696"}],"wp:attachment":[{"href":"https:\/\/murena.com\/america\/es\/wp-json\/wp\/v2\/media?parent=508946"}],"wp:term":[{"taxonomy":"product_brand","embeddable":true,"href":"https:\/\/murena.com\/america\/es\/wp-json\/wp\/v2\/product_brand?post=508946"},{"taxonomy":"product_cat","embeddable":true,"href":"https:\/\/murena.com\/america\/es\/wp-json\/wp\/v2\/product_cat?post=508946"},{"taxonomy":"product_tag","embeddable":true,"href":"https:\/\/murena.com\/america\/es\/wp-json\/wp\/v2\/product_tag?post=508946"}],"curies":[{"name":"wp","href":"https:\/\/api.w.org\/{rel}","templated":true}]}}