{"id":508868,"date":"2025-08-21T05:39:21","date_gmt":"2025-08-21T09:39:21","guid":{"rendered":"https:\/\/murena.com\/america\/?post_type=product&p=508868"},"modified":"2026-01-02T08:50:17","modified_gmt":"2026-01-02T13:50:17","slug":"bateria-de-los-auriculares-fairbuds-xl","status":"publish","type":"product","link":"https:\/\/murena.com\/america\/es\/shop\/recambios\/bateria-de-los-auriculares-fairbuds-xl\/","title":{"rendered":"Bater\u00eda de los auriculares Fairbuds XL"},"content":{"rendered":"","protected":false},"excerpt":{"rendered":"<p>Cambia la pila por una nueva Fairbuds XL y sigue escuchando m\u00fasica sin interrupciones. Dise\u00f1ada para una sustituci\u00f3n r\u00e1pida, es una forma sencilla de recuperar horas de escucha. <\/p>\n","protected":false},"featured_media":508445,"comment_status":"open","ping_status":"closed","template":"","meta":{"_seopress_robots_primary_cat":"none","_seopress_titles_title":"Bater\u00eda Auriculares Fairbuds XL - Murena - deGoogled Phones","_seopress_titles_desc":"La bater\u00eda reemplazable Fairbuds XL mantiene vivo el sonido. C\u00e1mbiala en cuesti\u00f3n de minutos para recuperar un tiempo de reproducci\u00f3n duradero: f\u00e1cil, fiable y dise\u00f1ada para disfrutar de la m\u00fasica sin interrupciones. ","_seopress_robots_index":""},"product_brand":[],"product_cat":[653],"product_tag":[725],"class_list":{"0":"post-508868","1":"product","2":"type-product","3":"status-publish","4":"has-post-thumbnail","6":"product_cat-recambios","7":"product_tag-recambios","8":"pa_code-hs-8518300090-es","9":"pa_origin-country-china-es","10":"wpbf-post","13":"instock","14":"taxable","15":"shipping-taxable","16":"purchasable","17":"product-type-simple"},"bundled_by":[],"bundle_stock_status":"instock","bundle_stock_quantity":8,"bundle_virtual":false,"bundle_layout":"","bundle_add_to_cart_form_location":"","bundle_editable_in_cart":false,"bundle_sold_individually_context":"","bundle_item_grouping":"","bundle_min_size":"","bundle_max_size":"","bundle_price":[],"bundled_items":[],"bundle_sell_ids":[],"supplier_id":500111,"supplier_sku":"Fairbuds XL Headphones Battery","barcode":null,"atum_controlled":true,"out_stock_date":null,"out_stock_threshold":null,"inheritable":false,"inbound_stock":0,"stock_on_hold":0,"sold_today":0,"sales_last_days":0,"reserved_stock":0,"customer_returns":0,"warehouse_damage":0,"lost_in_post":0,"other_logs":0,"out_stock_days":0,"lost_sales":0,"has_location":false,"update_date":"2026-04-22T00:35:24","atum_locations":[],"atum_stock_status":"instock","restock_status":false,"low_stock_amount":"","sales_update_date":"2026-04-22T00:35:24","calc_backorders":null,"linked_bom":[],"sync_purchase_price":false,"bom_sellable":null,"minimum_threshold":null,"available_to_purchase":null,"selling_priority":null,"calculated_stock":null,"is_bom":false,"mi_inventories":[],"multi_inventory":"global","inventory_sorting_mode":"global","inventory_iteration":"global","expirable_inventories":"global","price_per_inventory":"global","show_write_off_inventories":"global","selectable_inventories":"global","selectable_inventories_mode":"global","_links":{"self":[{"href":"https:\/\/murena.com\/america\/es\/wp-json\/wp\/v2\/product\/508868","targetHints":{"allow":["GET"]}}],"collection":[{"href":"https:\/\/murena.com\/america\/es\/wp-json\/wp\/v2\/product"}],"about":[{"href":"https:\/\/murena.com\/america\/es\/wp-json\/wp\/v2\/types\/product"}],"replies":[{"embeddable":true,"href":"https:\/\/murena.com\/america\/es\/wp-json\/wp\/v2\/comments?post=508868"}],"wp:featuredmedia":[{"embeddable":true,"href":"https:\/\/murena.com\/america\/es\/wp-json\/wp\/v2\/media\/508445"}],"wp:attachment":[{"href":"https:\/\/murena.com\/america\/es\/wp-json\/wp\/v2\/media?parent=508868"}],"wp:term":[{"taxonomy":"product_brand","embeddable":true,"href":"https:\/\/murena.com\/america\/es\/wp-json\/wp\/v2\/product_brand?post=508868"},{"taxonomy":"product_cat","embeddable":true,"href":"https:\/\/murena.com\/america\/es\/wp-json\/wp\/v2\/product_cat?post=508868"},{"taxonomy":"product_tag","embeddable":true,"href":"https:\/\/murena.com\/america\/es\/wp-json\/wp\/v2\/product_tag?post=508868"}],"curies":[{"name":"wp","href":"https:\/\/api.w.org\/{rel}","templated":true}]}}