{"id":507327,"date":"2025-06-24T10:50:03","date_gmt":"2025-06-24T14:50:03","guid":{"rendered":"https:\/\/murena.com\/america\/?post_type=product&#038;p=507327"},"modified":"2026-03-02T07:06:21","modified_gmt":"2026-03-02T12:06:21","slug":"fairphone-6-protective-case","status":"publish","type":"product","link":"https:\/\/murena.com\/america\/es\/shop\/accesorios\/fairphone-6-protective-case\/","title":{"rendered":"Funda protectora Fairphone (Gen. 6)"},"content":{"rendered":"","protected":false},"excerpt":{"rendered":"<p>Proteja su Murena Fairphone (Gen. 6) donde m\u00e1s lo necesita.<\/p>\n<p>Esta funda protectora protege el tel\u00e9fono de ca\u00eddas al tiempo que le ofrece la oportunidad de a\u00f1adir otros accesorios al tel\u00e9fono, como tarjetero, bucle para el dedo o cord\u00f3n.<\/p>\n<p>Esta funda de dise\u00f1o est\u00e1 especialmente dise\u00f1ada para ayudar a tu Fairphone (Gen. 6) de Murena a durar a\u00fan m\u00e1s. Su eficiente dise\u00f1o protege las partes m\u00e1s sensibles de tu tel\u00e9fono como los laterales, las esquinas, la parte frontal o la c\u00e1mara.<\/p>\n<p><strong>Compatible<\/strong> con Murena Fairphone (Gen. 6) | <strong>Incompatible<\/strong> con Murena Fairphone 5 y Murena Fairphone 4.<\/p>\n","protected":false},"featured_media":76185,"comment_status":"open","ping_status":"closed","template":"","meta":{"_seopress_robots_primary_cat":"none","_seopress_titles_title":"Funda protectora Fairphone (Gen. 6)","_seopress_titles_desc":"Proteja su Murena Fairphone (Gen. 6) donde m\u00e1s lo necesita.\r\nEsta funda protectora protege el tel\u00e9fono de ca\u00eddas al tiempo que le ofrece la oportunidad de a\u00f1adir otros accesorios al tel\u00e9fono, como tarjetero, bucle para el dedo o cord\u00f3n.","_seopress_robots_index":""},"product_brand":[],"product_cat":[535],"product_tag":[558],"class_list":{"0":"post-507327","1":"product","2":"type-product","3":"status-publish","4":"has-post-thumbnail","6":"product_cat-accesorios","7":"product_tag-accessories-es","8":"pa_colour-blanco","9":"pa_colour-negro","10":"pa_colour-verde-bosque","11":"wpbf-post","14":"instock","15":"taxable","16":"shipping-taxable","17":"purchasable","18":"product-type-variable"},"bundled_by":[],"bundle_stock_status":"instock","bundle_stock_quantity":null,"bundle_virtual":false,"bundle_layout":"","bundle_add_to_cart_form_location":"","bundle_editable_in_cart":false,"bundle_sold_individually_context":"","bundle_item_grouping":"","bundle_min_size":"","bundle_max_size":"","bundle_price":[],"bundled_items":[],"bundle_sell_ids":[],"supplier_id":null,"supplier_sku":"","barcode":null,"atum_controlled":true,"out_stock_date":null,"out_stock_threshold":null,"inheritable":true,"inbound_stock":0,"stock_on_hold":4,"sold_today":0,"sales_last_days":23,"reserved_stock":0,"customer_returns":0,"warehouse_damage":0,"lost_in_post":0,"other_logs":0,"out_stock_days":0,"lost_sales":0,"has_location":false,"update_date":"2026-04-22T02:08:43","atum_locations":[],"atum_stock_status":"instock","restock_status":false,"low_stock_amount":"","sales_update_date":"2026-04-22T00:35:51","calc_backorders":null,"linked_bom":[],"sync_purchase_price":false,"bom_sellable":null,"minimum_threshold":null,"available_to_purchase":null,"selling_priority":null,"calculated_stock":null,"is_bom":false,"mi_inventories":[],"multi_inventory":"no","inventory_sorting_mode":"global","inventory_iteration":"global","expirable_inventories":"global","price_per_inventory":"global","show_write_off_inventories":"global","selectable_inventories":"global","selectable_inventories_mode":"global","_links":{"self":[{"href":"https:\/\/murena.com\/america\/es\/wp-json\/wp\/v2\/product\/507327","targetHints":{"allow":["GET"]}}],"collection":[{"href":"https:\/\/murena.com\/america\/es\/wp-json\/wp\/v2\/product"}],"about":[{"href":"https:\/\/murena.com\/america\/es\/wp-json\/wp\/v2\/types\/product"}],"replies":[{"embeddable":true,"href":"https:\/\/murena.com\/america\/es\/wp-json\/wp\/v2\/comments?post=507327"}],"wp:featuredmedia":[{"embeddable":true,"href":"https:\/\/murena.com\/america\/es\/wp-json\/wp\/v2\/media\/76185"}],"wp:attachment":[{"href":"https:\/\/murena.com\/america\/es\/wp-json\/wp\/v2\/media?parent=507327"}],"wp:term":[{"taxonomy":"product_brand","embeddable":true,"href":"https:\/\/murena.com\/america\/es\/wp-json\/wp\/v2\/product_brand?post=507327"},{"taxonomy":"product_cat","embeddable":true,"href":"https:\/\/murena.com\/america\/es\/wp-json\/wp\/v2\/product_cat?post=507327"},{"taxonomy":"product_tag","embeddable":true,"href":"https:\/\/murena.com\/america\/es\/wp-json\/wp\/v2\/product_tag?post=507327"}],"curies":[{"name":"wp","href":"https:\/\/api.w.org\/{rel}","templated":true}]}}