{"id":507312,"date":"2025-06-24T05:43:42","date_gmt":"2025-06-24T09:43:42","guid":{"rendered":"https:\/\/murena.com\/america\/?post_type=product&#038;p=507312"},"modified":"2026-03-16T05:29:36","modified_gmt":"2026-03-16T09:29:36","slug":"fairphone-6-screen-protector-standard","status":"publish","type":"product","link":"https:\/\/murena.com\/america\/es\/shop\/accesorios\/fairphone-6-screen-protector-standard\/","title":{"rendered":"Fairphone (Gen. 6) Protector de Pantalla Est\u00e1ndar"},"content":{"rendered":"","protected":false},"excerpt":{"rendered":"<p>Proteja su Murena Fairphone (Gen. 6) de los accidentes cotidianos.<\/p>\n<p>Este protector de pantalla est\u00e1ndar est\u00e1 dise\u00f1ado para mantener la pantalla de su tel\u00e9fono a salvo de ara\u00f1azos, rozaduras y peque\u00f1as ca\u00eddas. Fabricado a partir de vidrio templado resistente, act\u00faa como una barrera robusta contra llaves, monedas y otros objetos afilados, ayudando a que su pantalla se mantenga impecable durante m\u00e1s tiempo.<\/p>\n<p>F\u00e1cil de instalar y dise\u00f1ado para un ajuste perfecto para su Murena Fairphone (Gen. 6). Su perfil delgado garantiza que no interferir\u00e1 con la sensibilidad t\u00e1ctil o el uso diario, mientras que los bordes suaves proporcionan una sensaci\u00f3n c\u00f3moda en la mano.<\/p>\n<p><strong>Compatible<\/strong> s\u00f3lo con Murena Fairphone (Gen. 6) | <strong>Incompatible<\/strong> con Murena Fairphone 5 y Fairphone 4.<\/p>\n","protected":false},"featured_media":76192,"comment_status":"open","ping_status":"closed","template":"","meta":{"_seopress_robots_primary_cat":"none","_seopress_titles_title":"Fairphone (Gen. 6) Protector de Pantalla Est\u00e1ndar","_seopress_titles_desc":"Proteja su Murena Fairphone (Gen. 6) de los accidentes cotidianos.\r\nEste protector de pantalla est\u00e1ndar est\u00e1 dise\u00f1ado para mantener la pantalla de su tel\u00e9fono a salvo de ara\u00f1azos, rozaduras y peque\u00f1as ca\u00eddas.","_seopress_robots_index":""},"product_brand":[],"product_cat":[535],"product_tag":[558],"class_list":{"0":"post-507312","1":"product","2":"type-product","3":"status-publish","4":"has-post-thumbnail","6":"product_cat-accesorios","7":"product_tag-accessories-es","8":"wpbf-post","11":"instock","12":"taxable","13":"shipping-taxable","14":"purchasable","15":"product-type-simple"},"bundled_by":[],"bundle_stock_status":"instock","bundle_stock_quantity":9,"bundle_virtual":false,"bundle_layout":"","bundle_add_to_cart_form_location":"","bundle_editable_in_cart":false,"bundle_sold_individually_context":"","bundle_item_grouping":"","bundle_min_size":"","bundle_max_size":"","bundle_price":[],"bundled_items":[],"bundle_sell_ids":[],"supplier_id":500111,"supplier_sku":"","barcode":null,"atum_controlled":true,"out_stock_date":null,"out_stock_threshold":null,"inheritable":false,"inbound_stock":0,"stock_on_hold":2,"sold_today":2,"sales_last_days":30,"reserved_stock":0,"customer_returns":0,"warehouse_damage":0,"lost_in_post":0,"other_logs":0,"out_stock_days":0,"lost_sales":0,"has_location":false,"update_date":"2026-04-22T08:04:06","atum_locations":[],"atum_stock_status":"instock","restock_status":true,"low_stock_amount":0,"sales_update_date":"2026-04-22T08:04:06","calc_backorders":null,"linked_bom":[],"sync_purchase_price":false,"bom_sellable":null,"minimum_threshold":null,"available_to_purchase":null,"selling_priority":null,"calculated_stock":null,"is_bom":false,"mi_inventories":[],"multi_inventory":"no","inventory_sorting_mode":"global","inventory_iteration":"global","expirable_inventories":"global","price_per_inventory":"global","show_write_off_inventories":"global","selectable_inventories":"global","selectable_inventories_mode":"global","_links":{"self":[{"href":"https:\/\/murena.com\/america\/es\/wp-json\/wp\/v2\/product\/507312","targetHints":{"allow":["GET"]}}],"collection":[{"href":"https:\/\/murena.com\/america\/es\/wp-json\/wp\/v2\/product"}],"about":[{"href":"https:\/\/murena.com\/america\/es\/wp-json\/wp\/v2\/types\/product"}],"replies":[{"embeddable":true,"href":"https:\/\/murena.com\/america\/es\/wp-json\/wp\/v2\/comments?post=507312"}],"wp:featuredmedia":[{"embeddable":true,"href":"https:\/\/murena.com\/america\/es\/wp-json\/wp\/v2\/media\/76192"}],"wp:attachment":[{"href":"https:\/\/murena.com\/america\/es\/wp-json\/wp\/v2\/media?parent=507312"}],"wp:term":[{"taxonomy":"product_brand","embeddable":true,"href":"https:\/\/murena.com\/america\/es\/wp-json\/wp\/v2\/product_brand?post=507312"},{"taxonomy":"product_cat","embeddable":true,"href":"https:\/\/murena.com\/america\/es\/wp-json\/wp\/v2\/product_cat?post=507312"},{"taxonomy":"product_tag","embeddable":true,"href":"https:\/\/murena.com\/america\/es\/wp-json\/wp\/v2\/product_tag?post=507312"}],"curies":[{"name":"wp","href":"https:\/\/api.w.org\/{rel}","templated":true}]}}