{"id":507309,"date":"2025-03-04T06:50:35","date_gmt":"2025-03-04T11:50:35","guid":{"rendered":"https:\/\/murena.com\/america\/shop\/sin categor\u00eda\/fairphone-4-flip-case\/"},"modified":"2026-01-02T08:50:14","modified_gmt":"2026-01-02T13:50:14","slug":"fairphone-4-flip-case","status":"publish","type":"product","link":"https:\/\/murena.com\/america\/es\/shop\/accesorios\/fairphone-4-flip-case\/","title":{"rendered":"Fairphone 4 Flip Case"},"content":{"rendered":"","protected":false},"excerpt":{"rendered":"<p>Esta funda protectora de forma ajustada est\u00e1 fabricada con material 100% reciclado y proporciona comodidad, durabilidad y estilo adicionales a su Fairphone 4 de Murena.<\/p>\n<p>Es delgada, ligera y suave, pero lo suficientemente resistente como para soportar ca\u00eddas inesperadas. Fabricada con material reciclado 100% preconsumo no t\u00f3xico, envuelve cuidadosamente los bordes de la pantalla y absorbe los impactos para ofrecer la m\u00e1xima protecci\u00f3n. <\/p>\n<p>Con recortes precisos y cubiertas de botones sensibles, esta funda de dise\u00f1o sutil est\u00e1 especialmente dise\u00f1ada para que tu Fairphone 4 de Murena dure a\u00fan m\u00e1s.<\/p>\n<p>Compatible con Murena Fairphone 4 | <strong>Incompatible<\/strong> con Murena Fairphone 3+, Murena Fairphone 3<\/p>\n","protected":false},"featured_media":506073,"comment_status":"open","ping_status":"closed","template":"","meta":{"_seopress_robots_primary_cat":"none","_seopress_titles_title":"","_seopress_titles_desc":"","_seopress_robots_index":""},"product_brand":[],"product_cat":[535],"product_tag":[],"class_list":{"0":"post-507309","1":"product","2":"type-product","3":"status-publish","4":"has-post-thumbnail","6":"product_cat-accesorios","7":"wpbf-post","10":"instock","11":"taxable","12":"shipping-taxable","13":"purchasable","14":"product-type-simple"},"bundled_by":[],"bundle_stock_status":"instock","bundle_stock_quantity":1,"bundle_virtual":false,"bundle_layout":"","bundle_add_to_cart_form_location":"","bundle_editable_in_cart":false,"bundle_sold_individually_context":"","bundle_item_grouping":"","bundle_min_size":"","bundle_max_size":"","bundle_price":[],"bundled_items":[],"bundle_sell_ids":[],"supplier_id":500111,"supplier_sku":"","barcode":null,"atum_controlled":true,"out_stock_date":null,"out_stock_threshold":null,"inheritable":false,"inbound_stock":0,"stock_on_hold":0,"sold_today":0,"sales_last_days":0,"reserved_stock":0,"customer_returns":0,"warehouse_damage":0,"lost_in_post":0,"other_logs":0,"out_stock_days":0,"lost_sales":0,"has_location":false,"update_date":"2026-04-22T00:35:32","atum_locations":[],"atum_stock_status":"instock","restock_status":false,"low_stock_amount":"","sales_update_date":"2026-04-22T00:35:32","calc_backorders":null,"linked_bom":[],"sync_purchase_price":false,"bom_sellable":null,"minimum_threshold":null,"available_to_purchase":null,"selling_priority":null,"calculated_stock":null,"is_bom":false,"mi_inventories":[],"multi_inventory":"global","inventory_sorting_mode":"global","inventory_iteration":"global","expirable_inventories":"global","price_per_inventory":"global","show_write_off_inventories":"global","selectable_inventories":"global","selectable_inventories_mode":"global","_links":{"self":[{"href":"https:\/\/murena.com\/america\/es\/wp-json\/wp\/v2\/product\/507309","targetHints":{"allow":["GET"]}}],"collection":[{"href":"https:\/\/murena.com\/america\/es\/wp-json\/wp\/v2\/product"}],"about":[{"href":"https:\/\/murena.com\/america\/es\/wp-json\/wp\/v2\/types\/product"}],"replies":[{"embeddable":true,"href":"https:\/\/murena.com\/america\/es\/wp-json\/wp\/v2\/comments?post=507309"}],"wp:featuredmedia":[{"embeddable":true,"href":"https:\/\/murena.com\/america\/es\/wp-json\/wp\/v2\/media\/506073"}],"wp:attachment":[{"href":"https:\/\/murena.com\/america\/es\/wp-json\/wp\/v2\/media?parent=507309"}],"wp:term":[{"taxonomy":"product_brand","embeddable":true,"href":"https:\/\/murena.com\/america\/es\/wp-json\/wp\/v2\/product_brand?post=507309"},{"taxonomy":"product_cat","embeddable":true,"href":"https:\/\/murena.com\/america\/es\/wp-json\/wp\/v2\/product_cat?post=507309"},{"taxonomy":"product_tag","embeddable":true,"href":"https:\/\/murena.com\/america\/es\/wp-json\/wp\/v2\/product_tag?post=507309"}],"curies":[{"name":"wp","href":"https:\/\/api.w.org\/{rel}","templated":true}]}}