{"id":507261,"date":"2025-06-20T06:19:48","date_gmt":"2025-06-20T10:19:48","guid":{"rendered":"https:\/\/murena.com\/america\/?post_type=product&#038;p=507261"},"modified":"2026-04-20T01:32:26","modified_gmt":"2026-04-20T05:32:26","slug":"murena-fairphone-6","status":"publish","type":"product","link":"https:\/\/murena.com\/america\/es\/shop\/moviles\/nuevo\/murena-fairphone-6\/","title":{"rendered":"Murena Fairphone (Gen. 6)"},"content":{"rendered":"","protected":false},"excerpt":{"rendered":"<p>\u00a1Nuevo deGoogled Murena Fairphone (Gen. 6)<strong> con \/e\/OS sistema operativo<\/strong>!<\/p>\n<p>\u00a1El Murena Fairphone (Gen. 6) es la opci\u00f3n perfecta para aunar privacidad y sostenibilidad! Impulsado por el sistema operativo \/e\/OS, tu Fairphone Murena (Gen. 6) te protege a ti y a tus datos en todo momento, al tiempo que protege el planeta. <\/p>\n<p>Toma el control y protege tus datos personales mientras utilizas un tel\u00e9fono r\u00e1pido y atractivo que, adem\u00e1s, es sostenible.  <a href=\"https:\/\/murena.com\/america\/es\/shop\/moviles\/nuevo\/murena-fairphone-6\/#android-without-google\">Descubra m\u00e1s.<\/a><\/p>\n<p>Fabricado con un 50% de materiales justos y reciclados, en condiciones justas y con una de las huellas de carbono m\u00e1s bajas del mercado.<\/p>\n<p>Conserva tu Fairphone Murena (Gen. 6) el mayor tiempo posible, gracias a su dise\u00f1o modular y reparable, \u00a1puedes repararlo f\u00e1cilmente t\u00fa mismo!<\/p>\n<p>Equipado con una bater\u00eda extra\u00edble de 4415 mAh, tu tel\u00e9fono puede acompa\u00f1arte todo el d\u00eda, vayas donde vayas. Haz fotos fant\u00e1sticas con su c\u00e1mara con objetivo Sony Lytia 700C de 50 MP. El Fairphone (gen.6) viene con un <strong>interruptor<\/strong> que permite realizar r\u00e1pidamente una funci\u00f3n. Puedes elegir entre una serie de pr\u00e1cticas funciones, como <strong>activar\/desactivar la c\u00e1mara<\/strong> y el <strong>micr\u00f3fono para mayor privacidad<\/strong>, cambiar a <strong>No molestar<\/strong> y <strong>encender la linterna<\/strong>. <a href=\"https:\/\/murena.com\/america\/es\/shop\/moviles\/nuevo\/murena-fairphone-6\/#tech-spec\">M\u00e1s informaci\u00f3n.<\/a><\/p>\n<p>Si quiere un tel\u00e9fono que proteja su intimidad y pueda durar mucho tiempo, el Murena Fairphone (Gen. 6) es la elecci\u00f3n perfecta para usted.<\/p>\n<p dir=\"auto\" data-sourcepos=\"9:1-9:29\"><strong>Dise\u00f1ado para ti. Hecho justo. <\/strong><\/p>\n<p>\/Este tel\u00e9fono <span style=\"text-decoration: underline\">no viene con el sistema Android de Google,<\/span> <span style=\"text-decoration: underline\">no tiene ninguna aplicaci\u00f3n o servicio de Google preinstalado<\/span>. <a href=\"https:\/\/murena.com\/smartphones\/\"><span style=\"text-decoration: underline\">M\u00e1s informaci\u00f3n sobre el sistema \/e\/OS.<\/span><\/a><\/p>\n<p><strong>**S\u00f3lo recomendamos usar este tel\u00e9fono en T-Mobile y sus MNVO. Este tel\u00e9fono no es compatible con la red de Verizon. <\/strong><\/p>\n","protected":false},"featured_media":513671,"comment_status":"open","ping_status":"closed","template":"","meta":{"_seopress_robots_primary_cat":"none","_seopress_titles_title":"Murena Fairphone (Gen. 6)","_seopress_titles_desc":"El deGoogled Murena Fairphone 4 es el primer tel\u00e9fono 5G sostenible y respetuoso con la privacidad.","_seopress_robots_index":""},"product_brand":[],"product_cat":[532,533],"product_tag":[555,576,659,569,571,568,567],"class_list":{"0":"post-507261","1":"product","2":"type-product","3":"status-publish","4":"has-post-thumbnail","6":"product_cat-moviles","7":"product_cat-nuevo","8":"product_tag-5g-es","9":"product_tag-bateria-extraible","10":"product_tag-compatible-con-t-mobile-y-sus-subsidiarias","11":"product_tag-doble-sim","12":"product_tag-extended-warranty-es","13":"product_tag-liberado","14":"product_tag-nuevo","15":"pa_colour-blanco","16":"pa_colour-negro","17":"pa_colour-verde-bosque","18":"wpbf-post","21":"instock","22":"sale","23":"taxable","24":"shipping-taxable","25":"purchasable","26":"product-type-variable","27":"has-default-attributes"},"bundled_by":[],"bundle_stock_status":"instock","bundle_stock_quantity":null,"bundle_virtual":false,"bundle_layout":"","bundle_add_to_cart_form_location":"","bundle_editable_in_cart":false,"bundle_sold_individually_context":"","bundle_item_grouping":"","bundle_min_size":"","bundle_max_size":"","bundle_price":[],"bundled_items":[],"bundle_sell_ids":[],"supplier_id":null,"supplier_sku":"","barcode":null,"atum_controlled":true,"out_stock_date":null,"out_stock_threshold":null,"inheritable":true,"inbound_stock":240,"stock_on_hold":16,"sold_today":2,"sales_last_days":128,"reserved_stock":0,"customer_returns":0,"warehouse_damage":0,"lost_in_post":0,"other_logs":0,"out_stock_days":0,"lost_sales":0,"has_location":false,"update_date":"2026-04-24T05:08:11","atum_locations":[],"atum_stock_status":"instock","restock_status":false,"low_stock_amount":"","sales_update_date":"2026-04-24T00:35:53","calc_backorders":null,"linked_bom":[],"sync_purchase_price":false,"bom_sellable":null,"minimum_threshold":null,"available_to_purchase":null,"selling_priority":null,"calculated_stock":null,"is_bom":false,"mi_inventories":[],"multi_inventory":"no","inventory_sorting_mode":"global","inventory_iteration":"global","expirable_inventories":"global","price_per_inventory":"global","show_write_off_inventories":"global","selectable_inventories":"global","selectable_inventories_mode":"global","_links":{"self":[{"href":"https:\/\/murena.com\/america\/es\/wp-json\/wp\/v2\/product\/507261","targetHints":{"allow":["GET"]}}],"collection":[{"href":"https:\/\/murena.com\/america\/es\/wp-json\/wp\/v2\/product"}],"about":[{"href":"https:\/\/murena.com\/america\/es\/wp-json\/wp\/v2\/types\/product"}],"replies":[{"embeddable":true,"href":"https:\/\/murena.com\/america\/es\/wp-json\/wp\/v2\/comments?post=507261"}],"wp:featuredmedia":[{"embeddable":true,"href":"https:\/\/murena.com\/america\/es\/wp-json\/wp\/v2\/media\/513671"}],"wp:attachment":[{"href":"https:\/\/murena.com\/america\/es\/wp-json\/wp\/v2\/media?parent=507261"}],"wp:term":[{"taxonomy":"product_brand","embeddable":true,"href":"https:\/\/murena.com\/america\/es\/wp-json\/wp\/v2\/product_brand?post=507261"},{"taxonomy":"product_cat","embeddable":true,"href":"https:\/\/murena.com\/america\/es\/wp-json\/wp\/v2\/product_cat?post=507261"},{"taxonomy":"product_tag","embeddable":true,"href":"https:\/\/murena.com\/america\/es\/wp-json\/wp\/v2\/product_tag?post=507261"}],"curies":[{"name":"wp","href":"https:\/\/api.w.org\/{rel}","templated":true}]}}