{"id":506725,"date":"2025-05-02T14:00:23","date_gmt":"2025-05-02T18:00:23","guid":{"rendered":"https:\/\/murena.com\/america\/?post_type=product&#038;p=506725"},"modified":"2026-03-04T03:02:23","modified_gmt":"2026-03-04T08:02:23","slug":"murena-teracube-2s","status":"publish","type":"product","link":"https:\/\/murena.com\/america\/es\/shop\/moviles\/nuevo\/murena-teracube-2s\/","title":{"rendered":"Murena Teracube 2s"},"content":{"rendered":"","protected":false},"excerpt":{"rendered":"<div class=\"elementor-element elementor-element-7e14f113 elementor-widget elementor-widget-jet-single-excerpt\" data-id=\"7e14f113\" data-element_type=\"widget\" data-widget_type=\"jet-single-excerpt.default\">\n<div class=\"elementor-widget-container\">\n<div class=\"elementor-jet-single-excerpt jet-woo-builder\">\n<div class=\"woocommerce-product-details__short-description\">\n<p>La Murena Teracube 2s es una gran combinaci\u00f3n hacia una mejor sostenibilidad, gracias a su dise\u00f1o modular, bater\u00eda reemplazable y deGoogled \/e\/OS. <a href=\"https:\/\/murena.com\/america\/es\/shop\/moviles\/nuevo\/murena-teracube-2s\/#android-without-google\">Leer m\u00e1s<\/a><\/p>\n<p>Tiene una bater\u00eda reemplazable de 4000mAh, se puede reparar en casa, est\u00e1 hecha de material reciclado y viene con una resistente funda biodegradable. <a href=\"https:\/\/murena.com\/america\/es\/shop\/moviles\/nuevo\/murena-teracube-2s\/#tech-spec\">Leer m\u00e1s<\/a><\/p>\n<p>Tiene cuatro a\u00f1os de garant\u00eda y una tarifa plana para reparaciones accidentales, porque sabemos que pasan cosas.<\/p>\n<p>\u00a1A\u00fan ligero y ahora equipado con un procesador m\u00e1s potente, el nuevo Murena Teracube 2s es una excelente opci\u00f3n para deGooglear tu vida!<\/p>\n<p><strong>**Aunque estos tel\u00e9fonos son t\u00e9cnicamente compatibles con AT&amp;T, ya no recomendamos AT&amp;T ni sus operadores dependientes. Por favor, cambie a un operador compatible basado en TMobile. <\/strong><\/p>\n<\/div>\n<\/div>\n<\/div>\n<\/div>\n","protected":false},"featured_media":511328,"comment_status":"open","ping_status":"closed","template":"","meta":{"_seopress_robots_primary_cat":"none","_seopress_titles_title":"Murena Teracube 2s","_seopress_titles_desc":"El Murena Teracube 2s es una fant\u00e1stica combinaci\u00f3n hacia una mejor sostenibilidad entre su dise\u00f1o modular, su bater\u00eda reemplazable junto al ligero deGoogled \/e\/OS.","_seopress_robots_index":""},"product_brand":[],"product_cat":[533],"product_tag":[548,552,576,569,568,567],"class_list":{"0":"post-506725","1":"product","2":"type-product","3":"status-publish","4":"has-post-thumbnail","6":"product_cat-nuevo","7":"product_tag-4-anos-de-garantia","8":"product_tag-64-gb-es","9":"product_tag-bateria-extraible","10":"product_tag-doble-sim","11":"product_tag-liberado","12":"product_tag-nuevo","13":"product_shipping_class-usa-flat-rate-class-es-2","14":"wpbf-post","17":"instock","18":"taxable","19":"shipping-taxable","20":"purchasable","21":"product-type-simple"},"bundled_by":[],"bundle_stock_status":"instock","bundle_stock_quantity":6,"bundle_virtual":false,"bundle_layout":"","bundle_add_to_cart_form_location":"","bundle_editable_in_cart":false,"bundle_sold_individually_context":"","bundle_item_grouping":"","bundle_min_size":"","bundle_max_size":"","bundle_price":[],"bundled_items":[],"bundle_sell_ids":[],"supplier_id":500265,"supplier_sku":"","barcode":null,"atum_controlled":false,"out_stock_date":"2025-05-02 14:00:24","out_stock_threshold":null,"inheritable":false,"inbound_stock":40,"stock_on_hold":2,"sold_today":0,"sales_last_days":0,"reserved_stock":null,"customer_returns":null,"warehouse_damage":null,"lost_in_post":null,"other_logs":null,"out_stock_days":354,"lost_sales":0,"has_location":true,"update_date":"2026-04-22T00:35:49","atum_locations":[{"id":523,"name":"Fulfillrite","slug":"fulfillrite"}],"atum_stock_status":"instock","restock_status":false,"low_stock_amount":"","sales_update_date":"2026-04-22T00:35:49","calc_backorders":0,"linked_bom":[],"sync_purchase_price":false,"bom_sellable":null,"minimum_threshold":null,"available_to_purchase":null,"selling_priority":null,"calculated_stock":null,"is_bom":false,"mi_inventories":[],"multi_inventory":"global","inventory_sorting_mode":"global","inventory_iteration":"global","expirable_inventories":"global","price_per_inventory":"global","show_write_off_inventories":"global","selectable_inventories":"global","selectable_inventories_mode":"global","_links":{"self":[{"href":"https:\/\/murena.com\/america\/es\/wp-json\/wp\/v2\/product\/506725","targetHints":{"allow":["GET"]}}],"collection":[{"href":"https:\/\/murena.com\/america\/es\/wp-json\/wp\/v2\/product"}],"about":[{"href":"https:\/\/murena.com\/america\/es\/wp-json\/wp\/v2\/types\/product"}],"replies":[{"embeddable":true,"href":"https:\/\/murena.com\/america\/es\/wp-json\/wp\/v2\/comments?post=506725"}],"wp:featuredmedia":[{"embeddable":true,"href":"https:\/\/murena.com\/america\/es\/wp-json\/wp\/v2\/media\/511328"}],"wp:attachment":[{"href":"https:\/\/murena.com\/america\/es\/wp-json\/wp\/v2\/media?parent=506725"}],"wp:term":[{"taxonomy":"product_brand","embeddable":true,"href":"https:\/\/murena.com\/america\/es\/wp-json\/wp\/v2\/product_brand?post=506725"},{"taxonomy":"product_cat","embeddable":true,"href":"https:\/\/murena.com\/america\/es\/wp-json\/wp\/v2\/product_cat?post=506725"},{"taxonomy":"product_tag","embeddable":true,"href":"https:\/\/murena.com\/america\/es\/wp-json\/wp\/v2\/product_tag?post=506725"}],"curies":[{"name":"wp","href":"https:\/\/api.w.org\/{rel}","templated":true}]}}