{"id":504771,"date":"2024-11-04T09:58:56","date_gmt":"2024-11-04T14:58:56","guid":{"rendered":"https:\/\/murena.com\/america\/shop\/sin%20categor\u00eda\/audifonos-fairbuds-xl\/"},"modified":"2026-03-10T01:01:07","modified_gmt":"2026-03-10T05:01:07","slug":"audifonos-fairbuds-xl","status":"publish","type":"product","link":"https:\/\/murena.com\/america\/es\/shop\/audio-es\/audifonos-fairbuds-xl\/","title":{"rendered":"Aud\u00edfonos Fairbuds XL"},"content":{"rendered":"<p>Especificaciones t\u00e9cnicas<\/p>\n<table style=\"border-collapse: collapse;width: 70.0916%;height: 201px\">\n<tbody>\n<tr style=\"height: 37px\">\n<td style=\"width: 26.5789%;height: 33px\"><strong>General<\/strong><\/td>\n<td style=\"width: 23.5434%;height: 33px\"><\/td>\n<\/tr>\n<tr style=\"height: 24px\">\n<td style=\"width: 26.5789%;height: 24px\">Tipo de auriculares<\/td>\n<td style=\"width: 23.5434%;height: 24px\">Sobre la oreja, espalda cerrada<\/td>\n<\/tr>\n<tr style=\"height: 24px\">\n<td style=\"width: 26.5789%;height: 24px\">Talla<\/td>\n<td style=\"width: 23.5434%;height: 24px\">190 x 180 x 70 mm (desplegado)<\/td>\n<\/tr>\n<tr style=\"height: 24px\">\n<td style=\"width: 26.5789%;height: 24px\"><\/td>\n<td style=\"width: 23.5434%;height: 24px\">140 x 180 x 70 mm (plegado)<\/td>\n<\/tr>\n<tr style=\"height: 24px\">\n<td style=\"width: 26.5789%;height: 24px\">Color<\/td>\n<td style=\"width: 23.5434%;height: 24px\">Negro, Verde<\/td>\n<\/tr>\n<tr style=\"height: 24px\">\n<td style=\"width: 26.5789%;height: 24px\">Peso<\/td>\n<td style=\"width: 23.5434%;height: 24px\">330 g<\/td>\n<\/tr>\n<tr style=\"height: 24px\">\n<td style=\"width: 26.5789%;height: 24px\">Impermeable<\/td>\n<td style=\"width: 23.5434%;height: 24px\">IP54<\/td>\n<\/tr>\n<tr style=\"height: 24px\">\n<td style=\"width: 26.5789%;height: 24px\">Controlar<\/td>\n<td style=\"width: 23.5434%;height: 24px\">Joystick y bot\u00f3n ANC<\/td>\n<\/tr>\n<\/tbody>\n<\/table>\n<table style=\"border-collapse: collapse;width: 70.2341%;height: 154px\">\n<tbody>\n<tr style=\"height: 63px\">\n<td style=\"width: 17.638%;height: 34px\"><strong>Sonido<\/strong><\/td>\n<td style=\"width: 15.6479%;height: 34px\"><\/td>\n<\/tr>\n<tr style=\"height: 24px\">\n<td style=\"width: 17.638%;height: 24px\">Di\u00e1metro del conductor<\/td>\n<td style=\"width: 15.6479%;height: 24px\">40 mm<\/td>\n<\/tr>\n<tr style=\"height: 24px\">\n<td style=\"width: 17.638%;height: 24px\">Tipo de conductor<\/td>\n<td style=\"width: 15.6479%;height: 24px\">Din\u00e1mico<\/td>\n<\/tr>\n<tr style=\"height: 24px\">\n<td style=\"width: 17.638%;height: 24px\">Respuesta en frecuencia<\/td>\n<td style=\"width: 15.6479%;height: 24px\">20 Hz &#8211; 20 KHz<\/td>\n<\/tr>\n<tr style=\"height: 24px\">\n<td style=\"width: 17.638%;height: 24px\">Sensibilidad<\/td>\n<td style=\"width: 15.6479%;height: 24px\">99 \u00b1 2 dB at 1 KHZ<\/td>\n<\/tr>\n<tr style=\"height: 24px\">\n<td style=\"width: 17.638%;height: 24px\">Impedancia del conductor<\/td>\n<td style=\"width: 15.6479%;height: 24px\">32 \u03a9<\/td>\n<\/tr>\n<\/tbody>\n<\/table>\n<table style=\"border-collapse: collapse;width: 70.2538%;height: 99px\">\n<tbody>\n<tr style=\"height: 27px\">\n<td style=\"width: 37.9549%;height: 27px\"><strong>Cancelaci\u00f3n del ruido<\/strong><\/td>\n<td style=\"width: 33.9894%;height: 27px\"><\/td>\n<\/tr>\n<tr style=\"height: 24px\">\n<td style=\"width: 37.9549%;height: 24px\">Cancelaci\u00f3n activa del ruido<\/td>\n<td style=\"width: 33.9894%;height: 24px\">S\u00ed<\/td>\n<\/tr>\n<tr style=\"height: 24px\">\n<td style=\"width: 37.9549%;height: 24px\">Modo de sonido ambiente<\/td>\n<td style=\"width: 33.9894%;height: 24px\">S\u00ed<\/td>\n<\/tr>\n<tr style=\"height: 24px\">\n<td style=\"width: 37.9549%;height: 24px\">Caracter\u00edsticas especiales<\/td>\n<td style=\"width: 33.9894%;height: 24px\">ANC h\u00edbrido<\/td>\n<\/tr>\n<\/tbody>\n<\/table>\n<table style=\"border-collapse: collapse;width: 70.3704%;height: 146px\">\n<tbody>\n<tr style=\"height: 26px\">\n<td style=\"width: 36.8875%;height: 26px\"><strong>Bater\u00eda<\/strong><\/td>\n<td style=\"width: 33.1549%;height: 26px\"><\/td>\n<\/tr>\n<tr style=\"height: 24px\">\n<td style=\"width: 36.8875%;height: 24px\">Duraci\u00f3n de la bater\u00eda<\/td>\n<td style=\"width: 33.1549%;height: 24px\">Tiempo de llamada \/ m\u00fasica: \u2265 26 h (ANC activado)<\/td>\n<\/tr>\n<tr style=\"height: 24px\">\n<td style=\"width: 36.8875%;height: 24px\">(Tiempo de conversaci\u00f3n o m\u00fasica al 80% de volumen)<\/td>\n<td style=\"width: 33.1549%;height: 24px\">Tiempo de llamada \/ m\u00fasica: \u2265 30 h (ANC desactivado)<\/td>\n<\/tr>\n<tr style=\"height: 24px\">\n<td style=\"width: 36.8875%;height: 24px\">Tiempo en espera<\/td>\n<td style=\"width: 33.1549%;height: 24px\">320 h<\/td>\n<\/tr>\n<tr style=\"height: 24px\">\n<td style=\"width: 36.8875%;height: 24px\">Tiempo de carga<\/td>\n<td style=\"width: 33.1549%;height: 24px\">\u2264 3 <span style=\"font-family: inherit;font-size: inherit\">h<\/span><\/td>\n<\/tr>\n<tr style=\"height: 24px\">\n<td style=\"width: 36.8875%;height: 24px\">Capacidad de la bater\u00eda<\/td>\n<td style=\"width: 33.1549%;height: 24px\">800 mAh<\/td>\n<\/tr>\n<tr>\n<td style=\"width: 36.8875%\">Carga inal\u00e1mbrica<\/td>\n<td style=\"width: 33.1549%\">No<\/td>\n<\/tr>\n<\/tbody>\n<\/table>\n<table style=\"border-collapse: collapse;width: 74.1507%;height: 269px\">\n<tbody>\n<tr style=\"height: 29px\">\n<td style=\"width: 36.1125%;height: 29px\"><strong>Conectividad<\/strong><\/td>\n<td style=\"width: 36.2217%;height: 29px\"><\/td>\n<\/tr>\n<tr style=\"height: 24px\">\n<td style=\"width: 36.1125%;height: 24px\">Bluetooth<\/td>\n<td style=\"width: 36.2217%;height: 24px\">Versi\u00f3n 5.1<\/td>\n<\/tr>\n<tr style=\"height: 24px\">\n<td style=\"width: 36.1125%;height: 24px\">Conexi\u00f3n multipunto<\/td>\n<td style=\"width: 36.2217%;height: 24px\">Doble<\/td>\n<\/tr>\n<tr style=\"height: 24px\">\n<td style=\"width: 36.1125%;height: 24px\">Perfiles<\/td>\n<td style=\"width: 36.2217%;height: 24px\">A2DP V1.3.2, AVRCP V1.6.2, GAVPD V1.3,<\/td>\n<\/tr>\n<tr style=\"height: 24px\">\n<td style=\"width: 36.1125%;height: 24px\"><\/td>\n<td style=\"width: 36.2217%;height: 24px\">HFP V1.7.2, HSP V1.2<\/td>\n<\/tr>\n<tr style=\"height: 24px\">\n<td style=\"width: 36.1125%;height: 24px\">Codec<\/td>\n<td style=\"width: 36.2217%;height: 24px\">AAC \/ SBC \/ APTX HD<\/td>\n<\/tr>\n<tr style=\"height: 24px\">\n<td style=\"width: 36.1125%;height: 24px\">Alcance Bluetooth (l\u00ednea visual)<\/td>\n<td style=\"width: 36.2217%;height: 24px\">10 m<\/td>\n<\/tr>\n<tr style=\"height: 24px\">\n<td style=\"width: 36.1125%;height: 24px\">Puertos<\/td>\n<td style=\"width: 36.2217%;height: 24px\">USB-C (carga y m\u00fasica anal\u00f3gica)<\/td>\n<\/tr>\n<tr style=\"height: 24px\">\n<td style=\"width: 36.1125%;height: 24px\">Cable (not included)<\/td>\n<td style=\"width: 36.2217%;height: 24px\">USB Tipo-C (USB 2.0\/3.0\/3.2)<\/td>\n<\/tr>\n<tr style=\"height: 24px\">\n<td style=\"width: 36.1125%;height: 24px\">Micr\u00f3fono<\/td>\n<td style=\"width: 36.2217%;height: 24px\">Total de 6 micr\u00f3fonos: 2 izquierdos, 4 derechos<\/td>\n<\/tr>\n<tr style=\"height: 24px\">\n<td style=\"width: 36.1125%;height: 24px\">Asistentes inteligentes<\/td>\n<td style=\"width: 36.2217%;height: 24px\">Google Assistant, Amazon Alexa, Apple Siri<\/td>\n<\/tr>\n<\/tbody>\n<\/table>\n<table style=\"border-collapse: collapse;width: 74.3056%;height: 244px\">\n<tbody>\n<tr style=\"height: 28px\">\n<td style=\"width: 37.037%;height: 28px\"><strong>Sostenibilidad<\/strong><\/td>\n<td style=\"width: 37.2686%;height: 28px\"><\/td>\n<\/tr>\n<tr style=\"height: 24px\">\n<td style=\"width: 37.037%;height: 24px\">Piel<\/td>\n<td style=\"width: 37.2686%;height: 24px\">Piel 100% vegana<\/td>\n<\/tr>\n<tr style=\"height: 24px\">\n<td style=\"width: 37.037%;height: 24px\"><\/td>\n<td style=\"width: 37.2686%;height: 24px\">En las almohadillas y la diadema<\/td>\n<\/tr>\n<tr style=\"height: 24px\">\n<td style=\"width: 37.037%;height: 24px\">Metales<\/td>\n<td style=\"width: 37.2686%;height: 24px\">100% aluminio reciclado<\/td>\n<\/tr>\n<tr style=\"height: 24px\">\n<td style=\"width: 37.037%;height: 24px\"><\/td>\n<td style=\"width: 37.2686%;height: 24px\">Esta\u00f1o 100% reciclado en la pasta de soldadura<\/td>\n<\/tr>\n<tr style=\"height: 24px\">\n<td style=\"width: 37.037%;height: 24px\">Pl\u00e1sticos<\/td>\n<td style=\"width: 37.2686%;height: 24px\">&gt; 80% de pl\u00e1sticos reciclados<\/td>\n<\/tr>\n<tr style=\"height: 24px\">\n<td style=\"width: 37.037%;height: 24px\">Materiales de extracci\u00f3n justa<\/td>\n<td style=\"width: 37.2686%;height: 24px\">Oro 100% Fairtrade<\/td>\n<\/tr>\n<tr style=\"height: 24px\">\n<td style=\"width: 37.037%;height: 24px\">Textiles<\/td>\n<td style=\"width: 37.2686%;height: 24px\">Bolsa de viaje fabricada con tejidos reciclados<\/td>\n<\/tr>\n<tr style=\"height: 24px\">\n<td style=\"width: 37.037%;height: 24px\">Longevidad<\/td>\n<td style=\"width: 37.2686%;height: 24px\">Dise\u00f1o modular y reparable<\/td>\n<\/tr>\n<tr style=\"height: 24px\">\n<td style=\"width: 37.037%;height: 24px\">Condiciones laborales justas Conciencia clim\u00e1ticaS\u00ed<\/td>\n<td style=\"width: 37.2686%;height: 24px\">S\u00ed<\/td>\n<\/tr>\n<\/tbody>\n<\/table>\n","protected":false},"excerpt":{"rendered":"<p>Si quieres una buena calidad de sonido con unos aud\u00edfonos sostenibles y reparables, los Fairbuds XL est\u00e1n hechos para ti.<\/p>\n<p>Estos auriculares inal\u00e1mbricos te proporcionar\u00e1n una experiencia de sonido envolvente gracias a su opci\u00f3n de cancelaci\u00f3n activa del ruido.<\/p>\n<p>Disfruta de la m\u00fasica durante horas con su bater\u00eda de larga duraci\u00f3n.<\/p>\n<p>Fairbuds XL est\u00e1 dise\u00f1ado con materiales justos y reciclados. Puedes reparar y sustituir hasta 9 piezas diferentes del auricular, como las almohadillas, la diadema, la bater\u00eda, etc.<\/p>\n<p>Este producto est\u00e1 disponible en negro y verde.<\/p>\n","protected":false},"featured_media":505178,"comment_status":"open","ping_status":"closed","template":"","meta":{"_seopress_robots_primary_cat":"none","_seopress_titles_title":"","_seopress_titles_desc":"","_seopress_robots_index":""},"product_brand":[],"product_cat":[669],"product_tag":[],"class_list":{"0":"post-504771","1":"product","2":"type-product","3":"status-publish","4":"has-post-thumbnail","6":"product_cat-audio-es","7":"pa_colour-negro","8":"pa_colour-verde","9":"wpbf-post","12":"instock","13":"taxable","14":"shipping-taxable","15":"purchasable","16":"product-type-variable"},"bundled_by":["506428"],"bundle_stock_status":"instock","bundle_stock_quantity":null,"bundle_virtual":false,"bundle_layout":"","bundle_add_to_cart_form_location":"","bundle_editable_in_cart":false,"bundle_sold_individually_context":"","bundle_item_grouping":"","bundle_min_size":"","bundle_max_size":"","bundle_price":[],"bundled_items":[],"bundle_sell_ids":[],"supplier_id":null,"supplier_sku":"","barcode":null,"atum_controlled":true,"out_stock_date":null,"out_stock_threshold":null,"inheritable":true,"inbound_stock":0,"stock_on_hold":0,"sold_today":0,"sales_last_days":1,"reserved_stock":0,"customer_returns":0,"warehouse_damage":0,"lost_in_post":0,"other_logs":0,"out_stock_days":0,"lost_sales":0,"has_location":false,"update_date":"2026-04-07T00:34:32","atum_locations":[],"atum_stock_status":"instock","restock_status":false,"low_stock_amount":"","sales_update_date":"2026-04-07T00:34:31","calc_backorders":null,"linked_bom":[],"sync_purchase_price":false,"bom_sellable":null,"minimum_threshold":null,"available_to_purchase":null,"selling_priority":null,"calculated_stock":null,"is_bom":false,"mi_inventories":[],"multi_inventory":"no","inventory_sorting_mode":"global","inventory_iteration":"global","expirable_inventories":"global","price_per_inventory":"global","show_write_off_inventories":"global","selectable_inventories":"global","selectable_inventories_mode":"global","_links":{"self":[{"href":"https:\/\/murena.com\/america\/es\/wp-json\/wp\/v2\/product\/504771","targetHints":{"allow":["GET"]}}],"collection":[{"href":"https:\/\/murena.com\/america\/es\/wp-json\/wp\/v2\/product"}],"about":[{"href":"https:\/\/murena.com\/america\/es\/wp-json\/wp\/v2\/types\/product"}],"replies":[{"embeddable":true,"href":"https:\/\/murena.com\/america\/es\/wp-json\/wp\/v2\/comments?post=504771"}],"wp:featuredmedia":[{"embeddable":true,"href":"https:\/\/murena.com\/america\/es\/wp-json\/wp\/v2\/media\/505178"}],"wp:attachment":[{"href":"https:\/\/murena.com\/america\/es\/wp-json\/wp\/v2\/media?parent=504771"}],"wp:term":[{"taxonomy":"product_brand","embeddable":true,"href":"https:\/\/murena.com\/america\/es\/wp-json\/wp\/v2\/product_brand?post=504771"},{"taxonomy":"product_cat","embeddable":true,"href":"https:\/\/murena.com\/america\/es\/wp-json\/wp\/v2\/product_cat?post=504771"},{"taxonomy":"product_tag","embeddable":true,"href":"https:\/\/murena.com\/america\/es\/wp-json\/wp\/v2\/product_tag?post=504771"}],"curies":[{"name":"wp","href":"https:\/\/api.w.org\/{rel}","templated":true}]}}