{"id":504372,"date":"2024-09-17T09:54:18","date_gmt":"2024-09-17T13:54:18","guid":{"rendered":"https:\/\/murena.com\/america\/?post_type=product&#038;p=504372"},"modified":"2025-06-11T15:50:45","modified_gmt":"2025-06-11T19:50:45","slug":"murena-pixel-7-reacondicionado","status":"publish","type":"product","link":"https:\/\/murena.com\/america\/es\/shop\/moviles\/reacondicionado\/murena-pixel-7-reacondicionado\/","title":{"rendered":"Murena Pixel 7  &#8211; Reacondicionado"},"content":{"rendered":"","protected":false},"excerpt":{"rendered":"<p>Experimenta la privacidad ante todo con el Murena Pixel 7 reacondicionado. Utilizando el revolucionario sistema operativo \/e\/OS, este dispositivo es tu escudo contra la constante recopilaci\u00f3n de datos de Google. Disfruta de los beneficios de un dispositivo inteligente sin la vigilancia, poni\u00e9ndole de nuevo en control de sus datos personales. <a href=\"https:\/\/murena.com\/america\/es\/shop\/moviles\/reacondicionado\/murena-pixel-7-reacondicionado\/#android-without-google\">Leer m\u00e1s<\/a><\/p>\n<p>Compacto pero potente, el Murena Pixel 7 cuenta con una pantalla OLED de 6 pulgadas y 8GB de RAM. Esto asegura un rendimiento \u00e1gil y visuales impresionantes, haciendo que cada tarea sea f\u00e1cil. Captura los momentos de la vida con una c\u00e1mara trasera de 12MP y una c\u00e1mara frontal de 10.8MP, y gu\u00e1rdalos todos con 128GB de almacenamiento. Con una clasificaci\u00f3n IP68, es resistente al polvo y al agua, y su bater\u00eda de 4355 mAh le mantiene en marcha todo el d\u00eda. <a href=\"https:\/\/murena.com\/america\/es\/shop\/moviles\/reacondicionado\/murena-pixel-7-reacondicionado\/#tech-spec\">Leer m\u00e1s<\/a><\/p>\n<p>Elija el Murena Pixel 7: m\u00e1s que un tel\u00e9fono 5G de alto rendimiento, es una declaraci\u00f3n de su elecci\u00f3n para proteger sus datos personales, mientras disfruta de la comodidad y potencia de un smartphone de alta gama.<\/p>\n<p>Todos nuestros tel\u00e9fonos reacondicionados son de Grado A+ Premium Refurbished.<\/p>\n","protected":false},"featured_media":504375,"comment_status":"open","ping_status":"closed","template":"","meta":{"_seopress_robots_primary_cat":"none","_seopress_titles_title":"Murena Pixel 7 - Reacondicionado","_seopress_titles_desc":"Experimenta la privacidad ante todo con el Pixel 7 reacondicionado de Murena. Equipado con el revolucionario sistema operativo \/e\/OS, este dispositivo es tu escudo contra la constante recopilaci\u00f3n de datos de Google. Disfruta de las ventajas de un dispositivo inteligente sin la vigilancia, devolvi\u00e9ndote el control de tus datos personales.","_seopress_robots_index":""},"product_brand":[],"product_cat":[532,534],"product_tag":[549,556,553,555,573,569,568,575],"class_list":{"0":"post-504372","1":"product","2":"type-product","3":"status-publish","4":"has-post-thumbnail","6":"product_cat-moviles","7":"product_cat-reacondicionado","8":"product_tag-1-anos-de-garantia","9":"product_tag-128-gb-es","10":"product_tag-4g-lte-es","11":"product_tag-5g-es","12":"product_tag-bateria-no-extraible","13":"product_tag-doble-sim","14":"product_tag-liberado","15":"product_tag-reacondicionado","16":"wpbf-post","19":"outofstock","20":"purchasable","21":"product-type-simple"},"bundled_by":[],"bundle_stock_status":"outofstock","bundle_stock_quantity":0,"bundle_virtual":false,"bundle_layout":"","bundle_add_to_cart_form_location":"","bundle_editable_in_cart":false,"bundle_sold_individually_context":"","bundle_item_grouping":"","bundle_min_size":"","bundle_max_size":"","bundle_price":[],"bundled_items":[],"bundle_sell_ids":[],"supplier_id":null,"supplier_sku":"","barcode":null,"atum_controlled":false,"out_stock_date":"2024-09-17 13:54:18","out_stock_threshold":null,"inheritable":false,"inbound_stock":0,"stock_on_hold":0,"sold_today":0,"sales_last_days":0,"reserved_stock":null,"customer_returns":null,"warehouse_damage":null,"lost_in_post":null,"other_logs":null,"out_stock_days":581,"lost_sales":0,"has_location":false,"update_date":"2026-04-22T00:35:23","atum_locations":[],"atum_stock_status":"outofstock","restock_status":false,"low_stock_amount":"","sales_update_date":"2026-04-22T00:35:23","calc_backorders":null,"linked_bom":[],"sync_purchase_price":false,"bom_sellable":null,"minimum_threshold":null,"available_to_purchase":null,"selling_priority":null,"calculated_stock":null,"is_bom":false,"mi_inventories":[],"multi_inventory":"no","inventory_sorting_mode":"global","inventory_iteration":"global","expirable_inventories":"global","price_per_inventory":"global","show_write_off_inventories":"global","selectable_inventories":"global","selectable_inventories_mode":"global","_links":{"self":[{"href":"https:\/\/murena.com\/america\/es\/wp-json\/wp\/v2\/product\/504372","targetHints":{"allow":["GET"]}}],"collection":[{"href":"https:\/\/murena.com\/america\/es\/wp-json\/wp\/v2\/product"}],"about":[{"href":"https:\/\/murena.com\/america\/es\/wp-json\/wp\/v2\/types\/product"}],"replies":[{"embeddable":true,"href":"https:\/\/murena.com\/america\/es\/wp-json\/wp\/v2\/comments?post=504372"}],"wp:featuredmedia":[{"embeddable":true,"href":"https:\/\/murena.com\/america\/es\/wp-json\/wp\/v2\/media\/504375"}],"wp:attachment":[{"href":"https:\/\/murena.com\/america\/es\/wp-json\/wp\/v2\/media?parent=504372"}],"wp:term":[{"taxonomy":"product_brand","embeddable":true,"href":"https:\/\/murena.com\/america\/es\/wp-json\/wp\/v2\/product_brand?post=504372"},{"taxonomy":"product_cat","embeddable":true,"href":"https:\/\/murena.com\/america\/es\/wp-json\/wp\/v2\/product_cat?post=504372"},{"taxonomy":"product_tag","embeddable":true,"href":"https:\/\/murena.com\/america\/es\/wp-json\/wp\/v2\/product_tag?post=504372"}],"curies":[{"name":"wp","href":"https:\/\/api.w.org\/{rel}","templated":true}]}}