{"id":76110,"date":"2020-04-16T07:42:35","date_gmt":"2020-04-16T11:42:35","guid":{"rendered":"https:\/\/murena.com\/america\/politica-de-privacidad\/"},"modified":"2024-03-14T12:54:09","modified_gmt":"2024-03-14T16:54:09","slug":"politica-de-privacidad","status":"publish","type":"page","link":"https:\/\/murena.com\/america\/es\/politica-de-privacidad\/","title":{"rendered":"Pol\u00edtica de Privacidad"},"content":{"rendered":"\n<p>Fecha de Vigencia: 4 de Mayo, 2023<\/p>\n\n<p>Gracias por visitar nuestro sitio web, operado por Murena Inc. (\u00abMurena\u00bb, \u00abnosotros\u00bb, \u00abnos\u00bb, o \u00abnuestro\u00bb). Proteger su privacidad es importante para nosotros. Por favor, lea esta Pol\u00edtica de Privacidad para aprender sobre la informaci\u00f3n que Murena recopila de usted y c\u00f3mo Murena utiliza y protege esa informaci\u00f3n.&#013;\n<\/p>\n\n<p>Esta Pol\u00edtica de Privacidad se aplica a la informaci\u00f3n que Murena recopila sobre usted (el \u00abusuario\u00bb, \u00abusted\u00bb) a trav\u00e9s de <a href=\"https:\/\/Murena.com\">https:\/\/Murena.com<\/a> y cualquiera de nuestros sitios web y aplicaciones asociadas con el tel\u00e9fono Murena o la Nube Murena (colectivamente los \u00abServicios\u00bb).&#013;\n<\/p>\n\n<p>AL USAR LOS SERVICIOS, USTED CONSENTIMIENTO LA RECOLECCI\u00d3N, USO Y TRANSFERENCIA DE SUS DATOS COMO SE DESCRIBE EN ESTA POL\u00cdTICA DE PRIVACIDAD. SI USTED NO EST\u00c1 DE ACUERDO CON CUALQUIER PARTE DE ESTA POL\u00cdTICA DE PRIVACIDAD, NO PODR\u00c1 UTILIZAR LOS SERVICIOS.&#013;\n<\/p>\n\n<p>Tenga en cuenta que nuestros Servicios pueden alojarse en servidores ubicados dentro de la Uni\u00f3n Europea. Si usted se encuentra fuera de la Uni\u00f3n Europea, la informaci\u00f3n que recopilamos se procesa y almacena en la Uni\u00f3n Europea, que puede no ofrecer el mismo nivel de protecci\u00f3n de la privacidad que el pa\u00eds desde donde usted est\u00e1 accediendo a los Servicios. Al utilizar los Servicios y proporcionarnos informaci\u00f3n, usted consiente en transferir y procesar su informaci\u00f3n en la Uni\u00f3n Europea.&#013;\n<\/p>\n\n<h1 class=\"wp-block-heading\">1.\t\u00bfQu\u00e9 informaci\u00f3n recopilamos?<\/h1>\n\n<p>Recopilamos las siguientes categor\u00edas y tipos de informaci\u00f3n:<\/p>\n\n<p>\u2022 Informaci\u00f3n proporcionada por los usuarios.<\/p>\n\n<p>\u2022 Informaci\u00f3n proporcionada por personas distintas a los usuarios.<\/p>\n\n<p>\u2022 Informaci\u00f3n de su cuenta. Usted proporciona su correo electr\u00f3nico para crear una cuenta o suscribirse a nuestro bolet\u00edn de noticias u otros Servicios.&#013;\n<\/p>\n\n<p>\u2022 Informaci\u00f3n de pago. Utilizamos procesadores de pago de terceros (por ejemplo, Stripe, Paypal) para ayudar a procesar de manera segura su informaci\u00f3n de pago. La informaci\u00f3n de la tarjeta de cr\u00e9dito que proporciona se encripta y se transmite directamente al procesador de pagos de terceros. No almacenamos su informaci\u00f3n de tarjeta de cr\u00e9dito y no controlamos ni somos responsables de los procesadores de pagos de terceros o de la recopilaci\u00f3n o uso de sus datos por parte de dichos terceros. Al acceder a las pol\u00edticas de privacidad de estas compa\u00f1\u00edas, puede obtener m\u00e1s informaci\u00f3n sobre c\u00f3mo los procesadores de pagos de terceros almacenan y utilizan su informaci\u00f3n de pago.&#013;\n<\/p>\n\n<p>\u2022 Soporte al cliente. Usted puede proporcionarnos cierta informaci\u00f3n, como informaci\u00f3n sobre su uso de los Servicios, incluyendo su informaci\u00f3n de producto y c\u00f3mo contactarlo, para que podamos proporcionar soporte al cliente. Por ejemplo, puede enviarnos por correo electr\u00f3nico informaci\u00f3n sobre el rendimiento de nuestro dispositivo, el rendimiento de la aplicaci\u00f3n y otros problemas.&#013;\n<\/p>\n\n<p>\u2022 Murena tambi\u00e9n utiliza servicios de an\u00e1lisis para recopilar otra informaci\u00f3n, como Matomo. Generalmente, los servicios de an\u00e1lisis no identifican a los usuarios individuales. Muchos servicios de an\u00e1lisis le permiten optar por no participar en la recopilci\u00f3n de datos. <\/p>\n\n<h1 class=\"wp-block-heading\">2. \u00bfPara qu\u00e9 utilizamos su informaci\u00f3n?<\/h1>\n\n<p>Cualquiera de la informaci\u00f3n que recopilamos de usted puede ser utilizada de una de las siguientes maneras:&#013;\n<\/p>\n\n<ul class=\"wp-block-list\">\n<li>Para procesar transacciones. Utilizamos su informaci\u00f3n personal para procesar los pagos que realiza a trav\u00e9s de los Servicios. Su informaci\u00f3n p\u00fablica o privada no ser\u00e1 vendida, intercambiada, transferida o entregada a ning\u00fan otro individuo o entidad por ning\u00fan motivo, sin su consentimiento, excepto para el prop\u00f3sito expreso de entregar los Servicios comprados. &#013;\n<\/li>\n\n\n\n<li>Para enviar correos electr\u00f3nicos peri\u00f3dicos. La direcci\u00f3n de correo electr\u00f3nico que proporciona para el registro del bolet\u00edn y el procesamiento de pedidos puede ser utilizada para enviarle informaci\u00f3n y actualizaciones relacionadas con su pedido y adem\u00e1s para enviarle noticias ocasionales de Murena, actualizaciones, informaci\u00f3n relacionada con productos o servicios, etc. &#013;\n<\/li>\n<\/ul>\n\n<ul class=\"wp-block-list\">\n<li>Seguridad y privacidad. Verificamos cuentas y actividades y aseguramos que los Servicios se utilicen legalmente investigando actividades sospechosas o violaciones de nuestros T\u00e9rminos de Uso o de esta Pol\u00edtica de Privacidad. Esto promueve la seguridad y privacidad de los Servicios.&#013;\n<\/li>\n\n\n\n<li>Comunicaci\u00f3n sobre los Servicios. Utilizamos su informaci\u00f3n, como el correo electr\u00f3nico proporcionado, para comunicarnos con usted sobre los Servicios y las caracter\u00edsticas y le informamos sobre cambios en nuestros T\u00e9rminos de Uso, esta Pol\u00edtica de Privacidad y otras actualizaciones importantes. &#013;\n<\/li>\n\n\n\n<li>Publicidad e informaci\u00f3n comercial. Podemos publicitar nuestros propios productos y los de terceros en base a los productos que usted ha comprado. Usted puede recibir informaci\u00f3n de marketing que puede contener contenido de inter\u00e9s para usted. Como no queremos enviarle spam, usted puede administrar estas comunicaciones y le proporcionaremos recursos para optar por no recibirlos a medida que elija. Respetaremos sus decisiones. &#013;\n<\/li>\n<\/ul>\n\n<h1 class=\"wp-block-heading\">3. \u00bfC\u00f3mo utilizamos su informaci\u00f3n?<\/h1>\n\n<p>Utilizamos su informaci\u00f3n para proporcionarle los productos y servicios que solicita, para procesar sus transacciones, para comunicarnos con usted y para mejorar nuestros Servicios. Tambi\u00e9n podemos utilizar su informaci\u00f3n para enviarle materiales promocionales y otras comunicaciones que creemos que pueden ser de su inter\u00e9s cuando se suscribe a nuestros boletines. &#013;\n<\/p>\n\n<h1 class=\"wp-block-heading\">4. \u00bfObtenemos consentimiento antes de recopilar su informaci\u00f3n?<\/h1>\n\n<p>S\u00ed. Cuando utiliza funciones web como registrar una cuenta o inscribirse para participar en un evento, le pediremos que acepte y acuerde esta Pol\u00edtica de Privacidad.&#013;\n<\/p>\n\n<p>Usted puede retirar su consentimiento para recopilar, usar y divulgar informaci\u00f3n personal en nuestro poder o control enviando una solicitud por escrito (enviada a <a href=\"mailto:helpdesk@murena.com\">helpdesk@murena.com<\/a>). Dependiendo del grado en que retire su consentimiento para que procesemos su informaci\u00f3n personal, esto puede significar que no podr\u00e1 acceder a partes o a todos nuestros Servicios. Eliminar su cuenta no eliminar\u00e1 completamente su informaci\u00f3n de los Servicios; la eliminaci\u00f3n se limitar\u00e1 a la informaci\u00f3n identificable (como su correo electr\u00f3nico, nombre y pa\u00eds). Si desea que su informaci\u00f3n sea completamente eliminada, debe hacernos una solicitud espec\u00edfica por escrito (enviada a <a href=\"mailto:helpdesk@murena.com\">helpdesk@murena.com<\/a>), y atenderemos su solicitud. &#013;\n<\/p>\n\n<h1 class=\"wp-block-heading\">5. \u00bfCu\u00e1nto tiempo retenemos su informaci\u00f3n?<\/h1>\n\n<p>Retenemos su informaci\u00f3n personal solo por el tiempo que sea necesario para proporcionarle los Servicios y cumplir con los prop\u00f3sitos para los que la recopilamos, a menos que la ley requiera un per\u00edodo de retenci\u00f3n m\u00e1s largo o hasta que se elimine la cuenta del usuario, dependiendo de lo que ocurra primero. Cuando ya no necesitemos retener su informaci\u00f3n personal, la eliminaremos de forma segura o la anonimizaremos. &#013;\n<\/p>\n\n<h1 class=\"wp-block-heading\">6. \u00bfC\u00f3mo puede administrar o eliminar informaci\u00f3n sobre usted?<\/h1>\n\n<p>Brindamos a los usuarios la capacidad de administrar, cambiar o eliminar sus datos.<\/p>\n\n<ul class=\"wp-block-list\">\n<li>Cambio de su correo electr\u00f3nico, apodo y m\u00e1s: Puede revisar y cambiar su informaci\u00f3n personal iniciando sesi\u00f3n en su cuenta y visitando la p\u00e1gina de configuraci\u00f3n de su cuenta. &#013;\n<\/li>\n\n\n\n<li>Desuscribirse: Si en alg\u00fan momento desea darse de baja para dejar de recibir futuros correos electr\u00f3nicos, incluimos instrucciones detalladas para darse de baja en la parte inferior de cada correo electr\u00f3nico. Tambi\u00e9n puede darse de baja solicit\u00e1ndonos tal acci\u00f3n envi\u00e1ndonos un correo electr\u00f3nico a helpdesk@murena.com, y eliminaremos prontamente toda su cuenta seg\u00fan lo solicitado. Eliminaci\u00f3n de su cuenta: Si desea eliminar su cuenta, le permitiremos hacerlo en la p\u00e1gina de configuraci\u00f3n de su cuenta.&#013;\n<\/li>\n\n\n\n<li>Eliminar su cuenta eliminar\u00e1 completamente su contenido publicado de nuestros sistemas. &#013;\n<\/li>\n<\/ul>\n\n<p>Nota: Nuestro sitio web y nuestras aplicaciones solo recopilan informaci\u00f3n personal limitada cuando se registra en nuestro sitio o nuestras aplicaciones, realiza un pedido o se suscribe a nuestro bolet\u00edn. &#013;\n<\/p>\n\n<h1 class=\"wp-block-heading\">7. \u00bfLe enviamos informaci\u00f3n promocional?<\/h1>\n\n<p>Recibir\u00e1 informaci\u00f3n promocional solo si se ha suscrito\/optado por hacerlo. Puede darse de baja en cualquier momento para dejar de recibir informaci\u00f3n promocional. La informaci\u00f3n promocional puede incluir informaci\u00f3n sobre productos, actualizaciones de nuevos productos, ventas e informaci\u00f3n similar. &#013;\n<\/p>\n\n<h1 class=\"wp-block-heading\">8. \u00bfCu\u00e1l es nuestra base legal para recopilar informaci\u00f3n?<\/h1>\n\n<ul class=\"wp-block-list\">\n<li>A menos que se acuerde un contrato, el usuario acepte o la ley lo requiera, el interesado deber\u00eda tener derecho a no ser objeto de decisiones automatizadas. &#013;\n<\/li>\n\n\n\n<li>Recopilamos la informaci\u00f3n necesaria para brindarle los Servicios. Durante el proceso de recopilaci\u00f3n, cumpliremos estrictamente todas las leyes y regulaciones aplicables y nunca contendremos ninguna informaci\u00f3n que est\u00e9 legalmente prohibida. &#013;\n<\/li>\n<\/ul>\n\n<h1 class=\"wp-block-heading\">9. \u00bfC\u00f3mo se comparte su informaci\u00f3n?<\/h1>\n\n<ul class=\"wp-block-list\">\n<li>Con ciertos proveedores de terceros: Trabajamos con proveedores de terceros para ayudarnos a operar, brindar, mejorar, comprender, personalizar, respaldar y comercializar los Servicios. Cuando compartimos informaci\u00f3n con proveedores de terceros, les pedimos que utilicen su informaci\u00f3n de acuerdo con nuestras instrucciones y t\u00e9rminos o con su permiso expl\u00edcito. &#013;\n<\/li>\n\n\n\n<li>Para la entrega de servicios de terceros: Cuando utiliza servicios de terceros que se integran con los Servicios, estos pueden recibir informaci\u00f3n sobre lo que ha compartido con ellos. Si interact\u00faa con servicios de terceros a trav\u00e9s de los servicios de Murena, puede proporcionar informaci\u00f3n directamente a dichos terceros. Tenga en cuenta que cuando utiliza servicios de terceros, se aplicar\u00e1n sus t\u00e9rminos y pol\u00edticas de privacidad a su uso. &#013;\n<\/li>\n<\/ul>\n\n<h1 class=\"wp-block-heading\">10. \u00bfC\u00f3mo protegemos sus datos personales?<\/h1>\n\n<p>Implementamos una variedad de medidas de seguridad para mantener la seguridad de sus datos personales cuando realiza un pedido o ingresa, env\u00eda o accede a su informaci\u00f3n personal. Ofrecemos el uso de un servidor seguro. Toda la informaci\u00f3n sensible\/cr\u00e9dito proporcionada se transmite a trav\u00e9s de la tecnolog\u00eda Secure Socket Layer (SSL) y luego se encripta en la base de datos del proveedor de la pasarela de pago de terceros, a la que solo pueden acceder aquellos autorizados con derechos de acceso especiales a dichos sistemas, quienes est\u00e1n obligados a mantener la informaci\u00f3n confidencial. Despu\u00e9s de una transacci\u00f3n, su informaci\u00f3n privada (tarjetas de cr\u00e9dito, n\u00fameros de seguro social, financieros, etc.) no se almacenar\u00e1 en nuestros servidores. &#013;\n<\/p>\n\n<h1 class=\"wp-block-heading\">11. \u00bfRevelamos alguna de su informaci\u00f3n a terceros?<\/h1>\n\n<p>No vendemos, comerciamos ni transferimos de ninguna otra manera ninguna informaci\u00f3n de identificaci\u00f3n personal a terceros. Esto no incluye a terceros de confianza que nos asisten en la operaci\u00f3n de nuestro sitio web o aplicaciones, en la realizaci\u00f3n de nuestro negocio o en el servicio a usted, siempre que esas partes acuerden mantener esta informaci\u00f3n confidencial (ejemplo: proveedor de env\u00edo, proveedor de almac\u00e9n, etc.). Tambi\u00e9n podemos liberar su informaci\u00f3n cuando sea apropiado para cumplir con la ley, hacer cumplir las pol\u00edticas relacionadas con nuestros Servicios o proteger nuestros derechos, propiedad o seguridad, o los de otros. &#013;\n<\/p>\n\n<h1 class=\"wp-block-heading\">12. \u00bfUtilizamos enlaces de terceros?<\/h1>\n\n<p>En el futuro, podr\u00edamos incluir u ofrecer productos o servicios de terceros en nuestro sitio web, o de otra manera a trav\u00e9s de nuestros Servicios a nuestra discreci\u00f3n. Cada sitio de terceros tendr\u00e1 su propia pol\u00edtica de privacidad separada e independiente. Por lo tanto, no tenemos responsabilidad ni responsabilidad por el contenido y las actividades de estos sitios vinculados de terceros, y usted es responsable de leer las pol\u00edticas de privacidad de dichos sitios de terceros si hace clic en un enlace para acceder a estos sitios. &#013;\n<\/p>\n\n<h1 class=\"wp-block-heading\">13. \u00bfCumplimos con la Ley de Protecci\u00f3n de la Privacidad en L\u00ednea de California (C.O.P.P.A)?<\/h1>\n\n<p>Porque valoramos su privacidad, hemos tomado las precauciones necesarias para cumplir con la Ley de Protecci\u00f3n de la Privacidad en L\u00ednea de California (COPPA). Por lo tanto, no distribuiremos su informaci\u00f3n personal a terceros sin su consentimiento.&#013;\n<\/p>\n\n<p>Como parte de COPPA, todos los usuarios de nuestros Servicios pueden realizar cualquier cambio en su informaci\u00f3n en cualquier momento iniciando sesi\u00f3n en su cuenta y yendo a \u00abEditar perfil de usuario\u00bb. &#013;\n<\/p>\n\n<h1 class=\"wp-block-heading\">14. \u00bfA qu\u00e9 se aplica esta Pol\u00edtica de Privacidad?<\/h1>\n\n<p>Esta Pol\u00edtica de Privacidad se aplica a la informaci\u00f3n recopilada a trav\u00e9s de cualquiera de nuestros Servicios. &#013;\n<\/p>\n\n<h1 class=\"wp-block-heading\">15. \u00bfD\u00f3nde puede encontrar nuestros t\u00e9rminos de venta?<\/h1>\n\n<p>Puede acceder a nuestros T\u00e9rminos de Venta en <a href=\"https:\/\/murena.com\/america\/es\/terminos-de-venta\/\">murena.com\/america\/es\/terminos-de-venta\/<\/a>. Tambi\u00e9n debe leer detenidamente nuestros T\u00e9rminos de Uso y aceptar acceder y utilizar nuestros Servicios.<\/p>\n\n<h1 class=\"wp-block-heading\">16. \u00bfC\u00f3mo puede contactar a Murena con preguntas?<\/h1>\n\n<p>Si tiene alguna pregunta o inquietud, env\u00edenos un correo electr\u00f3nico a <a href=\"mailto:helpdesk@murena.com\">helpdesk@murena.com<\/a>. &#013;\n<\/p>\n\n<h1 class=\"wp-block-heading\">17. \u00bfC\u00f3mo le informamos de los cambios en nuestra pol\u00edtica de privacidad?<\/h1>\n\n<p>Supongamos que decidimos cambiar nuestra Pol\u00edtica de Privacidad, lo cual podemos hacer en cualquier momento y de cualquier manera que sea conforme a la ley a nuestra entera y absoluta discreci\u00f3n. En ese caso, le notificaremos actualizando la fecha de \u00faltima actualizaci\u00f3n a continuaci\u00f3n.&#013;\n<\/p>\n\n<p>Este documento fue actualizado por \u00faltima vez el 4 de mayo de 2023. <\/p>\n\n<h1 class=\"wp-block-heading\">18. \u00bfC\u00f3mo puede contactarse a Murena con preguntas sobre privacidad?<\/h1>\n\n<p>Puede contactarnos con cualquier pregunta o inquietud relacionada con esta Pol\u00edtica de Privacidad enviando un correo a:&#013;\n<\/p>\n\n<p>Murena Inc.<\/p>\n\n<p>121 W 36TH ST NUM 237<\/p>\n\n<p>NEW YORK, NY 10018 USA<\/p>\n\n<p>O puede contactarnos en <a href=\"mailto:helpdesk@murena.com\">helpdesk@murena.com<\/a>.&#013;\n<\/p>\n","protected":false},"excerpt":{"rendered":"<p>Fecha de Vigencia: 4 de Mayo, 2023 Gracias por visitar nuestro sitio web, operado por&#8230;<\/p>\n","protected":false},"author":2,"featured_media":0,"parent":0,"menu_order":0,"comment_status":"closed","ping_status":"closed","template":"","meta":{"_seopress_robots_primary_cat":"","_seopress_titles_title":"Pol\u00edtica de privacidad","_seopress_titles_desc":"Como nuestro proyecto se centra en el respeto de los datos de los usuarios, sabemos que la privacidad es extremadamente importante para usted. No compartimos ninguna informaci\u00f3n individual con nadie.","_seopress_robots_index":"","footnotes":""},"class_list":["post-76110","page","type-page","status-publish","hentry","wpbf-post"],"_links":{"self":[{"href":"https:\/\/murena.com\/america\/es\/wp-json\/wp\/v2\/pages\/76110","targetHints":{"allow":["GET"]}}],"collection":[{"href":"https:\/\/murena.com\/america\/es\/wp-json\/wp\/v2\/pages"}],"about":[{"href":"https:\/\/murena.com\/america\/es\/wp-json\/wp\/v2\/types\/page"}],"author":[{"embeddable":true,"href":"https:\/\/murena.com\/america\/es\/wp-json\/wp\/v2\/users\/2"}],"replies":[{"embeddable":true,"href":"https:\/\/murena.com\/america\/es\/wp-json\/wp\/v2\/comments?post=76110"}],"version-history":[{"count":3,"href":"https:\/\/murena.com\/america\/es\/wp-json\/wp\/v2\/pages\/76110\/revisions"}],"predecessor-version":[{"id":502661,"href":"https:\/\/murena.com\/america\/es\/wp-json\/wp\/v2\/pages\/76110\/revisions\/502661"}],"wp:attachment":[{"href":"https:\/\/murena.com\/america\/es\/wp-json\/wp\/v2\/media?parent=76110"}],"curies":[{"name":"wp","href":"https:\/\/api.w.org\/{rel}","templated":true}]}}