{"id":76106,"date":"2020-02-08T08:49:07","date_gmt":"2020-02-08T13:49:07","guid":{"rendered":"https:\/\/murena.com\/america\/terminos-de-venta\/"},"modified":"2025-09-01T05:52:53","modified_gmt":"2025-09-01T09:52:53","slug":"terminos-de-venta","status":"publish","type":"page","link":"https:\/\/murena.com\/america\/es\/terminos-de-venta\/","title":{"rendered":"T\u00e9rminos de Venta"},"content":{"rendered":"\n<p>\u00daltima actualizaci\u00f3n: 27 de abril de 2023<\/p>\n\n<p>Por favor, lea estos T\u00e9rminos de Venta (\u201cT\u00e9rminos\u201d) cuidadosamente antes de comprar productos o servicios de Murena Inc. (\u201cnosotros\u201d, \u201cnos\u201d o \u201cnuestro\u201d). Al comprar productos o servicios de nosotros, usted acepta estar sujeto a estos T\u00e9rminos. Si no est\u00e1 de acuerdo con estos T\u00e9rminos, no debe comprar productos o servicios de nosotros.<br\/><\/p>\n\n<h1 class=\"wp-block-heading\">1. Alcance<\/h1>\n\n<p>Por favor, lea estos T\u00e9rminos de Venta (\u201cT\u00e9rminos\u201d) cuidadosamente antes de comprar productos o servicios de Murena Inc. (\u201cnosotros\u201d, \u201cnos\u201d o \u201cnuestro\u201d). Al comprar productos o servicios de nosotros, usted acepta estar sujeto a estos T\u00e9rminos. Si no est\u00e1 de acuerdo con estos T\u00e9rminos, no debe comprar productos o servicios de nosotros.<br\/><\/p>\n\n<h1 class=\"wp-block-heading\">2. Pedidos<\/h1>\n\n<p>Por favor, lea estos T\u00e9rminos de Venta (\u201cT\u00e9rminos\u201d) cuidadosamente antes de comprar productos o servicios de Murena Inc. (\u201cnosotros\u201d, \u201cnos\u201d o \u201cnuestro\u201d). Al comprar productos o servicios de nosotros, usted acepta estar sujeto a estos T\u00e9rminos. Si no est\u00e1 de acuerdo con estos T\u00e9rminos, no debe comprar productos o servicios de nosotros.<br\/><\/p>\n\n<h1 class=\"wp-block-heading\">3. Descripciones y Disponibilidad de los Productos<\/h1>\n\n<p>Por favor, lea estos T\u00e9rminos de Venta (\u201cT\u00e9rminos\u201d) cuidadosamente antes de comprar productos o servicios de Murena Inc. (\u201cnosotros\u201d, \u201cnos\u201d o \u201cnuestro\u201d). Al comprar productos o servicios de nosotros, usted acepta estar sujeto a estos T\u00e9rminos. Si no est\u00e1 de acuerdo con estos T\u00e9rminos, no debe comprar productos o servicios de nosotros.<br\/><\/p>\n\n<p>Por favor, lea estos T\u00e9rminos de Venta (\u201cT\u00e9rminos\u201d) cuidadosamente antes de comprar productos o servicios de Murena Inc. (\u201cnosotros\u201d, \u201cnos\u201d o \u201cnuestro\u201d). Al comprar productos o servicios de nosotros, usted acepta estar sujeto a estos T\u00e9rminos. Si no est\u00e1 de acuerdo con estos T\u00e9rminos, no debe comprar productos o servicios de nosotros.<br\/><\/p>\n\n<h1 class=\"wp-block-heading\">4. Precios y Pagos<\/h1>\n\n<p>Por favor, lea estos T\u00e9rminos de Venta (\u201cT\u00e9rminos\u201d) cuidadosamente antes de comprar productos o servicios de Murena Inc. (\u201cnosotros\u201d, \u201cnos\u201d o \u201cnuestro\u201d). Al comprar productos o servicios de nosotros, usted acepta estar sujeto a estos T\u00e9rminos. Si no est\u00e1 de acuerdo con estos T\u00e9rminos, no debe comprar productos o servicios de nosotros.<br\/><\/p>\n\n<h1 class=\"wp-block-heading\">5. Env\u00edo y Entrega<\/h1>\n\n<p>Por favor, lea estos T\u00e9rminos de Venta (\u201cT\u00e9rminos\u201d) cuidadosamente antes de comprar productos o servicios de Murena Inc. (\u201cnosotros\u201d, \u201cnos\u201d o \u201cnuestro\u201d). Al comprar productos o servicios de nosotros, usted acepta estar sujeto a estos T\u00e9rminos. Si no est\u00e1 de acuerdo con estos T\u00e9rminos, no debe comprar productos o servicios de nosotros.<br\/><\/p>\n\n<h1 class=\"wp-block-heading\" id=\"return\">6. Devoluciones, Reembolsos e Intercambios<\/h1>\n\n<p>Por favor, lea estos T\u00e9rminos de Venta (\u201cT\u00e9rminos\u201d) cuidadosamente antes de comprar productos o servicios de Murena Inc. (\u201cnosotros\u201d, \u201cnos\u201d o \u201cnuestro\u201d). Al comprar productos o servicios de nosotros, usted acepta estar sujeto a estos T\u00e9rminos. Si no est\u00e1 de acuerdo con estos T\u00e9rminos, no debe comprar productos o servicios de nosotros.<br\/><\/p>\n\n<p>Por favor, lea estos T\u00e9rminos de Venta (\u201cT\u00e9rminos\u201d) cuidadosamente antes de comprar productos o servicios de Murena Inc. (\u201cnosotros\u201d, \u201cnos\u201d o \u201cnuestro\u201d). Al comprar productos o servicios de nosotros, usted acepta estar sujeto a estos T\u00e9rminos. Si no est\u00e1 de acuerdo con estos T\u00e9rminos, no debe comprar productos o servicios de nosotros.<br\/><\/p>\n\n<p>Por favor, lea estos T\u00e9rminos de Venta (\u201cT\u00e9rminos\u201d) cuidadosamente antes de comprar productos o servicios de Murena Inc. (\u201cnosotros\u201d, \u201cnos\u201d o \u201cnuestro\u201d). Al comprar productos o servicios de nosotros, usted acepta estar sujeto a estos T\u00e9rminos. Si no est\u00e1 de acuerdo con estos T\u00e9rminos, no debe comprar productos o servicios de nosotros.<br\/><\/p>\n\n<p>Por favor, lea estos T\u00e9rminos de Venta (\u201cT\u00e9rminos\u201d) cuidadosamente antes de comprar productos o servicios de Murena Inc. (\u201cnosotros\u201d, \u201cnos\u201d o \u201cnuestro\u201d). Al comprar productos o servicios de nosotros, usted acepta estar sujeto a estos T\u00e9rminos. Si no est\u00e1 de acuerdo con estos T\u00e9rminos, no debe comprar productos o servicios de nosotros.<br\/><\/p>\n\n<p>Por favor, lea estos T\u00e9rminos de Venta (\u201cT\u00e9rminos\u201d) cuidadosamente antes de comprar productos o servicios de Murena Inc. (\u201cnosotros\u201d, \u201cnos\u201d o \u201cnuestro\u201d). Al comprar productos o servicios de nosotros, usted acepta estar sujeto a estos T\u00e9rminos. Si no est\u00e1 de acuerdo con estos T\u00e9rminos, no debe comprar productos o servicios de nosotros.<br\/><\/p>\n\n<p>Por favor, lea estos T\u00e9rminos de Venta (\u201cT\u00e9rminos\u201d) cuidadosamente antes de comprar productos o servicios de Murena Inc. (\u201cnosotros\u201d, \u201cnos\u201d o \u201cnuestro\u201d). Al comprar productos o servicios de nosotros, usted acepta estar sujeto a estos T\u00e9rminos. Si no est\u00e1 de acuerdo con estos T\u00e9rminos, no debe comprar productos o servicios de nosotros.<br\/><\/p>\n\n<p>Por favor, lea estos T\u00e9rminos de Venta (\u201cT\u00e9rminos\u201d) cuidadosamente antes de comprar productos o servicios de Murena Inc. (\u201cnosotros\u201d, \u201cnos\u201d o \u201cnuestro\u201d). Al comprar productos o servicios de nosotros, usted acepta estar sujeto a estos T\u00e9rminos. Si no est\u00e1 de acuerdo con estos T\u00e9rminos, no debe comprar productos o servicios de nosotros.<br\/><\/p>\n\n<h1 class=\"wp-block-heading\">7. Garant\u00eda del Producto<\/h1>\n\n<p>Por favor, lea estos T\u00e9rminos de Venta (\u201cT\u00e9rminos\u201d) cuidadosamente antes de comprar productos o servicios de Murena Inc. (\u201cnosotros\u201d, \u201cnos\u201d o \u201cnuestro\u201d). Al comprar productos o servicios de nosotros, usted acepta estar sujeto a estos T\u00e9rminos. Si no est\u00e1 de acuerdo con estos T\u00e9rminos, no debe comprar productos o servicios de nosotros.<br\/><\/p>\n\n<p>Por favor, lea estos T\u00e9rminos de Venta (\u201cT\u00e9rminos\u201d) cuidadosamente antes de comprar productos o servicios de Murena Inc. (\u201cnosotros\u201d, \u201cnos\u201d o \u201cnuestro\u201d). Al comprar productos o servicios de nosotros, usted acepta estar sujeto a estos T\u00e9rminos. Si no est\u00e1 de acuerdo con estos T\u00e9rminos, no debe comprar productos o servicios de nosotros.<br\/><\/p>\n\n<h1 class=\"wp-block-heading\">8. Cuentas de Usuario<\/h1>\n\n<p>Por favor, lea estos T\u00e9rminos de Venta (\u201cT\u00e9rminos\u201d) cuidadosamente antes de comprar productos o servicios de Murena Inc. (\u201cnosotros\u201d, \u201cnos\u201d o \u201cnuestro\u201d). Al comprar productos o servicios de nosotros, usted acepta estar sujeto a estos T\u00e9rminos. Si no est\u00e1 de acuerdo con estos T\u00e9rminos, no debe comprar productos o servicios de nosotros.<br\/><\/p>\n\n<h1 class=\"wp-block-heading\">9. Privacidad<\/h1>\n\n<p>Por favor, lea estos T\u00e9rminos de Venta (\u201cT\u00e9rminos\u201d) cuidadosamente antes de comprar productos o servicios de Murena Inc. (\u201cnosotros\u201d, \u201cnos\u201d o \u201cnuestro\u201d). Al comprar productos o servicios de nosotros, usted acepta estar sujeto a estos T\u00e9rminos. Si no est\u00e1 de acuerdo con estos T\u00e9rminos, no debe comprar productos o servicios de nosotros.<br\/><\/p>\n\n<h1 class=\"wp-block-heading\">10. Propiedad Intelectual<\/h1>\n\n<p>Por favor, lea estos T\u00e9rminos de Venta (\u201cT\u00e9rminos\u201d) cuidadosamente antes de comprar productos o servicios de Murena Inc. (\u201cnosotros\u201d, \u201cnos\u201d o \u201cnuestro\u201d). Al comprar productos o servicios de nosotros, usted acepta estar sujeto a estos T\u00e9rminos. Si no est\u00e1 de acuerdo con estos T\u00e9rminos, no debe comprar productos o servicios de nosotros.<br\/><\/p>\n\n<h1 class=\"wp-block-heading\">11. Limitaci\u00f3n de Responsabilidad<\/h1>\n\n<p>Por favor, lea estos T\u00e9rminos de Venta (\u201cT\u00e9rminos\u201d) cuidadosamente antes de comprar productos o servicios de Murena Inc. (\u201cnosotros\u201d, \u201cnos\u201d o \u201cnuestro\u201d). Al comprar productos o servicios de nosotros, usted acepta estar sujeto a estos T\u00e9rminos. Si no est\u00e1 de acuerdo con estos T\u00e9rminos, no debe comprar productos o servicios de nosotros.<br\/><\/p>\n\n<p>Por favor, lea estos T\u00e9rminos de Venta (\u201cT\u00e9rminos\u201d) cuidadosamente antes de comprar productos o servicios de Murena Inc. (\u201cnosotros\u201d, \u201cnos\u201d o \u201cnuestro\u201d). Al comprar productos o servicios de nosotros, usted acepta estar sujeto a estos T\u00e9rminos. Si no est\u00e1 de acuerdo con estos T\u00e9rminos, no debe comprar productos o servicios de nosotros.<br\/><\/p>\n\n<h1 class=\"wp-block-heading\">12. Indemnizaci\u00f3n<\/h1>\n\n<p>Por favor, lea estos T\u00e9rminos de Venta (\u201cT\u00e9rminos\u201d) cuidadosamente antes de comprar productos o servicios de Murena Inc. (\u201cnosotros\u201d, \u201cnos\u201d o \u201cnuestro\u201d). Al comprar productos o servicios de nosotros, usted acepta estar sujeto a estos T\u00e9rminos. Si no est\u00e1 de acuerdo con estos T\u00e9rminos, no debe comprar productos o servicios de nosotros.<br\/><\/p>\n\n<h1 class=\"wp-block-heading\">13. Ley Aplicable<\/h1>\n\n<p>Por favor, lea estos T\u00e9rminos de Venta (\u201cT\u00e9rminos\u201d) cuidadosamente antes de comprar productos o servicios de Murena Inc. (\u201cnosotros\u201d, \u201cnos\u201d o \u201cnuestro\u201d). Al comprar productos o servicios de nosotros, usted acepta estar sujeto a estos T\u00e9rminos. Si no est\u00e1 de acuerdo con estos T\u00e9rminos, no debe comprar productos o servicios de nosotros.<br\/><\/p>\n\n<h1 class=\"wp-block-heading\">14.\tModificaciones a estos T\u00e9rminos<\/h1>\n\n<p>Por favor, lea estos T\u00e9rminos de Venta (\u201cT\u00e9rminos\u201d) cuidadosamente antes de comprar productos o servicios de Murena Inc. (\u201cnosotros\u201d, \u201cnos\u201d o \u201cnuestro\u201d). Al comprar productos o servicios de nosotros, usted acepta estar sujeto a estos T\u00e9rminos. Si no est\u00e1 de acuerdo con estos T\u00e9rminos, no debe comprar productos o servicios de nosotros.<br\/><\/p>\n\n<h1 class=\"wp-block-heading\">15.\tResoluci\u00f3n de Disputas<\/h1>\n\n<p>Por favor, lea estos T\u00e9rminos de Venta (\u201cT\u00e9rminos\u201d) cuidadosamente antes de comprar productos o servicios de Murena Inc. (\u201cnosotros\u201d, \u201cnos\u201d o \u201cnuestro\u201d). Al comprar productos o servicios de nosotros, usted acepta estar sujeto a estos T\u00e9rminos. Si no est\u00e1 de acuerdo con estos T\u00e9rminos, no debe comprar productos o servicios de nosotros.<br\/><\/p>\n\n<p>Por favor, lea estos T\u00e9rminos de Venta (\u201cT\u00e9rminos\u201d) cuidadosamente antes de comprar productos o servicios de Murena Inc. (\u201cnosotros\u201d, \u201cnos\u201d o \u201cnuestro\u201d). Al comprar productos o servicios de nosotros, usted acepta estar sujeto a estos T\u00e9rminos. Si no est\u00e1 de acuerdo con estos T\u00e9rminos, no debe comprar productos o servicios de nosotros.<br\/><\/p>\n\n<p>Por favor, lea estos T\u00e9rminos de Venta (\u201cT\u00e9rminos\u201d) cuidadosamente antes de comprar productos o servicios de Murena Inc. (\u201cnosotros\u201d, \u201cnos\u201d o \u201cnuestro\u201d). Al comprar productos o servicios de nosotros, usted acepta estar sujeto a estos T\u00e9rminos. Si no est\u00e1 de acuerdo con estos T\u00e9rminos, no debe comprar productos o servicios de nosotros.<br\/><\/p>\n\n<h1 class=\"wp-block-heading\">16.\tDivisibilidad<\/h1>\n\n<p>Por favor, lea estos T\u00e9rminos de Venta (\u201cT\u00e9rminos\u201d) cuidadosamente antes de comprar productos o servicios de Murena Inc. (\u201cnosotros\u201d, \u201cnos\u201d o \u201cnuestro\u201d). Al comprar productos o servicios de nosotros, usted acepta estar sujeto a estos T\u00e9rminos. Si no est\u00e1 de acuerdo con estos T\u00e9rminos, no debe comprar productos o servicios de nosotros.<br\/><\/p>\n\n<h1 class=\"wp-block-heading\">17.\tRenuncia<\/h1>\n\n<p>Por favor, lea estos T\u00e9rminos de Venta (\u201cT\u00e9rminos\u201d) cuidadosamente antes de comprar productos o servicios de Murena Inc. (\u201cnosotros\u201d, \u201cnos\u201d o \u201cnuestro\u201d). Al comprar productos o servicios de nosotros, usted acepta estar sujeto a estos T\u00e9rminos. Si no est\u00e1 de acuerdo con estos T\u00e9rminos, no debe comprar productos o servicios de nosotros.<br\/><\/p>\n\n<h1 class=\"wp-block-heading\">18.\tAcuerdo Completo<\/h1>\n\n<p>Por favor, lea estos T\u00e9rminos de Venta (\u201cT\u00e9rminos\u201d) cuidadosamente antes de comprar productos o servicios de Murena Inc. (\u201cnosotros\u201d, \u201cnos\u201d o \u201cnuestro\u201d). Al comprar productos o servicios de nosotros, usted acepta estar sujeto a estos T\u00e9rminos. Si no est\u00e1 de acuerdo con estos T\u00e9rminos, no debe comprar productos o servicios de nosotros.<br\/><\/p>\n\n<h1 class=\"wp-block-heading\">19.\tCambios a los T\u00e9rminos<\/h1>\n\n<p>Por favor, lea estos T\u00e9rminos de Venta (\u201cT\u00e9rminos\u201d) cuidadosamente antes de comprar productos o servicios de Murena Inc. (\u201cnosotros\u201d, \u201cnos\u201d o \u201cnuestro\u201d). Al comprar productos o servicios de nosotros, usted acepta estar sujeto a estos T\u00e9rminos. Si no est\u00e1 de acuerdo con estos T\u00e9rminos, no debe comprar productos o servicios de nosotros.<br\/><\/p>\n","protected":false},"excerpt":{"rendered":"<p>\u00daltima actualizaci\u00f3n: 27 de abril de 2023 Por favor, lea estos T\u00e9rminos de Venta (\u201cT\u00e9rminos\u201d)&#8230;<\/p>\n","protected":false},"author":2,"featured_media":0,"parent":0,"menu_order":0,"comment_status":"closed","ping_status":"closed","template":"","meta":{"_seopress_robots_primary_cat":"","_seopress_titles_title":"T\u00e9rminos y Condiciones","_seopress_titles_desc":"Lea nuestros T\u00e9rminos y Condiciones. Estos T\u00e9rminos y Condiciones se aplican a todas las Ventas de Servicios o Productos celebradas entre Usted y MURENA Inc.","_seopress_robots_index":"","footnotes":""},"class_list":["post-76106","page","type-page","status-publish","hentry","wpbf-post"],"_links":{"self":[{"href":"https:\/\/murena.com\/america\/es\/wp-json\/wp\/v2\/pages\/76106","targetHints":{"allow":["GET"]}}],"collection":[{"href":"https:\/\/murena.com\/america\/es\/wp-json\/wp\/v2\/pages"}],"about":[{"href":"https:\/\/murena.com\/america\/es\/wp-json\/wp\/v2\/types\/page"}],"author":[{"embeddable":true,"href":"https:\/\/murena.com\/america\/es\/wp-json\/wp\/v2\/users\/2"}],"replies":[{"embeddable":true,"href":"https:\/\/murena.com\/america\/es\/wp-json\/wp\/v2\/comments?post=76106"}],"version-history":[{"count":3,"href":"https:\/\/murena.com\/america\/es\/wp-json\/wp\/v2\/pages\/76106\/revisions"}],"predecessor-version":[{"id":509080,"href":"https:\/\/murena.com\/america\/es\/wp-json\/wp\/v2\/pages\/76106\/revisions\/509080"}],"wp:attachment":[{"href":"https:\/\/murena.com\/america\/es\/wp-json\/wp\/v2\/media?parent=76106"}],"curies":[{"name":"wp","href":"https:\/\/api.w.org\/{rel}","templated":true}]}}