{"id":76071,"date":"2021-04-30T07:32:30","date_gmt":"2021-04-30T11:32:30","guid":{"rendered":"https:\/\/murena.com\/america\/planes-cloud\/"},"modified":"2024-03-12T08:02:32","modified_gmt":"2024-03-12T12:02:32","slug":"cloud-subscriptions","status":"publish","type":"page","link":"https:\/\/murena.com\/america\/es\/cloud-subscriptions\/","title":{"rendered":"Planes Cloud"},"content":{"rendered":"","protected":false},"excerpt":{"rendered":"","protected":false},"author":2,"featured_media":0,"parent":0,"menu_order":0,"comment_status":"closed","ping_status":"closed","template":"cloud-plans.php","meta":{"_seopress_robots_primary_cat":"","_seopress_titles_title":"Suscripciones a Murena Cloud","_seopress_titles_desc":"Murena Cloud es tu cuenta de correo electr\u00f3nico personal, tu agenda y contactos, tu almacenamiento en la nube y tu suite ofim\u00e1tica online. Todo combinado en un \u00fanico servicio en murena.io, sencillo de usar.","_seopress_robots_index":"","footnotes":""},"class_list":["post-76071","page","type-page","status-publish","hentry","wpbf-post"],"_links":{"self":[{"href":"https:\/\/murena.com\/america\/es\/wp-json\/wp\/v2\/pages\/76071","targetHints":{"allow":["GET"]}}],"collection":[{"href":"https:\/\/murena.com\/america\/es\/wp-json\/wp\/v2\/pages"}],"about":[{"href":"https:\/\/murena.com\/america\/es\/wp-json\/wp\/v2\/types\/page"}],"author":[{"embeddable":true,"href":"https:\/\/murena.com\/america\/es\/wp-json\/wp\/v2\/users\/2"}],"replies":[{"embeddable":true,"href":"https:\/\/murena.com\/america\/es\/wp-json\/wp\/v2\/comments?post=76071"}],"version-history":[{"count":1,"href":"https:\/\/murena.com\/america\/es\/wp-json\/wp\/v2\/pages\/76071\/revisions"}],"predecessor-version":[{"id":500027,"href":"https:\/\/murena.com\/america\/es\/wp-json\/wp\/v2\/pages\/76071\/revisions\/500027"}],"wp:attachment":[{"href":"https:\/\/murena.com\/america\/es\/wp-json\/wp\/v2\/media?parent=76071"}],"curies":[{"name":"wp","href":"https:\/\/api.w.org\/{rel}","templated":true}]}}