{"id":76044,"date":"2023-03-15T09:36:42","date_gmt":"2023-03-15T13:36:42","guid":{"rendered":"https:\/\/murena.com\/america\/mi-cuenta\/"},"modified":"2026-01-07T00:43:25","modified_gmt":"2026-01-07T05:43:25","slug":"my-account","status":"publish","type":"page","link":"https:\/\/murena.com\/america\/es\/my-account\/","title":{"rendered":"Mi cuenta"},"content":{"rendered":"<div class=\"woocommerce\"><\/div>\n","protected":false},"excerpt":{"rendered":"","protected":false},"author":1,"featured_media":0,"parent":0,"menu_order":0,"comment_status":"closed","ping_status":"closed","template":"login.php","meta":{"_seopress_robots_primary_cat":"","_seopress_titles_title":"\u00a1Bienvenido a la p\u00e1gina de tu cuenta!","_seopress_titles_desc":"Desde el escritorio de tu cuenta puedes ver tus pedidos recientes, gestionar tus direcciones de env\u00edo y facturaci\u00f3n y editar tu contrase\u00f1a y los detalles de tu cuenta.","_seopress_robots_index":"","footnotes":""},"class_list":["post-76044","page","type-page","status-publish","hentry","wpbf-post"],"_links":{"self":[{"href":"https:\/\/murena.com\/america\/es\/wp-json\/wp\/v2\/pages\/76044","targetHints":{"allow":["GET"]}}],"collection":[{"href":"https:\/\/murena.com\/america\/es\/wp-json\/wp\/v2\/pages"}],"about":[{"href":"https:\/\/murena.com\/america\/es\/wp-json\/wp\/v2\/types\/page"}],"author":[{"embeddable":true,"href":"https:\/\/murena.com\/america\/es\/wp-json\/wp\/v2\/users\/1"}],"replies":[{"embeddable":true,"href":"https:\/\/murena.com\/america\/es\/wp-json\/wp\/v2\/comments?post=76044"}],"version-history":[{"count":4,"href":"https:\/\/murena.com\/america\/es\/wp-json\/wp\/v2\/pages\/76044\/revisions"}],"predecessor-version":[{"id":500101,"href":"https:\/\/murena.com\/america\/es\/wp-json\/wp\/v2\/pages\/76044\/revisions\/500101"}],"wp:attachment":[{"href":"https:\/\/murena.com\/america\/es\/wp-json\/wp\/v2\/media?parent=76044"}],"curies":[{"name":"wp","href":"https:\/\/api.w.org\/{rel}","templated":true}]}}