{"id":509109,"date":"2025-09-01T08:23:33","date_gmt":"2025-09-01T12:23:33","guid":{"rendered":"https:\/\/murena.com\/america\/ninos\/"},"modified":"2025-09-02T02:21:03","modified_gmt":"2025-09-02T06:21:03","slug":"ninos","status":"publish","type":"page","link":"https:\/\/murena.com\/america\/es\/ninos\/","title":{"rendered":"Ni\u00f1os"},"content":{"rendered":"\n<div class=\"wp-block-columns alignwide is-layout-flex wp-container-core-columns-is-layout-390ed6e7 wp-block-columns-is-layout-flex\" style=\"margin-top:-40px\">\n<div class=\"wp-block-column is-layout-flow wp-block-column-is-layout-flow\" style=\"flex-basis:100%\">\n<div class=\"wp-block-columns is-layout-flex wp-container-core-columns-is-layout-28f84493 wp-block-columns-is-layout-flex\">\n<div class=\"wp-block-column is-layout-flow wp-block-column-is-layout-flow\" style=\"flex-basis:100%\">\n<div class=\"wp-block-columns is-layout-flex wp-container-core-columns-is-layout-28f84493 wp-block-columns-is-layout-flex\">\n<div class=\"wp-block-column is-layout-flow wp-block-column-is-layout-flow\" style=\"flex-basis:100%\">\n<div class=\"wp-block-cover alignfull kids-background has-white-color has-text-color has-link-color wp-elements-e4a670d1d65ddf0f4c0cda58842ceeac\" style=\"margin-top:0px;margin-bottom:0px;padding-top:0px;padding-right:0;padding-bottom:0px;padding-left:0\"><span aria-hidden=\"true\" class=\"wp-block-cover__background has-background-dim-100 has-background-dim wp-block-cover__gradient-background has-background-gradient\" style=\"background:linear-gradient(90deg,rgba(7,146,227,0) 0%,rgba(255,255,255,0) 66%,rgb(235,50,144) 74%,rgb(235,50,144) 100%)\"><\/span><img decoding=\"async\" class=\"wp-block-cover__image-background wp-image-129856\" alt=\"\" src=\"https:\/\/murena.com\/wp-content\/uploads\/2025\/08\/GIRL-IMG-Left-Aligned-new.jpg\" data-object-fit=\"cover\"\/><div class=\"wp-block-cover__inner-container is-layout-flow wp-container-core-cover-is-layout-da74679a wp-block-cover-is-layout-flow\">\n<div class=\"wp-block-columns is-not-stacked-on-mobile is-layout-flex wp-container-core-columns-is-layout-28f84493 wp-block-columns-is-layout-flex\">\n<div class=\"wp-block-column is-vertically-aligned-center is-layout-flow wp-block-column-is-layout-flow\"><\/div>\n\n\n\n<div class=\"wp-block-column is-vertically-aligned-center murena-header-text-kids has-background is-layout-flow wp-container-core-column-is-layout-a77db08e wp-block-column-is-layout-flow\" style=\"background-color:#eb3290\">\n<h1 class=\"wp-block-heading has-text-align-right has-white-color has-text-color has-link-color wp-elements-29cbdd265c54fa24851b02d30749973b\" style=\"margin-top:0;margin-right:0;margin-bottom:0;margin-left:0;padding-top:var(--wp--preset--spacing--30);padding-right:var(--wp--preset--spacing--30);padding-bottom:var(--wp--preset--spacing--30);padding-left:var(--wp--preset--spacing--30);font-size:50px\">Murena Ni\u00f1os:<\/h1>\n\n\n\n<p class=\"has-text-align-right\" style=\"margin-right:0;padding-top:var(--wp--preset--spacing--30);padding-right:var(--wp--preset--spacing--30);padding-bottom:var(--wp--preset--spacing--30);padding-left:var(--wp--preset--spacing--80);font-size:28px;line-height:1.7\">Crear un espacio digital seguro para su familia<\/p>\n<\/div>\n<\/div>\n<\/div><\/div>\n<\/div>\n<\/div>\n<\/div>\n<\/div>\n<\/div>\n<\/div>\n\n<div style=\"height:50px\" aria-hidden=\"true\" class=\"wp-block-spacer\"><\/div>\n\n<div class=\"wp-block-columns are-vertically-aligned-center family-block is-layout-flex wp-container-core-columns-is-layout-cf05694f wp-block-columns-is-layout-flex\">\n<div class=\"wp-block-column is-vertically-aligned-center family-block-text is-layout-flow wp-block-column-is-layout-flow\" style=\"padding-right:0\">\n<h2 class=\"wp-block-heading\">La crianza inteligente empieza con Murena<\/h2>\n\n\n\n<p>Somos conscientes de la importancia de garantizar un entorno digital seguro y equilibrado para sus hijos. Por eso nuestros dispositivos Murena, con \/e\/OS, est\u00e1n equipados con el Control Parental Paco, una potente herramienta dise\u00f1ada para proteger a tus hijos de contenidos inapropiados y ayudarles a desarrollar h\u00e1bitos saludables en Internet. <\/p>\n\n\n\n<div class=\"wp-block-buttons is-content-justification-center is-layout-flex wp-container-core-buttons-is-layout-a89b3969 wp-block-buttons-is-layout-flex\">\n<div class=\"wp-block-button has-custom-width wp-block-button__width-100\"><a class=\"wp-block-button__link wp-element-button\" href=\"\/es\/shop\/\"><strong>Compre un dispositivo Murena para su hijo<\/strong><\/a><\/div>\n<\/div>\n<\/div>\n\n\n\n<div class=\"wp-block-column is-vertically-aligned-center family-block-img is-layout-flow wp-block-column-is-layout-flow\">\n<figure class=\"wp-block-image size-full\"><img decoding=\"async\" src=\"https:\/\/murena.com\/wp-content\/uploads\/2025\/08\/Family.png\" alt=\"\" class=\"wp-image-129875\"\/><\/figure>\n<\/div>\n<\/div>\n\n<div style=\"height:100px\" aria-hidden=\"true\" class=\"wp-block-spacer\"><\/div>\n\n<h2 class=\"wp-block-heading has-text-align-center\"><mark style=\"background-color:rgba(0, 0, 0, 0);color:#2a2e57\" class=\"has-inline-color\">\u00bfQu\u00e9 es<\/mark> <mark style=\"background-color:rgba(0, 0, 0, 0);color:#ff7303\" class=\"has-inline-color\">Paco<\/mark>?<\/h2>\n\n<div class=\"wp-block-columns is-layout-flex wp-container-core-columns-is-layout-28f84493 wp-block-columns-is-layout-flex\">\n<div class=\"wp-block-column is-layout-flow wp-block-column-is-layout-flow\"><\/div>\n\n\n\n<div class=\"wp-block-column is-content-justification-center is-layout-constrained wp-block-column-is-layout-constrained\">\n<hr\/>\n<\/div>\n\n\n\n<div class=\"wp-block-column is-layout-flow wp-block-column-is-layout-flow\"><\/div>\n<\/div>\n\n<div class=\"wp-block-columns alignwide mascot has-background is-layout-flex wp-container-core-columns-is-layout-28f84493 wp-block-columns-is-layout-flex\" style=\"background:linear-gradient(0deg,rgb(231,248,248) 0%,rgba(255,255,255,0) 61%)\">\n<div class=\"wp-block-column is-layout-flow wp-block-column-is-layout-flow\">\n<figure class=\"wp-block-image aligncenter size-full\"><img decoding=\"async\" src=\"https:\/\/murena.com\/wp-content\/uploads\/2025\/08\/Mascot-1.png\" alt=\"\" class=\"wp-image-129879\"\/><\/figure>\n<\/div>\n<\/div>\n\n<div class=\"wp-block-group alignwide has-background is-layout-constrained wp-container-core-group-is-layout-36abf0de wp-block-group-is-layout-constrained\" style=\"border-top-left-radius:0px;border-top-right-radius:0px;border-bottom-left-radius:50px;border-bottom-right-radius:50px;background-color:#e7f8f8;margin-top:-40px;margin-bottom:0px;padding-top:var(--wp--preset--spacing--80);padding-right:var(--wp--preset--spacing--50);padding-bottom:var(--wp--preset--spacing--80);padding-left:var(--wp--preset--spacing--50)\">\n<div class=\"wp-block-columns is-layout-flex wp-container-core-columns-is-layout-28f84493 wp-block-columns-is-layout-flex\">\n<div class=\"wp-block-column is-layout-flow wp-block-column-is-layout-flow\" style=\"flex-basis:25%\"><\/div>\n\n\n\n<div class=\"wp-block-column is-layout-flow wp-block-column-is-layout-flow\" style=\"flex-basis:60%\">\n<p>Paco es una soluci\u00f3n de <strong>Control Parental<\/strong> en \/e\/OS que te ayuda a crear una experiencia de smartphone segura y familiar adaptada a la edad y necesidades de tus hijos. Con funciones como restricciones de aplicaciones, l\u00edmites de tiempo de pantalla y la nueva opci\u00f3n <strong>Buscar mi dispositivo<\/strong>, que te permite localizar el tel\u00e9fono de tu hijo de forma remota enviando un c\u00f3digo SMS secreto y recibiendo sus coordenadas GPS, Paco te da tranquilidad, incluso cuando no est\u00e1s cerca. <\/p>\n\n\n\n<div class=\"wp-block-buttons is-content-justification-center is-layout-flex wp-container-core-buttons-is-layout-a89b3969 wp-block-buttons-is-layout-flex\">\n<div class=\"wp-block-button has-custom-width wp-block-button__width-100\"><a class=\"wp-block-button__link wp-element-button\" href=\"\/es\/shop\/\"><strong><strong><strong>Compre un dispositivo Murena para su hijo<\/strong><\/strong><\/strong><\/a><\/div>\n<\/div>\n<\/div>\n\n\n\n<div class=\"wp-block-column is-layout-flow wp-block-column-is-layout-flow\" style=\"flex-basis:25%\"><\/div>\n<\/div>\n\n\n\n<div style=\"height:30px\" aria-hidden=\"true\" class=\"wp-block-spacer\"><\/div>\n\n\n\n<h2 class=\"wp-block-heading has-text-align-center has-text-color has-link-color wp-elements-111a16b6f3bac5f111a45e6265cc735e\" style=\"color:#2a2e57\">As\u00ed es como Paco ayuda a los padres:<\/h2>\n\n\n\n<div style=\"height:30px\" aria-hidden=\"true\" class=\"wp-block-spacer\"><\/div>\n<\/div>\n\n<div class=\"wp-block-columns section-z-index is-layout-flex wp-container-core-columns-is-layout-bdadb24c wp-block-columns-is-layout-flex\" style=\"margin-top:-90px\">\n<div class=\"wp-block-column is-layout-flow wp-container-core-column-is-layout-0d51d878 wp-block-column-is-layout-flow\" style=\"padding-right:0;padding-bottom:var(--wp--preset--spacing--50);padding-left:0\">\n<figure class=\"wp-block-image aligncenter size-full\"><img decoding=\"async\" src=\"https:\/\/murena.com\/wp-content\/uploads\/2025\/08\/hand-no.png\" alt=\"\" class=\"wp-image-129883\"\/><\/figure>\n\n\n\n<h3 class=\"wp-block-heading has-text-align-center\" style=\"line-height:1.6\">Restricciones de aplicaciones y sitios web<\/h3>\n\n\n\n<p class=\"has-text-align-center\">Dependiendo de la edad de su hijo, restrinja el acceso a aplicaciones y sitios web que puedan contener contenidos inapropiados. T\u00fa controlas lo que tus hijos ven y con lo que interact\u00faan en Internet. <\/p>\n<\/div>\n\n\n\n<div class=\"wp-block-column is-layout-flow wp-container-core-column-is-layout-0d51d878 wp-block-column-is-layout-flow\" style=\"padding-right:0;padding-bottom:var(--wp--preset--spacing--50);padding-left:0\">\n<figure class=\"wp-block-image aligncenter size-full\"><img decoding=\"async\" src=\"https:\/\/murena.com\/wp-content\/uploads\/2025\/08\/doll-mobile.png\" alt=\"\" class=\"wp-image-129893\"\/><\/figure>\n\n\n\n<h3 class=\"wp-block-heading has-text-align-center\" style=\"line-height:1.6\">Privacidad ante todo<\/h3>\n\n\n\n<p class=\"has-text-align-center\">Nos centramos en proteger la privacidad de tus hijos en Internet. Nuestros controles parentales te permiten guiar su comportamiento en l\u00ednea sin comprometer sus datos personales gracias a un sistema operativo m\u00f3vil de c\u00f3digo abierto a favor de la privacidad <strong><span style=\"white-space:nowrap;\">\/e\/OS<\/span><\/strong>. <\/p>\n<\/div>\n\n\n\n<div class=\"wp-block-column is-layout-flow wp-container-core-column-is-layout-0d51d878 wp-block-column-is-layout-flow\" style=\"padding-right:0;padding-bottom:var(--wp--preset--spacing--50);padding-left:0\">\n<figure class=\"wp-block-image aligncenter size-full\"><img decoding=\"async\" src=\"https:\/\/murena.com\/wp-content\/uploads\/2025\/08\/number-blocks.png\" alt=\"\" class=\"wp-image-129899\"\/><\/figure>\n\n\n\n<h3 class=\"wp-block-heading has-text-align-center\" style=\"line-height:1.6\">Educaci\u00f3n y crecimiento<\/h3>\n\n\n\n<p class=\"has-text-align-center\">Paco ayuda a tu hijo a centrarse en el aprendizaje y las actividades creativas, al tiempo que garantiza una relaci\u00f3n equilibrada con la tecnolog\u00eda.<\/p>\n<\/div>\n<\/div>\n\n<div style=\"height:50px\" aria-hidden=\"true\" class=\"wp-block-spacer\"><\/div>\n\n<div class=\"wp-block-columns is-layout-flex wp-container-core-columns-is-layout-28f84493 wp-block-columns-is-layout-flex\">\n<div class=\"wp-block-column is-layout-flow wp-block-column-is-layout-flow\" style=\"flex-basis:25%\"><\/div>\n\n\n\n<div class=\"wp-block-column has-regular-font-size is-layout-flow wp-block-column-is-layout-flow\" style=\"flex-basis:800px\">\n<pre class=\"wp-block-verse has-text-align-center has-background\" style=\"border-radius:50px;background-color:#d5f9d2\">M\u00e1s informaci\u00f3n sobre Paco y su funcionamiento en la documentaci\u00f3n de \/e\/OS <a href=\"https:\/\/doc.e.foundation\/support-topics\/parental-control\" target=\"_blank\" rel=\"noreferrer noopener\">pulse aqu\u00ed<\/a>.<\/pre>\n<\/div>\n\n\n\n<div class=\"wp-block-column is-layout-flow wp-block-column-is-layout-flow\" style=\"flex-basis:25%\"><\/div>\n<\/div>\n\n<div style=\"height:100px\" aria-hidden=\"true\" class=\"wp-block-spacer\"><\/div>\n\n<div class=\"wp-block-columns are-vertically-aligned-center is-layout-flex wp-container-core-columns-is-layout-cf05694f wp-block-columns-is-layout-flex\">\n<div class=\"wp-block-column is-vertically-aligned-center is-layout-flow wp-block-column-is-layout-flow\">\n<figure class=\"wp-block-image size-full\"><img decoding=\"async\" src=\"https:\/\/murena.com\/wp-content\/uploads\/2025\/08\/Girl.png\" alt=\"\" class=\"wp-image-129908\"\/><\/figure>\n<\/div>\n\n\n\n<div class=\"wp-block-column is-vertically-aligned-center is-layout-flow wp-block-column-is-layout-flow\" style=\"padding-right:var(--wp--preset--spacing--50);padding-left:var(--wp--preset--spacing--50)\">\n<h2 class=\"wp-block-heading\">Ayude a su hijo a crear h\u00e1bitos digitales saludables<\/h2>\n\n\n\n<p>Utilizando los smartphones Murena y las funciones de control parental de \/e\/OS, puedes crear un espacio digital m\u00e1s seguro y productivo para tus hijos, fomentando un uso responsable y protegiendo su privacidad.<\/p>\n<\/div>\n<\/div>\n\n<div style=\"height:50px\" aria-hidden=\"true\" class=\"wp-block-spacer\"><\/div>\n\n<div class=\"wp-block-columns alignfull are-vertically-aligned-center has-background is-layout-flex wp-container-core-columns-is-layout-e43ebfff wp-block-columns-is-layout-flex\" style=\"background:linear-gradient(180deg,rgb(254,254,254) 0%,rgb(235,255,181) 100%);margin-bottom:-40px\">\n<div class=\"wp-block-column is-vertically-aligned-center kids-bottom is-layout-constrained wp-container-core-column-is-layout-fc57a9dc wp-block-column-is-layout-constrained\" style=\"padding-bottom:var(--wp--preset--spacing--70)\">\n<div class=\"wp-block-columns are-vertically-aligned-center is-layout-flex wp-container-core-columns-is-layout-5a66c75b wp-block-columns-is-layout-flex\" style=\"padding-right:0;padding-left:0\">\n<div class=\"wp-block-column is-vertically-aligned-center kids-bottom-txt is-layout-flow wp-block-column-is-layout-flow\" style=\"padding-right:0;padding-left:0\">\n<h2 class=\"wp-block-heading\">\u00a1Consigue hoy mismo un smartphone Murena para tu hijo! \ud83d\ude80<\/h2>\n\n\n\n<p>Mantenga a salvo los h\u00e1bitos en l\u00ednea de sus hijos con las funciones de control parental de Murena.<\/p>\n\n\n\n<div class=\"wp-block-buttons is-content-justification-left is-layout-flex wp-container-core-buttons-is-layout-fc4fd283 wp-block-buttons-is-layout-flex\">\n<div class=\"wp-block-button has-custom-width wp-block-button__width-100\"><a class=\"wp-block-button__link wp-element-button\" href=\"\/es\/shop\/\"><strong><strong><strong>Compre un dispositivo Murena para su hijo<\/strong><\/strong><\/strong><\/a><\/div>\n<\/div>\n<\/div>\n\n\n\n<div class=\"wp-block-column is-vertically-aligned-center kids-bottom-img is-layout-flow wp-block-column-is-layout-flow\">\n<figure class=\"wp-block-image size-full\"><img decoding=\"async\" src=\"https:\/\/murena.com\/wp-content\/uploads\/2025\/08\/Mascot-3.png\" alt=\"\" class=\"wp-image-129916\"\/><\/figure>\n<\/div>\n<\/div>\n<\/div>\n<\/div>\n","protected":false},"excerpt":{"rendered":"<p>La crianza inteligente empieza con Murena Somos conscientes de la importancia de garantizar un entorno&#8230;<\/p>\n","protected":false},"author":7,"featured_media":0,"parent":0,"menu_order":0,"comment_status":"closed","ping_status":"closed","template":"","meta":{"_seopress_robots_primary_cat":"","_seopress_titles_title":"","_seopress_titles_desc":"","_seopress_robots_index":"","footnotes":""},"class_list":["post-509109","page","type-page","status-publish","hentry","wpbf-post"],"_links":{"self":[{"href":"https:\/\/murena.com\/america\/es\/wp-json\/wp\/v2\/pages\/509109","targetHints":{"allow":["GET"]}}],"collection":[{"href":"https:\/\/murena.com\/america\/es\/wp-json\/wp\/v2\/pages"}],"about":[{"href":"https:\/\/murena.com\/america\/es\/wp-json\/wp\/v2\/types\/page"}],"author":[{"embeddable":true,"href":"https:\/\/murena.com\/america\/es\/wp-json\/wp\/v2\/users\/7"}],"replies":[{"embeddable":true,"href":"https:\/\/murena.com\/america\/es\/wp-json\/wp\/v2\/comments?post=509109"}],"version-history":[{"count":3,"href":"https:\/\/murena.com\/america\/es\/wp-json\/wp\/v2\/pages\/509109\/revisions"}],"predecessor-version":[{"id":509116,"href":"https:\/\/murena.com\/america\/es\/wp-json\/wp\/v2\/pages\/509109\/revisions\/509116"}],"wp:attachment":[{"href":"https:\/\/murena.com\/america\/es\/wp-json\/wp\/v2\/media?parent=509109"}],"curies":[{"name":"wp","href":"https:\/\/api.w.org\/{rel}","templated":true}]}}