{"id":502659,"date":"2023-08-28T07:38:28","date_gmt":"2023-08-28T11:38:28","guid":{"rendered":"https:\/\/murena.com\/america\/socios-murena\/"},"modified":"2023-08-28T07:38:28","modified_gmt":"2023-08-28T11:38:28","slug":"socios-murena","status":"publish","type":"page","link":"https:\/\/murena.com\/america\/es\/socios-murena\/","title":{"rendered":"Socios Murena"},"content":{"rendered":"","protected":false},"excerpt":{"rendered":"","protected":false},"author":7,"featured_media":0,"parent":0,"menu_order":0,"comment_status":"closed","ping_status":"closed","template":"affiliate-landing-page.php","meta":{"_seopress_robots_primary_cat":"","_seopress_titles_title":"\u00a1Convi\u00e9rtase en socio de Murena!","_seopress_titles_desc":"Nuestra misi\u00f3n es dar a la gente libertad de elecci\u00f3n. Convi\u00e9rtete en socio y gana comisiones promocionando Murena y ayudando a la gente a recuperar el control sobre sus datos.","_seopress_robots_index":"","footnotes":""},"class_list":["post-502659","page","type-page","status-publish","hentry","wpbf-post"],"_links":{"self":[{"href":"https:\/\/murena.com\/america\/es\/wp-json\/wp\/v2\/pages\/502659","targetHints":{"allow":["GET"]}}],"collection":[{"href":"https:\/\/murena.com\/america\/es\/wp-json\/wp\/v2\/pages"}],"about":[{"href":"https:\/\/murena.com\/america\/es\/wp-json\/wp\/v2\/types\/page"}],"author":[{"embeddable":true,"href":"https:\/\/murena.com\/america\/es\/wp-json\/wp\/v2\/users\/7"}],"replies":[{"embeddable":true,"href":"https:\/\/murena.com\/america\/es\/wp-json\/wp\/v2\/comments?post=502659"}],"version-history":[{"count":0,"href":"https:\/\/murena.com\/america\/es\/wp-json\/wp\/v2\/pages\/502659\/revisions"}],"wp:attachment":[{"href":"https:\/\/murena.com\/america\/es\/wp-json\/wp\/v2\/media?parent=502659"}],"curies":[{"name":"wp","href":"https:\/\/api.w.org\/{rel}","templated":true}]}}